{"id":17456,"date":"2018-11-29T12:50:36","date_gmt":"2018-11-29T11:50:36","guid":{"rendered":"https:\/\/www.creaearredanegozi.it\/?post_type=product&#038;p=17456"},"modified":"2024-01-22T12:51:29","modified_gmt":"2024-01-22T11:51:29","slug":"meat-grinder-aluminum-grater-370w-meat-inlet-mouth-52mm-stainless-steel-roller-ab8d-fimar","status":"publish","type":"product","link":"https:\/\/www.creaearredanegozi.it\/en\/meat-grinder-aluminum-grater-370w-meat-inlet-mouth-52mm-stainless-steel-roller-ab8d-fimar\/","title":{"rendered":"Meat Mincer Grater Aluminum 370W Meat Inlet Mouth 52mm Stainless Steel Roller AB8D Fimar"},"content":{"rendered":"<p><strong>Meat Mincer Grater aluminum 370 W meat mouth \u00f8 52 mm stainless steel roller Fimar AB8D:<\/strong><\/p>\n<ul>\n<li>Polished aluminum frame with stainless steel hopper.<\/li>\n<li>Aluminum grinding unit.<\/li>\n<li>Meat inlet port \u00f8 52 mm.<\/li>\n<li>Included enterprise system with stainless plate (\u00f8 6 mm holes) and self-sharpening stainless knife.<\/li>\n<li>The grater part features: polished aluminum mouth 105x65mm - stainless steel roller - lower protection grid - grater presser lever microswitch.<\/li>\n<li>A standards <strong>CE<\/strong>.<\/li>\n<li>Single-phase (230 V).<\/li>\n<\/ul>\n<p><strong>Optional:<\/strong><\/p>\n<ul>\n<li>Funnels for bagging \u00f8 15 mm \/ 20mm.<\/li>\n<\/ul>\n<p>&nbsp;<\/p>\n<p><strong>Technical data:<\/strong><\/p>\n<table class=\"table table-striped\">\n<tbody>\n<tr>\n<td>\n<p class=\"dati_tecnici_label_1\"><strong>Model<\/strong><\/p>\n<\/td>\n<td><b>AB8D<\/b><\/td>\n<\/tr>\n<tr>\n<td><strong>Power<\/strong><\/td>\n<td align=\"left\">0.37 kW (0.5 HP)<\/td>\n<\/tr>\n<tr>\n<td><strong>Power supply<\/strong><\/td>\n<td align=\"left\">230V\/1N\/50Hz<\/td>\n<\/tr>\n<tr>\n<td><strong>Dimensions<\/strong><\/td>\n<td align=\"left\">430 x 270 x 360\u00f7420(h) mm<\/td>\n<\/tr>\n<tr>\n<td><b>Net Weight<\/b><\/td>\n<td align=\"left\">11 Kg<\/td>\n<\/tr>\n<tr>\n<td><strong>Gross Weight<\/strong><\/td>\n<td align=\"left\">12 Kg<\/td>\n<\/tr>\n<tr>\n<td><strong>Packaging Dimensions<\/strong><\/td>\n<td align=\"left\">390x310x370h (mm)<\/td>\n<\/tr>\n<tr>\n<td><strong>Packaging Volume<\/strong><\/td>\n<td align=\"left\">0,045 m\u00b3<\/td>\n<\/tr>\n<tr>\n<td><strong>Hourly production Meat grinder<\/strong><\/td>\n<td align=\"left\">20\u00f750 Kg\/h<\/td>\n<\/tr>\n<tr>\n<td><strong>Hourly Production Grater<\/strong><\/td>\n<td align=\"left\">20 kg\/h<\/td>\n<\/tr>\n<tr>\n<td><strong>Grater mouth size<\/strong><\/td>\n<td align=\"left\">105\u00d765 (mm)<\/td>\n<\/tr>\n<\/tbody>\n<\/table>","protected":false},"excerpt":{"rendered":"<p>Tritacarne Grattugia alluminio 370 W bocca carne \u00f8 52 mm rullo inox Fimar AB8D: Struttura in alluminio lucidato con tramoggia in acciaio inox. Gruppo macinazione in alluminio. Bocca ingresso carne \u00f8 52 mm. In dotazione sistema enterprise con piastra inox (fori \u00f8 6 mm) e coltello inox autoaffilante. La parte della grattugia \u00e8 caratterizzata da: [&#8230;]","protected":false},"featured_media":121258,"comment_status":"closed","ping_status":"closed","template":"","meta":{"_monsterinsights_skip_tracking":false,"_monsterinsights_sitenote_active":false,"_monsterinsights_sitenote_note":"","_monsterinsights_sitenote_category":0},"product_brand":[628],"product_cat":[49,56,682,683,655,26,25],"product_tag":[],"class_list":{"0":"post-17456","1":"product","2":"type-product","3":"status-publish","4":"has-post-thumbnail","6":"product_brand-fimar","7":"product_cat-tritacarne","8":"product_cat-grattugie","9":"product_cat-grattugie-lavorazione","10":"product_cat-grattugie-attrezzature-ristoranti-pub-cucine","11":"product_cat-lavorazione","12":"product_cat-macelleria-e-gastronomia","13":"product_cat-attrezzature-ristoranti-pub-cucine","14":"product_shipping_class-f","15":"pa_marca-fimar","17":"first","18":"instock","19":"taxable","20":"shipping-taxable","21":"purchasable","22":"product-type-simple"},"_links":{"self":[{"href":"https:\/\/www.creaearredanegozi.it\/en\/wp-json\/wp\/v2\/product\/17456","targetHints":{"allow":["GET"]}}],"collection":[{"href":"https:\/\/www.creaearredanegozi.it\/en\/wp-json\/wp\/v2\/product"}],"about":[{"href":"https:\/\/www.creaearredanegozi.it\/en\/wp-json\/wp\/v2\/types\/product"}],"replies":[{"embeddable":true,"href":"https:\/\/www.creaearredanegozi.it\/en\/wp-json\/wp\/v2\/comments?post=17456"}],"wp:featuredmedia":[{"embeddable":true,"href":"https:\/\/www.creaearredanegozi.it\/en\/wp-json\/wp\/v2\/media\/121258"}],"wp:attachment":[{"href":"https:\/\/www.creaearredanegozi.it\/en\/wp-json\/wp\/v2\/media?parent=17456"}],"wp:term":[{"taxonomy":"product_brand","embeddable":true,"href":"https:\/\/www.creaearredanegozi.it\/en\/wp-json\/wp\/v2\/product_brand?post=17456"},{"taxonomy":"product_cat","embeddable":true,"href":"https:\/\/www.creaearredanegozi.it\/en\/wp-json\/wp\/v2\/product_cat?post=17456"},{"taxonomy":"product_tag","embeddable":true,"href":"https:\/\/www.creaearredanegozi.it\/en\/wp-json\/wp\/v2\/product_tag?post=17456"}],"curies":[{"name":"wp","href":"https:\/\/api.w.org\/{rel}","templated":true}]}}