{"id":17655,"date":"2018-12-06T11:50:04","date_gmt":"2018-12-06T10:50:04","guid":{"rendered":"https:\/\/www.creaearredanegozi.it\/?post_type=product&#038;p=17655"},"modified":"2023-11-24T09:51:05","modified_gmt":"2023-11-24T08:51:05","slug":"professional-salumi-gravity-slicer-blade-or-25cm-block-plate-sail-h250n-fimar","status":"publish","type":"product","link":"https:\/\/www.creaearredanegozi.it\/en\/professional-salumi-gravity-slicer-blade-or-25cm-block-plate-sail-h250n-fimar\/","title":{"rendered":"Professional Salumi Slicer Gravity Blade \u00d8 25cm Block Plate Vela H250N Fimar"},"content":{"rendered":"<p><strong>Gravity deli meat slicer blade \u00d8 25 cm Fimar H250N<\/strong><\/p>\n<p>Machine for slicing cold cuts, cheese, meat, etc.<\/p>\n<ul>\n<li>Blade \u00d8 25 cm-cutting length 22 cm.<\/li>\n<li>Light anodized aluminum alloy structure.<\/li>\n<li><strong>Flat sail block<\/strong><\/li>\n<li>Fixed blade protection ring.<\/li>\n<li>Cut thickness from 0 to 15 mm<\/li>\n<li>Removable blade guard.<\/li>\n<li>Sail adjustment knob with graduated scale.<\/li>\n<li>Fixed sharpener with pair of grinders for blade sharpening.<\/li>\n<li>A standards <strong>EC.<\/strong><\/li>\n<\/ul>\n<p><strong>Technical data:<\/strong><\/p>\n<table class=\"table table-striped\">\n<tbody>\n<tr>\n<td>\n<p class=\"dati_tecnici_label_1\"><strong>Model<\/strong><\/p>\n<\/td>\n<td><strong> H250N<\/strong><\/td>\n<\/tr>\n<tr>\n<td><b>Power<\/b><\/td>\n<td align=\"left\">0.23 kW (0.3 HP)<\/td>\n<\/tr>\n<tr>\n<td><strong>Power supply<\/strong><\/td>\n<td align=\"left\">230V\/1N\/50Hz<\/td>\n<\/tr>\n<tr>\n<td><strong>Dimensions<\/strong><\/td>\n<td align=\"left\">620x425x370h mm<\/td>\n<\/tr>\n<tr>\n<td><b>Net Weight<\/b><\/td>\n<td align=\"left\">17 kg<\/td>\n<\/tr>\n<tr>\n<td><strong>Gross Weight<\/strong><\/td>\n<td align=\"left\">19 kg<\/td>\n<\/tr>\n<tr>\n<td><strong>Packaging Dimensions<\/strong><\/td>\n<td align=\"left\">540x460x450h (mm)<\/td>\n<\/tr>\n<tr>\n<td><b>Packaging Volume<\/b><\/td>\n<td align=\"left\">0,112 m\u00b3<\/td>\n<\/tr>\n<tr>\n<td><strong>Useful Cut<\/strong><\/td>\n<td align=\"left\">220x190h (mm)<\/td>\n<\/tr>\n<tr>\n<td><strong>\u00d8 BLADE<\/strong><\/td>\n<td align=\"left\">250 mm<\/td>\n<\/tr>\n<tr>\n<td><strong>Thickness Cut<\/strong><\/td>\n<td align=\"left\">0\u00f715 mm<\/td>\n<\/tr>\n<tr>\n<td><strong>Table top dimensions<\/strong><\/td>\n<td align=\"left\">450\u00d7300 mm<\/td>\n<\/tr>\n<\/tbody>\n<\/table>","protected":false},"excerpt":{"rendered":"<p>Affettatrice a gravit\u00e0 salumi lama \u00d8 25 cm Fimar H250N Macchina per affettare salumi, formaggi, carni, ecc. Lama \u00d8 25 cm &#8211; lunghezza taglio 22 cm. Struttura in lega leggera di alluminio anodizzato. Blocco piatto vela Anello fisso protezione lama. Spessore taglio da 0 a 15 mm Paralama estraibile. Pomello regolazione vela con scala graduata. [&#8230;]","protected":false},"featured_media":121640,"comment_status":"closed","ping_status":"closed","template":"","meta":{"_monsterinsights_skip_tracking":false,"_monsterinsights_sitenote_active":false,"_monsterinsights_sitenote_note":"","_monsterinsights_sitenote_category":0},"product_brand":[628],"product_cat":[678,51,677,26],"product_tag":[],"class_list":{"0":"post-17655","1":"product","2":"type-product","3":"status-publish","4":"has-post-thumbnail","6":"product_brand-fimar","7":"product_cat-affettatrici-salumi","8":"product_cat-affettatrici","9":"product_cat-affettatrici-professionali","10":"product_cat-macelleria-e-gastronomia","11":"product_shipping_class-f","12":"pa_diametro-lama-250-mm","13":"pa_marca-fimar","14":"pa_tipo-piatto-salumi","15":"pa_versione-elettrica","17":"first","18":"instock","19":"taxable","20":"shipping-taxable","21":"purchasable","22":"product-type-simple"},"_links":{"self":[{"href":"https:\/\/www.creaearredanegozi.it\/en\/wp-json\/wp\/v2\/product\/17655","targetHints":{"allow":["GET"]}}],"collection":[{"href":"https:\/\/www.creaearredanegozi.it\/en\/wp-json\/wp\/v2\/product"}],"about":[{"href":"https:\/\/www.creaearredanegozi.it\/en\/wp-json\/wp\/v2\/types\/product"}],"replies":[{"embeddable":true,"href":"https:\/\/www.creaearredanegozi.it\/en\/wp-json\/wp\/v2\/comments?post=17655"}],"wp:featuredmedia":[{"embeddable":true,"href":"https:\/\/www.creaearredanegozi.it\/en\/wp-json\/wp\/v2\/media\/121640"}],"wp:attachment":[{"href":"https:\/\/www.creaearredanegozi.it\/en\/wp-json\/wp\/v2\/media?parent=17655"}],"wp:term":[{"taxonomy":"product_brand","embeddable":true,"href":"https:\/\/www.creaearredanegozi.it\/en\/wp-json\/wp\/v2\/product_brand?post=17655"},{"taxonomy":"product_cat","embeddable":true,"href":"https:\/\/www.creaearredanegozi.it\/en\/wp-json\/wp\/v2\/product_cat?post=17655"},{"taxonomy":"product_tag","embeddable":true,"href":"https:\/\/www.creaearredanegozi.it\/en\/wp-json\/wp\/v2\/product_tag?post=17655"}],"curies":[{"name":"wp","href":"https:\/\/api.w.org\/{rel}","templated":true}]}}