{"id":17659,"date":"2018-12-06T12:07:00","date_gmt":"2018-12-06T11:07:00","guid":{"rendered":"https:\/\/www.creaearredanegozi.it\/?post_type=product&#038;p=17659"},"modified":"2023-11-24T09:51:27","modified_gmt":"2023-11-24T08:51:27","slug":"affettatrice-a-gravita-salumi-lama-o-275-cm-fimar-h-275","status":"publish","type":"product","link":"https:\/\/www.creaearredanegozi.it\/en\/affettatrice-a-gravita-salumi-lama-o-275-cm-fimar-h-275\/","title":{"rendered":"Professional Salumi Gravity Slicer Blade \u00d8 27.5cm H275N Fimar"},"content":{"rendered":"<h3>Affettatrice a gravit\u00e0 salumi lama \u00d8 27,5 cm Fimar H275N<\/h3>\n<p>Machine for slicing cold cuts, cheese, meat, etc.<\/p>\n<ul>\n<li>Light anodized aluminum alloy structure.<\/li>\n<li><strong>Flat sail block.<\/strong><\/li>\n<li>Fixed blade protection ring.<\/li>\n<li>Cut thickness from 0 to 15 mm<\/li>\n<li>Removable blade guard.<\/li>\n<li>Sail adjustment knob with graduated scale.<\/li>\n<li>Fixed sharpener with pair of grinders for blade sharpening.<\/li>\n<li>A standards <strong>EC.<\/strong><\/li>\n<\/ul>\n<p><strong>Technical data:<\/strong><\/p>\n<table class=\"table table-striped\">\n<tbody>\n<tr>\n<td>\n<p class=\"dati_tecnici_label_1\"><strong>Model<\/strong><\/p>\n<\/td>\n<td><strong> H275N<\/strong><\/td>\n<\/tr>\n<tr>\n<td><b>Power<\/b><\/td>\n<td align=\"left\">0.23 kW (0.3 HP)<\/td>\n<\/tr>\n<tr>\n<td><strong>Power supply<\/strong><\/td>\n<td align=\"left\">230V\/1N\/50Hz<\/td>\n<\/tr>\n<tr>\n<td><strong>Dimensions<\/strong><\/td>\n<td align=\"left\">620x440x390h mm<\/td>\n<\/tr>\n<tr>\n<td><b>Net Weight<\/b><\/td>\n<td align=\"left\">18 kg<\/td>\n<\/tr>\n<tr>\n<td><strong>Gross Weight<\/strong><\/td>\n<td align=\"left\">20 kg<\/td>\n<\/tr>\n<tr>\n<td><strong>Packaging Dimensions<\/strong><\/td>\n<td align=\"left\">540x460x450h (mm)<\/td>\n<\/tr>\n<tr>\n<td><b>Packaging Volume<\/b><\/td>\n<td align=\"left\">0,112 m\u00b3<\/td>\n<\/tr>\n<tr>\n<td><strong>Useful Cut<\/strong><\/td>\n<td align=\"left\">220x210h (mm)<\/td>\n<\/tr>\n<tr>\n<td><strong>\u00d8 BLADE<\/strong><\/td>\n<td align=\"left\">275 mm<\/td>\n<\/tr>\n<tr>\n<td><strong>Thickness Cut<\/strong><\/td>\n<td align=\"left\">0\u00f715 mm<\/td>\n<\/tr>\n<tr>\n<td><strong>Table top dimensions<\/strong><\/td>\n<td align=\"left\">450\u00d7300 mm<\/td>\n<\/tr>\n<\/tbody>\n<\/table>","protected":false},"excerpt":{"rendered":"<p>Affettatrice a gravit\u00e0 salumi lama \u00d8 27,5 cm Fimar H275N Macchina per affettare salumi, formaggi, carni, ecc. Struttura in lega leggera di alluminio anodizzato. Blocco piatto vela. Anello fisso protezione lama. Spessore taglio da 0 a 15 mm Paralama estraibile. Pomello regolazione vela con scala graduata. Affilatoio fisso con coppia di smerigli per l\u2019affilatura della [&#8230;]","protected":false},"featured_media":121640,"comment_status":"closed","ping_status":"closed","template":"","meta":{"_monsterinsights_skip_tracking":false,"_monsterinsights_sitenote_active":false,"_monsterinsights_sitenote_note":"","_monsterinsights_sitenote_category":0},"product_brand":[628],"product_cat":[678,51,677,26],"product_tag":[],"class_list":{"0":"post-17659","1":"product","2":"type-product","3":"status-publish","4":"has-post-thumbnail","6":"product_brand-fimar","7":"product_cat-affettatrici-salumi","8":"product_cat-affettatrici","9":"product_cat-affettatrici-professionali","10":"product_cat-macelleria-e-gastronomia","11":"product_shipping_class-f","12":"pa_diametro-lama-275-mm","13":"pa_marca-fimar","14":"pa_tipo-piatto-salumi","15":"pa_versione-elettrica","17":"first","18":"instock","19":"taxable","20":"shipping-taxable","21":"purchasable","22":"product-type-simple"},"_links":{"self":[{"href":"https:\/\/www.creaearredanegozi.it\/en\/wp-json\/wp\/v2\/product\/17659","targetHints":{"allow":["GET"]}}],"collection":[{"href":"https:\/\/www.creaearredanegozi.it\/en\/wp-json\/wp\/v2\/product"}],"about":[{"href":"https:\/\/www.creaearredanegozi.it\/en\/wp-json\/wp\/v2\/types\/product"}],"replies":[{"embeddable":true,"href":"https:\/\/www.creaearredanegozi.it\/en\/wp-json\/wp\/v2\/comments?post=17659"}],"wp:featuredmedia":[{"embeddable":true,"href":"https:\/\/www.creaearredanegozi.it\/en\/wp-json\/wp\/v2\/media\/121640"}],"wp:attachment":[{"href":"https:\/\/www.creaearredanegozi.it\/en\/wp-json\/wp\/v2\/media?parent=17659"}],"wp:term":[{"taxonomy":"product_brand","embeddable":true,"href":"https:\/\/www.creaearredanegozi.it\/en\/wp-json\/wp\/v2\/product_brand?post=17659"},{"taxonomy":"product_cat","embeddable":true,"href":"https:\/\/www.creaearredanegozi.it\/en\/wp-json\/wp\/v2\/product_cat?post=17659"},{"taxonomy":"product_tag","embeddable":true,"href":"https:\/\/www.creaearredanegozi.it\/en\/wp-json\/wp\/v2\/product_tag?post=17659"}],"curies":[{"name":"wp","href":"https:\/\/api.w.org\/{rel}","templated":true}]}}