{"id":17675,"date":"2018-12-06T12:47:52","date_gmt":"2018-12-06T11:47:52","guid":{"rendered":"https:\/\/www.creaearredanegozi.it\/?post_type=product&#038;p=17675"},"modified":"2024-11-20T13:39:59","modified_gmt":"2024-11-20T12:39:59","slug":"professional-salumi-gravity-slicer-blade-or-35-cm-block-plate-sail-h350-fimar","status":"publish","type":"product","link":"https:\/\/www.creaearredanegozi.it\/en\/professional-salumi-gravity-slicer-blade-or-35-cm-block-plate-sail-h350-fimar\/","title":{"rendered":"Professional Salumi Gravita' Slicer Blade \u00d8 35 cm Block Plate Vela H350 Fimar"},"content":{"rendered":"<h3>Gravity deli meat slicer blade \u00d8 35 cm Fimar H350<\/h3>\n<p>Machine for slicing cold cuts, cheese, meat, etc.<\/p>\n<ul>\n<li>Blade \u00d8 35 cm-cutting length 31 cm.<\/li>\n<li>Light anodized aluminum alloy structure.<\/li>\n<li><strong>Flat sail block.<\/strong><\/li>\n<li>Fixed blade protection ring.<\/li>\n<li>Cut thickness from 0 to 15 mm<\/li>\n<li>Removable blade guard.<\/li>\n<li>Sail adjustment knob with graduated scale.<\/li>\n<li>Fixed sharpener with pair of grinders for blade sharpening.<\/li>\n<li>Only on request possibility by prior quotation to have 24V motor.<\/li>\n<li>A standards <strong>EC.<\/strong><\/li>\n<\/ul>\n<p><strong>Technical data:<\/strong><\/p>\n<table class=\"table table-striped\">\n<tbody>\n<tr>\n<td>\n<p class=\"dati_tecnici_label_1\"><strong>Model<\/strong><\/p>\n<\/td>\n<td><strong> H350<\/strong><\/td>\n<\/tr>\n<tr>\n<td><b>Power<\/b><\/td>\n<td align=\"left\">0.37 kW (0.5 HP)<\/td>\n<\/tr>\n<tr>\n<td><strong>Power supply<\/strong><\/td>\n<td align=\"left\">230V\/1N\/50Hz (1HP)<\/p>\n<p>400V\/3\/50Hz (3HP)<\/td>\n<\/tr>\n<tr>\n<td><strong>Dimensions<\/strong><\/td>\n<td align=\"left\">890x585x480h mm<\/td>\n<\/tr>\n<tr>\n<td><b>Net Weight<\/b><\/td>\n<td align=\"left\">36 kg<\/td>\n<\/tr>\n<tr>\n<td><strong>Gross Weight<\/strong><\/td>\n<td align=\"left\">52 kg<\/td>\n<\/tr>\n<tr>\n<td><strong>Dimensions <\/strong><strong>Packaging<\/strong><\/td>\n<td align=\"left\">800x730x670h mm<\/td>\n<\/tr>\n<tr>\n<td><b>Packaging Volume<\/b><\/td>\n<td align=\"left\">0,391 m\u00b3<\/td>\n<\/tr>\n<tr>\n<td><strong>Useful Cut<\/strong><\/td>\n<td align=\"left\">310x260h mm<\/td>\n<\/tr>\n<tr>\n<td><strong>\u00d8 BLADE<\/strong><\/td>\n<td align=\"left\">350 mm<\/td>\n<\/tr>\n<tr>\n<td><strong>Thickness Cut<\/strong><\/td>\n<td align=\"left\">0\u00f715 mm<\/td>\n<\/tr>\n<tr>\n<td><strong>Dimensions <\/strong><\/p>\n<p><strong>table top<\/strong><\/td>\n<td align=\"left\">600\u00d7430 mm<\/td>\n<\/tr>\n<\/tbody>\n<\/table>","protected":false},"excerpt":{"rendered":"<p>Affettatrice a gravit\u00e0 salumi lama \u00d8 35 cm Fimar H350 Macchina per affettare salumi, formaggi, carne, ecc. Lama \u00d8 35 cm &#8211; lunghezza taglio 31 cm. Struttura in lega leggera di alluminio anodizzato. Blocco piatto vela. Anello fisso protezione lama. Spessore taglio da 0 a 15 mm Paralama estraibile. Pomello regolazione vela con scala graduata. [&#8230;]","protected":false},"featured_media":121660,"comment_status":"closed","ping_status":"closed","template":"","meta":{"_monsterinsights_skip_tracking":false,"_monsterinsights_sitenote_active":false,"_monsterinsights_sitenote_note":"","_monsterinsights_sitenote_category":0},"product_brand":[628],"product_cat":[678,51,677,26],"product_tag":[],"class_list":{"0":"post-17675","1":"product","2":"type-product","3":"status-publish","4":"has-post-thumbnail","6":"product_brand-fimar","7":"product_cat-affettatrici-salumi","8":"product_cat-affettatrici","9":"product_cat-affettatrici-professionali","10":"product_cat-macelleria-e-gastronomia","11":"product_shipping_class-681","12":"pa_marca-fimar","13":"pa_versione-monofase","14":"pa_versione-trifase","16":"first","17":"instock","18":"sale","19":"taxable","20":"shipping-taxable","21":"purchasable","22":"product-type-variable"},"_links":{"self":[{"href":"https:\/\/www.creaearredanegozi.it\/en\/wp-json\/wp\/v2\/product\/17675","targetHints":{"allow":["GET"]}}],"collection":[{"href":"https:\/\/www.creaearredanegozi.it\/en\/wp-json\/wp\/v2\/product"}],"about":[{"href":"https:\/\/www.creaearredanegozi.it\/en\/wp-json\/wp\/v2\/types\/product"}],"replies":[{"embeddable":true,"href":"https:\/\/www.creaearredanegozi.it\/en\/wp-json\/wp\/v2\/comments?post=17675"}],"wp:featuredmedia":[{"embeddable":true,"href":"https:\/\/www.creaearredanegozi.it\/en\/wp-json\/wp\/v2\/media\/121660"}],"wp:attachment":[{"href":"https:\/\/www.creaearredanegozi.it\/en\/wp-json\/wp\/v2\/media?parent=17675"}],"wp:term":[{"taxonomy":"product_brand","embeddable":true,"href":"https:\/\/www.creaearredanegozi.it\/en\/wp-json\/wp\/v2\/product_brand?post=17675"},{"taxonomy":"product_cat","embeddable":true,"href":"https:\/\/www.creaearredanegozi.it\/en\/wp-json\/wp\/v2\/product_cat?post=17675"},{"taxonomy":"product_tag","embeddable":true,"href":"https:\/\/www.creaearredanegozi.it\/en\/wp-json\/wp\/v2\/product_tag?post=17675"}],"curies":[{"name":"wp","href":"https:\/\/api.w.org\/{rel}","templated":true}]}}