{"id":17677,"date":"2018-12-06T12:55:58","date_gmt":"2018-12-06T11:55:58","guid":{"rendered":"https:\/\/www.creaearredanegozi.it\/?post_type=product&#038;p=17677"},"modified":"2024-11-20T13:39:59","modified_gmt":"2024-11-20T12:39:59","slug":"professional-salumi-gravity-slicer-blade-o-37cm-block-flat-sail-h370-fimar","status":"publish","type":"product","link":"https:\/\/www.creaearredanegozi.it\/en\/professional-salumi-gravity-slicer-blade-o-37cm-block-flat-sail-h370-fimar\/","title":{"rendered":"Professional Salumi Gravita' Slicer Blade \u00d8 37cm Block Plate Vela H370 Fimar"},"content":{"rendered":"<h3>Gravity deli meat slicer blade \u00d8 37 cm Fimar H370<\/h3>\n<p>Machine for slicing cold cuts, cheese, meat, etc.<\/p>\n<ul>\n<li>37 cm \u00d8 blade.<\/li>\n<li>Light anodized aluminum alloy structure.<\/li>\n<li><strong>Flat sail block.<\/strong><\/li>\n<li>Fixed blade protection ring.<\/li>\n<li>Cut thickness from 0 to 15 mm<\/li>\n<li>Removable blade guard.<\/li>\n<li>Sail adjustment knob with graduated scale.<\/li>\n<li>Fixed sharpener with pair of grinders for blade sharpening.<\/li>\n<li>Only on request possibility by prior quotation to have 24V motor.<\/li>\n<li>A standards <strong>EC.<\/strong><\/li>\n<\/ul>\n<p><strong>Technical data:<\/strong><\/p>\n<table class=\"table table-striped\" style=\"width: 30.9711%;\">\n<tbody>\n<tr>\n<td style=\"width: 50.5535%;\">\n<p class=\"dati_tecnici_label_1\"><strong>Model<\/strong><\/p>\n<\/td>\n<td style=\"width: 68.4202%;\"><strong> H370<\/strong><\/td>\n<\/tr>\n<tr>\n<td style=\"width: 50.5535%;\"><b>Power<\/b><\/td>\n<td style=\"width: 68.4202%;\" align=\"left\">0.37 kW (0.5 HP)<\/td>\n<\/tr>\n<tr>\n<td style=\"width: 50.5535%;\"><strong>Power supply<\/strong><\/td>\n<td style=\"width: 68.4202%;\" align=\"left\">230V\/1N\/50Hz(1HP)<\/p>\n<p>400V\/3\/50Hz (3HP)<\/td>\n<\/tr>\n<tr>\n<td style=\"width: 50.5535%;\"><strong>Dimensions<\/strong><\/td>\n<td style=\"width: 68.4202%;\" align=\"left\">890 x 585 x 480(h) mm<\/td>\n<\/tr>\n<tr>\n<td style=\"width: 50.5535%;\"><b>Net Weight<\/b><\/td>\n<td style=\"width: 68.4202%;\" align=\"left\">37 kg<\/td>\n<\/tr>\n<tr>\n<td style=\"width: 50.5535%;\"><strong>Gross Weight<\/strong><\/td>\n<td style=\"width: 68.4202%;\" align=\"left\">53 kg<\/td>\n<\/tr>\n<tr>\n<td style=\"width: 50.5535%;\"><strong>Dimensions <\/strong><strong>Packaging<\/strong><\/td>\n<td style=\"width: 68.4202%;\" align=\"left\">800x730x670h mm<\/td>\n<\/tr>\n<tr>\n<td style=\"width: 50.5535%;\"><b>Packaging Volume<\/b><\/td>\n<td style=\"width: 68.4202%;\" align=\"left\">0,391 m\u00b3<\/td>\n<\/tr>\n<tr>\n<td style=\"width: 50.5535%;\"><strong>Useful Cut<\/strong><\/td>\n<td style=\"width: 68.4202%;\" align=\"left\">300x275h mm<\/td>\n<\/tr>\n<tr>\n<td style=\"width: 50.5535%;\"><strong>\u00d8 BLADE<\/strong><\/td>\n<td style=\"width: 68.4202%;\" align=\"left\">370 mm<\/td>\n<\/tr>\n<tr>\n<td style=\"width: 50.5535%;\"><strong>Thickness Cut<\/strong><\/td>\n<td style=\"width: 68.4202%;\" align=\"left\">0\u00f715 mm<\/td>\n<\/tr>\n<tr>\n<td style=\"width: 50.5535%;\"><strong>Dimensions <\/strong><\/p>\n<p><strong>table top<\/strong><\/td>\n<td style=\"width: 68.4202%;\" align=\"left\">600\u00d7430 mm<\/td>\n<\/tr>\n<\/tbody>\n<\/table>","protected":false},"excerpt":{"rendered":"<p>Affettatrice a gravit\u00e0 salumi lama \u00d8 37 cm Fimar H370 Macchina per affettare salumi, formaggi, carni, ecc. Lama \u00d8 37 cm. Struttura in lega leggera di alluminio anodizzato. Blocco piatto vela. Anello fisso protezione lama. Spessore taglio da 0 a 15 mm Paralama estraibile. Pomello regolazione vela con scala graduata. Affilatoio fisso con coppia di [&#8230;]","protected":false},"featured_media":121660,"comment_status":"closed","ping_status":"closed","template":"","meta":{"_monsterinsights_skip_tracking":false,"_monsterinsights_sitenote_active":false,"_monsterinsights_sitenote_note":"","_monsterinsights_sitenote_category":0},"product_brand":[628],"product_cat":[678,51,677,26],"product_tag":[],"class_list":{"0":"post-17677","1":"product","2":"type-product","3":"status-publish","4":"has-post-thumbnail","6":"product_brand-fimar","7":"product_cat-affettatrici-salumi","8":"product_cat-affettatrici","9":"product_cat-affettatrici-professionali","10":"product_cat-macelleria-e-gastronomia","11":"product_shipping_class-681","12":"pa_marca-fimar","13":"pa_versione-monofase","14":"pa_versione-trifase","16":"first","17":"instock","18":"sale","19":"taxable","20":"shipping-taxable","21":"purchasable","22":"product-type-variable"},"_links":{"self":[{"href":"https:\/\/www.creaearredanegozi.it\/en\/wp-json\/wp\/v2\/product\/17677","targetHints":{"allow":["GET"]}}],"collection":[{"href":"https:\/\/www.creaearredanegozi.it\/en\/wp-json\/wp\/v2\/product"}],"about":[{"href":"https:\/\/www.creaearredanegozi.it\/en\/wp-json\/wp\/v2\/types\/product"}],"replies":[{"embeddable":true,"href":"https:\/\/www.creaearredanegozi.it\/en\/wp-json\/wp\/v2\/comments?post=17677"}],"wp:featuredmedia":[{"embeddable":true,"href":"https:\/\/www.creaearredanegozi.it\/en\/wp-json\/wp\/v2\/media\/121660"}],"wp:attachment":[{"href":"https:\/\/www.creaearredanegozi.it\/en\/wp-json\/wp\/v2\/media?parent=17677"}],"wp:term":[{"taxonomy":"product_brand","embeddable":true,"href":"https:\/\/www.creaearredanegozi.it\/en\/wp-json\/wp\/v2\/product_brand?post=17677"},{"taxonomy":"product_cat","embeddable":true,"href":"https:\/\/www.creaearredanegozi.it\/en\/wp-json\/wp\/v2\/product_cat?post=17677"},{"taxonomy":"product_tag","embeddable":true,"href":"https:\/\/www.creaearredanegozi.it\/en\/wp-json\/wp\/v2\/product_tag?post=17677"}],"curies":[{"name":"wp","href":"https:\/\/api.w.org\/{rel}","templated":true}]}}