{"id":18074,"date":"2018-12-28T10:02:49","date_gmt":"2018-12-28T09:02:49","guid":{"rendered":"https:\/\/www.creaearredanegozi.it\/?post_type=product&#038;p=18074"},"modified":"2023-12-12T13:42:00","modified_gmt":"2023-12-12T12:42:00","slug":"griglia-gas-combi-acqua-professionale-cottura-naturale-70x80x104-cm-gw80-fimar","status":"publish","type":"product","link":"https:\/\/www.creaearredanegozi.it\/en\/griglia-gas-combi-acqua-professionale-cottura-naturale-70x80x104-cm-gw80-fimar\/","title":{"rendered":"Professional Water Combi Gas Grill Natural Cooking 70x80x104 cm GW80 Fimar"},"content":{"rendered":"<h3>Griglia gas combi acqua 70x80x104 cm GW80 Fimar<\/h3>\n<div><strong>GRIGLIA COMBI ACQUA GW80<\/strong><\/div>\n<div>Macchina per cuocere in modo naturale carne, pesce, verdure, ecc.. I grassi di cottura cadono dentro al contenitore dell\u2019acqua eliminando i fumi e rendendo molto pi\u00f9 facile la pulizia della macchina (\u00e8 possibile utilizzare la macchina anche senza acqua).<\/div>\n<div>\n<ul>\n<li class=\"col-md-3\">La griglia \u00e8 costruita interamente in acciaio inox.<\/li>\n<li class=\"col-md-3\">La sua forma consente di operare su un\u2019ampia superficie.<\/li>\n<li class=\"col-md-3\">Adatta a diversi tipi di alimenti (carne, pesce, verdure, ecc).<\/li>\n<li class=\"col-md-3\">Piezoelectric ignition.<\/li>\n<li class=\"col-md-3\">Alimentazione a metano (in dotazione kit a GLP).<\/li>\n<li>1\/2\u2033G gas connection.<\/li>\n<li class=\"col-md-3\">Pilot flame.<\/li>\n<li class=\"col-md-3\">Thermocouple safety valve.<\/li>\n<li>Not including door.<\/li>\n<li>CE-compliant.<\/li>\n<\/ul>\n<p><strong>Optional:<\/strong><\/p>\n<ul>\n<li>Door.<\/li>\n<\/ul>\n<\/div>\n<p><strong>Technical data:<\/strong><\/p>\n<table class=\"table table-striped\">\n<tbody>\n<tr>\n<td>\n<p class=\"dati_tecnici_label_1\"><span style=\"color: #333333;\"><span style=\"font-size: 14.4px;\">Model<\/span><\/span><\/p>\n<\/td>\n<td><span style=\"font-size: 14.4px;\">GW80<\/span><\/td>\n<\/tr>\n<tr>\n<td><span style=\"font-size: 14.4px;\">Power<\/span><\/td>\n<td align=\"left\"><span style=\"font-size: 14.4px;\">18 kW<\/span><\/td>\n<\/tr>\n<tr>\n<td><span style=\"font-size: 14.4px;\">Power supply<\/span><\/td>\n<td align=\"left\"><span style=\"font-size: 14.4px;\">METHANE - LPG<\/span><\/td>\n<\/tr>\n<tr>\n<td><span style=\"font-size: 14.4px;\">Dimensions<\/span><\/td>\n<td align=\"left\"><span style=\"font-size: 14.4px;\">700x800x1040h (mm)<\/span><\/td>\n<\/tr>\n<tr>\n<td><span style=\"font-size: 14.4px;\">Net weight <\/span><\/td>\n<td align=\"left\"><span style=\"font-size: 14.4px;\">85 kg<\/span><\/td>\n<\/tr>\n<tr>\n<td><span style=\"font-size: 14.4px;\">Gross weight<\/span><\/td>\n<td align=\"left\"><span style=\"font-size: 14.4px;\">96 kg<\/span><\/td>\n<\/tr>\n<tr>\n<td><span style=\"font-size: 14.4px;\">Packaging Dimensions<\/span><\/td>\n<td align=\"left\"><span style=\"font-size: 14.4px;\">880x790x1210h mm<\/span><\/td>\n<\/tr>\n<tr>\n<td><span style=\"font-size: 14.4px;\">Packaging Volume<\/span><\/td>\n<td align=\"left\"><span style=\"font-size: 14.4px;\">0,842 m\u00b3<\/span><\/td>\n<\/tr>\n<tr>\n<td><span style=\"font-size: 14.4px;\">Calories<\/span><\/td>\n<td align=\"left\"><span style=\"font-size: 14.4px;\">15.477 kcal\/h &#8211; 61.418 BTU\/h<\/span><\/td>\n<\/tr>\n<tr>\n<td><span style=\"font-size: 14.4px;\">Methane consumption<\/span><\/td>\n<td align=\"left\">G20 =1,42 m\u00b3\/h<br \/>\nG25=1,90 m\u00b3\/h<\/td>\n<\/tr>\n<tr>\n<td><span style=\"font-size: 14.4px;\">LPG consumption<\/span><\/td>\n<td align=\"left\"><span style=\"font-size: 14.4px;\">G30\/G31 = 1,42 Kg\/h<\/span><\/td>\n<\/tr>\n<tr>\n<td><span style=\"font-size: 14.4px;\">GAS connection<\/span><\/td>\n<td align=\"left\"><span style=\"font-size: 14.4px;\">R 1\/2 UNI ISO 7\/1<\/span><\/td>\n<\/tr>\n<tr>\n<td><span style=\"font-size: 14.4px;\">Burners<\/span><\/td>\n<td align=\"left\"><span style=\"font-size: 14.4px;\">N. 2<\/span><\/td>\n<\/tr>\n<tr>\n<td><span style=\"font-size: 14.4px;\">Cooktop dimensions<\/span><\/td>\n<td align=\"left\"><span style=\"font-size: 14.4px;\">708&#215;500<\/span><\/td>\n<\/tr>\n<tr>\n<td><span style=\"font-size: 14.4px;\">Ignition<\/span><\/td>\n<td align=\"left\"><span style=\"font-size: 14.4px;\">NO. 2 PIEZOELECTRIC<\/span><\/td>\n<\/tr>\n<\/tbody>\n<\/table>","protected":false},"excerpt":{"rendered":"<p>Griglia gas combi acqua 70x80x104 cm GW80 Fimar GRIGLIA COMBI ACQUA GW80 Macchina per cuocere in modo naturale carne, pesce, verdure, ecc.. I grassi di cottura cadono dentro al contenitore dell\u2019acqua eliminando i fumi e rendendo molto pi\u00f9 facile la pulizia della macchina (\u00e8 possibile utilizzare la macchina anche senza acqua). La griglia \u00e8 costruita [&#8230;]","protected":false},"featured_media":122083,"comment_status":"closed","ping_status":"closed","template":"","meta":{"_monsterinsights_skip_tracking":false,"_monsterinsights_sitenote_active":false,"_monsterinsights_sitenote_note":"","_monsterinsights_sitenote_category":0},"product_brand":[628],"product_cat":[720,87,9,192,167,86,25],"product_tag":[],"class_list":{"0":"post-18074","1":"product","2":"type-product","3":"status-publish","4":"has-post-thumbnail","6":"product_brand-fimar","7":"product_cat-griglie-cottura","8":"product_cat-acciaio","9":"product_cat-attrezzature-pub","10":"product_cat-cottura","11":"product_cat-griglie","12":"product_cat-piastre","13":"product_cat-attrezzature-ristoranti-pub-cucine","14":"product_shipping_class-l","15":"pa_marca-fimar","17":"first","18":"outofstock","19":"taxable","20":"shipping-taxable","21":"purchasable","22":"product-type-simple"},"_links":{"self":[{"href":"https:\/\/www.creaearredanegozi.it\/en\/wp-json\/wp\/v2\/product\/18074","targetHints":{"allow":["GET"]}}],"collection":[{"href":"https:\/\/www.creaearredanegozi.it\/en\/wp-json\/wp\/v2\/product"}],"about":[{"href":"https:\/\/www.creaearredanegozi.it\/en\/wp-json\/wp\/v2\/types\/product"}],"replies":[{"embeddable":true,"href":"https:\/\/www.creaearredanegozi.it\/en\/wp-json\/wp\/v2\/comments?post=18074"}],"wp:featuredmedia":[{"embeddable":true,"href":"https:\/\/www.creaearredanegozi.it\/en\/wp-json\/wp\/v2\/media\/122083"}],"wp:attachment":[{"href":"https:\/\/www.creaearredanegozi.it\/en\/wp-json\/wp\/v2\/media?parent=18074"}],"wp:term":[{"taxonomy":"product_brand","embeddable":true,"href":"https:\/\/www.creaearredanegozi.it\/en\/wp-json\/wp\/v2\/product_brand?post=18074"},{"taxonomy":"product_cat","embeddable":true,"href":"https:\/\/www.creaearredanegozi.it\/en\/wp-json\/wp\/v2\/product_cat?post=18074"},{"taxonomy":"product_tag","embeddable":true,"href":"https:\/\/www.creaearredanegozi.it\/en\/wp-json\/wp\/v2\/product_tag?post=18074"}],"curies":[{"name":"wp","href":"https:\/\/api.w.org\/{rel}","templated":true}]}}