{"id":18274,"date":"2019-01-03T10:34:30","date_gmt":"2019-01-03T09:34:30","guid":{"rendered":"https:\/\/www.creaearredanegozi.it\/?post_type=product&#038;p=18274"},"modified":"2024-11-20T13:40:25","modified_gmt":"2024-11-20T12:40:25","slug":"stainless-steel-roasters-quartz-tube-resistors-2200-3300-w-fimar-top3d-6d","status":"publish","type":"product","link":"https:\/\/www.creaearredanegozi.it\/en\/stainless-steel-roasters-quartz-tube-resistors-2200-3300-w-fimar-top3d-6d\/","title":{"rendered":"Professional Stainless Steel Toaster Quartz Tubes 2200\/3300 W Fimar TOP3D\/6D"},"content":{"rendered":"<h3>Stainless steel roaster quartz tube resistors 2200\/3300 W Fimar TOP3D\/6D<\/h3>\n<p><strong>TOP3D TOSTIERE and <\/strong><strong>TOP6D TOSTIERS<\/strong><\/p>\n<ul>\n<li>Machine for reheating pizzas, sandwiches, precooked foods, hamburgers, frankfurters, stuffed toast, piadinas, etc.<\/li>\n<li>Stainless steel structure.<\/li>\n<li>Operation by resistors with quartz tubes.<\/li>\n<li>Timer 0\u00f715 minutes.<\/li>\n<li><strong>TOP3D<\/strong>: 3 toast capacity.<\/li>\n<li><strong>TOP6D<\/strong>: 6 toast capacity.<\/li>\n<\/ul>\n<p><strong>Technical data:<\/strong><\/p>\n<table class=\"table table-striped mtr-table mtr-tr-td\">\n<tbody>\n<tr>\n<td data-mtr-content=\"Modello\" class=\"mtr-td-tag\"><div class=\"mtr-cell-content\">\n<p class=\"dati_tecnici_label_1\"><strong>Model<\/strong><\/p>\n<\/div><\/td>\n<td data-mtr-content=\"TOP3D\" class=\"mtr-td-tag\"><div class=\"mtr-cell-content\"><strong>TOP3D<\/strong><\/div><\/td>\n<td data-mtr-content=\"TOP6D\" class=\"mtr-td-tag\"><div class=\"mtr-cell-content\"><strong>TOP6D<\/strong><\/div><\/td>\n<\/tr>\n<tr>\n<td data-mtr-content=\"Modello\" class=\"mtr-td-tag\"><div class=\"mtr-cell-content\"><strong>Power <\/strong><\/div><\/td>\n<td align=\"left\" data-mtr-content=\"TOP3D\" class=\"mtr-td-tag\"><div class=\"mtr-cell-content\">2200 W<\/div><\/td>\n<td align=\"left\" data-mtr-content=\"TOP6D\" class=\"mtr-td-tag\"><div class=\"mtr-cell-content\">3300 W<\/div><\/td>\n<\/tr>\n<tr>\n<td data-mtr-content=\"Modello\" class=\"mtr-td-tag\"><div class=\"mtr-cell-content\"><strong>Power supply <\/strong><\/div><\/td>\n<td align=\"left\" data-mtr-content=\"TOP3D\" class=\"mtr-td-tag\"><div class=\"mtr-cell-content\">230V\/1N\/50-60Hz<\/div><\/td>\n<td align=\"left\" data-mtr-content=\"TOP6D\" class=\"mtr-td-tag\"><div class=\"mtr-cell-content\">230V\/1N\/50-60Hz<\/div><\/td>\n<\/tr>\n<tr>\n<td data-mtr-content=\"Modello\" class=\"mtr-td-tag\"><div class=\"mtr-cell-content\"><b>Cooking chamber dimensions<\/b><\/div><\/td>\n<td align=\"left\" data-mtr-content=\"TOP3D\" class=\"mtr-td-tag\"><div class=\"mtr-cell-content\">370x230x90h (mm)<\/div><\/td>\n<td align=\"left\" data-mtr-content=\"TOP6D\" class=\"mtr-td-tag\"><div class=\"mtr-cell-content\">370x230x180h (mm)<\/div><\/td>\n<\/tr>\n<tr>\n<td data-mtr-content=\"Modello\" class=\"mtr-td-tag\"><div class=\"mtr-cell-content\"><b>Dimensions <\/b><\/div><\/td>\n<td align=\"left\" data-mtr-content=\"TOP3D\" class=\"mtr-td-tag\"><div class=\"mtr-cell-content\">490x250x230h (mm)<\/div><\/td>\n<td align=\"left\" data-mtr-content=\"TOP6D\" class=\"mtr-td-tag\"><div class=\"mtr-cell-content\">490x250x350h (mm)<\/div><\/td>\n<\/tr>\n<tr>\n<td data-mtr-content=\"Modello\" class=\"mtr-td-tag\"><div class=\"mtr-cell-content\"><b>Net Weight<\/b><\/div><\/td>\n<td align=\"left\" data-mtr-content=\"TOP3D\" class=\"mtr-td-tag\"><div class=\"mtr-cell-content\">8 kg<\/div><\/td>\n<td align=\"left\" data-mtr-content=\"TOP6D\" class=\"mtr-td-tag\"><div class=\"mtr-cell-content\">9.5 kg<\/div><\/td>\n<\/tr>\n<tr>\n<td data-mtr-content=\"Modello\" class=\"mtr-td-tag\"><div class=\"mtr-cell-content\"><b>Gross Weight<\/b><\/div><\/td>\n<td align=\"left\" data-mtr-content=\"TOP3D\" class=\"mtr-td-tag\"><div class=\"mtr-cell-content\">10 kg<\/div><\/td>\n<td align=\"left\" data-mtr-content=\"TOP6D\" class=\"mtr-td-tag\"><div class=\"mtr-cell-content\">11.5 kg<\/div><\/td>\n<\/tr>\n<tr>\n<td data-mtr-content=\"Modello\" class=\"mtr-td-tag\"><div class=\"mtr-cell-content\"><b>Packaging dimensions<\/b><\/div><\/td>\n<td align=\"left\" data-mtr-content=\"TOP3D\" class=\"mtr-td-tag\"><div class=\"mtr-cell-content\">360x590340h (mm)<\/div><\/td>\n<td align=\"left\" data-mtr-content=\"TOP6D\" class=\"mtr-td-tag\"><div class=\"mtr-cell-content\">370x590x490h (mm)<\/div><\/td>\n<\/tr>\n<tr>\n<td data-mtr-content=\"Modello\" class=\"mtr-td-tag\"><div class=\"mtr-cell-content\"><strong>Packing volume<\/strong><\/div><\/td>\n<td align=\"left\" data-mtr-content=\"TOP3D\" class=\"mtr-td-tag\"><div class=\"mtr-cell-content\">0,073 m\u00b3<\/div><\/td>\n<td align=\"left\" data-mtr-content=\"TOP6D\" class=\"mtr-td-tag\"><div class=\"mtr-cell-content\">0,107 m\u00b3<\/div><\/td>\n<\/tr>\n<tr>\n<td data-mtr-content=\"Modello\" class=\"mtr-td-tag\"><div class=\"mtr-cell-content\"><strong>Pliers Capacity<\/strong><\/div><\/td>\n<td align=\"left\" data-mtr-content=\"TOP3D\" class=\"mtr-td-tag\"><div class=\"mtr-cell-content\">N\u00b0 3<\/div><\/td>\n<td align=\"left\" data-mtr-content=\"TOP6D\" class=\"mtr-td-tag\"><div class=\"mtr-cell-content\">N\u00b0 6<\/div><\/td>\n<\/tr>\n<\/tbody>\n<\/table>","protected":false},"excerpt":{"rendered":"<p>Tostiere acciaio inox resistenze tubi al quarzo 2200\/3300 W Fimar TOP3D\/6D TOSTIERE TOP3D e TOSTIERE TOP6D Macchina per riscaldare pizze, panini, cibi precotti, hamburger, w\u00fcrstel, toast farciti, piadine, ecc. Struttura in acciaio inox. Funzionamento mediante resistenze con tubi al quarzo. Timer 0\u00f715 minuti. TOP3D: capacit\u00e0 3 toast. TOP6D: capacit\u00e0 6 toast. Dati tecnici: Modello TOP3D [&#8230;]","protected":false},"featured_media":122169,"comment_status":"closed","ping_status":"closed","template":"","meta":{"_monsterinsights_skip_tracking":false,"_monsterinsights_sitenote_active":false,"_monsterinsights_sitenote_note":"","_monsterinsights_sitenote_category":0},"product_brand":[628],"product_cat":[94,9,722],"product_tag":[779],"class_list":{"0":"post-18274","1":"product","2":"type-product","3":"status-publish","4":"has-post-thumbnail","6":"product_brand-fimar","7":"product_cat-tostiere","8":"product_cat-attrezzature-pub","9":"product_cat-tostiere-self-service","10":"product_tag-tostapane","11":"product_shipping_class-f","12":"pa_marca-fimar","14":"first","15":"instock","16":"sale","17":"taxable","18":"shipping-taxable","19":"purchasable","20":"product-type-variable"},"_links":{"self":[{"href":"https:\/\/www.creaearredanegozi.it\/en\/wp-json\/wp\/v2\/product\/18274","targetHints":{"allow":["GET"]}}],"collection":[{"href":"https:\/\/www.creaearredanegozi.it\/en\/wp-json\/wp\/v2\/product"}],"about":[{"href":"https:\/\/www.creaearredanegozi.it\/en\/wp-json\/wp\/v2\/types\/product"}],"replies":[{"embeddable":true,"href":"https:\/\/www.creaearredanegozi.it\/en\/wp-json\/wp\/v2\/comments?post=18274"}],"wp:featuredmedia":[{"embeddable":true,"href":"https:\/\/www.creaearredanegozi.it\/en\/wp-json\/wp\/v2\/media\/122169"}],"wp:attachment":[{"href":"https:\/\/www.creaearredanegozi.it\/en\/wp-json\/wp\/v2\/media?parent=18274"}],"wp:term":[{"taxonomy":"product_brand","embeddable":true,"href":"https:\/\/www.creaearredanegozi.it\/en\/wp-json\/wp\/v2\/product_brand?post=18274"},{"taxonomy":"product_cat","embeddable":true,"href":"https:\/\/www.creaearredanegozi.it\/en\/wp-json\/wp\/v2\/product_cat?post=18274"},{"taxonomy":"product_tag","embeddable":true,"href":"https:\/\/www.creaearredanegozi.it\/en\/wp-json\/wp\/v2\/product_tag?post=18274"}],"curies":[{"name":"wp","href":"https:\/\/api.w.org\/{rel}","templated":true}]}}