{"id":20886,"date":"2019-03-08T12:34:47","date_gmt":"2019-03-08T11:34:47","guid":{"rendered":"https:\/\/www.creaearredanegozi.it\/?post_type=product&#038;p=20886"},"modified":"2025-12-03T20:39:45","modified_gmt":"2025-12-03T19:39:45","slug":"professional-hot-coffee-dispenser-with-alcohol-burner-9-lt-forcar-dc10502","status":"publish","type":"product","link":"https:\/\/www.creaearredanegozi.it\/en\/professional-hot-coffee-dispenser-with-alcohol-burner-9-lt-forcar-dc10502\/","title":{"rendered":"Professional Hot Coffee Dispenser with Alcohol Burner 9 Lt Forcar DC10502"},"content":{"rendered":"<h3>Professional Hot Coffee Dispenser with Alcohol Burner 9 Liters Forcar<\/h3>\n<p><strong>Hot coffee dispenser DC 10502<\/strong><br \/>\nHot coffee dispenser. Stainless steel frame - alcohol burner.<\/p>\n<ul>\n<li class=\"p1\">\n<p class=\"p1\">Dispenser for coffee or hot drinks.<\/p>\n<\/li>\n<li>Stainless steel structure.<\/li>\n<li class=\"p1\">\n<p class=\"p1\">Capacity lt 9<\/p>\n<\/li>\n<li class=\"p1\">\n<p class=\"p1\">Alcohol burner.<\/p>\n<\/li>\n<li>External dimensions: <strong>33<\/strong><b>x24x54 h cm.<\/b><\/li>\n<\/ul>\n<p>Optional items available for purchase: 180 W electric heating element.<\/p>\n<p><img decoding=\"async\" class=\"wp-image-125454 size-full aligncenter\" src=\"https:\/\/www.creaearredanegozi.it\/wp-content\/uploads\/2019\/03\/AV9517-alimentatore-logo.jpg\" alt=\"\" width=\"560\" height=\"360\" title=\"\" srcset=\"https:\/\/www.creaearredanegozi.it\/wp-content\/uploads\/2019\/03\/AV9517-alimentatore-logo.jpg 560w, https:\/\/www.creaearredanegozi.it\/wp-content\/uploads\/2019\/03\/AV9517-alimentatore-logo-516x332.jpg 516w, https:\/\/www.creaearredanegozi.it\/wp-content\/uploads\/2019\/03\/AV9517-alimentatore-logo-64x41.jpg 64w\" sizes=\"(max-width: 560px) 100vw, 560px\" \/><\/p>","protected":false},"excerpt":{"rendered":"<p>Distributore Caff\u00e8 Caldo Professionale con Bruciatore ad Alcool 9 Litri Forcar Distributore caldo per caff\u00e8 DC 10502 Distributore caldo per caff\u00e8. Struttura in acciaio inox \u2013 bruciatore ad alcool. Distributore per caff\u00e8 o bevande calde. Struttura in acciaio inox. Capacit\u00e0 lt 9 Bruciatore ad alcool. Dimensioni esterne: 33x24x54 h cm. Optional acquistabili: Elemento elettrico riscaldante [&#8230;]","protected":false},"featured_media":125453,"comment_status":"closed","ping_status":"closed","template":"","meta":{"_monsterinsights_skip_tracking":false,"_monsterinsights_sitenote_active":false,"_monsterinsights_sitenote_note":"","_monsterinsights_sitenote_category":0},"product_brand":[624],"product_cat":[207,341,336,10,335],"product_tag":[],"class_list":{"0":"post-20886","1":"product","2":"type-product","3":"status-publish","4":"has-post-thumbnail","6":"product_brand-forcar","7":"product_cat-granitori","8":"product_cat-accessori-self-service","9":"product_cat-elementi-caldi","10":"product_cat-attrezzature-bar","11":"product_cat-self-service","12":"product_shipping_class-215","13":"pa_marca-forcar","15":"first","16":"instock","17":"sale","18":"taxable","19":"shipping-taxable","20":"purchasable","21":"product-type-simple"},"_links":{"self":[{"href":"https:\/\/www.creaearredanegozi.it\/en\/wp-json\/wp\/v2\/product\/20886","targetHints":{"allow":["GET"]}}],"collection":[{"href":"https:\/\/www.creaearredanegozi.it\/en\/wp-json\/wp\/v2\/product"}],"about":[{"href":"https:\/\/www.creaearredanegozi.it\/en\/wp-json\/wp\/v2\/types\/product"}],"replies":[{"embeddable":true,"href":"https:\/\/www.creaearredanegozi.it\/en\/wp-json\/wp\/v2\/comments?post=20886"}],"wp:featuredmedia":[{"embeddable":true,"href":"https:\/\/www.creaearredanegozi.it\/en\/wp-json\/wp\/v2\/media\/125453"}],"wp:attachment":[{"href":"https:\/\/www.creaearredanegozi.it\/en\/wp-json\/wp\/v2\/media?parent=20886"}],"wp:term":[{"taxonomy":"product_brand","embeddable":true,"href":"https:\/\/www.creaearredanegozi.it\/en\/wp-json\/wp\/v2\/product_brand?post=20886"},{"taxonomy":"product_cat","embeddable":true,"href":"https:\/\/www.creaearredanegozi.it\/en\/wp-json\/wp\/v2\/product_cat?post=20886"},{"taxonomy":"product_tag","embeddable":true,"href":"https:\/\/www.creaearredanegozi.it\/en\/wp-json\/wp\/v2\/product_tag?post=20886"}],"curies":[{"name":"wp","href":"https:\/\/api.w.org\/{rel}","templated":true}]}}