{"id":20892,"date":"2019-03-08T12:42:54","date_gmt":"2019-03-08T11:42:54","guid":{"rendered":"https:\/\/www.creaearredanegozi.it\/?post_type=product&#038;p=20892"},"modified":"2025-12-03T20:39:45","modified_gmt":"2025-12-03T19:39:45","slug":"professional-electric-coffee-or-hot-beverage-dispenser-7-lt-90c-forcar-dcn-1706","status":"publish","type":"product","link":"https:\/\/www.creaearredanegozi.it\/en\/professional-electric-coffee-or-hot-beverage-dispenser-7-lt-90c-forcar-dcn-1706\/","title":{"rendered":"Professional Electric Coffee or Hot Beverage Dispenser 7 Lt 90\u00b0C Forcar DCN 1706"},"content":{"rendered":"<h3>Electric Hot Beverage Dispenser 6.8 Lt 90\u00b0C Forcar<\/h3>\n<p><strong>DCN 1706 coffee dispenser<\/strong><\/p>\n<ul>\n<li class=\"p1\">\n<p class=\"p1\">Hot dispenser for coffee or beverages.<\/p>\n<\/li>\n<li class=\"p1\">\n<p class=\"p1\">ABS frame with stainless steel cover.<\/p>\n<\/li>\n<li class=\"p1\">\n<p class=\"p1\">Capacity lt. 7 (about 40 cups).<\/p>\n<\/li>\n<li class=\"p1\">\n<p class=\"p1\">Power supply 230V 50Hz 1100W.<\/p>\n<\/li>\n<li class=\"p1\">\n<p class=\"p1\">Equipped with security thermal.<\/p>\n<\/li>\n<li class=\"p1\">\n<p class=\"p1\">Max temperature 90\u00b0C<\/p>\n<\/li>\n<li>External dimensions: <b>\u00d8 29\u00d744 h cm.<\/b><\/li>\n<\/ul>","protected":false},"excerpt":{"rendered":"<p>Distributore bevande calde elettrico 6,8 Lt 90\u00b0C Forcar Distributore caff\u00e8 DCN 1706 Distributore caldo per caff\u00e8 o bevande. Struttura in ABS con copertura in acciaio inox. Capacit\u00e0 lt. 7 (circa 40 tazzine). Alimentazione 230V 50Hz 1100W. Dotato di termica di sicurezza. Temperatura max 90\u00b0C Dimensioni esterne: \u00d8 29&#215;44 h cm.<\/p>","protected":false},"featured_media":125455,"comment_status":"closed","ping_status":"closed","template":"","meta":{"_monsterinsights_skip_tracking":false,"_monsterinsights_sitenote_active":false,"_monsterinsights_sitenote_note":"","_monsterinsights_sitenote_category":0},"product_brand":[624],"product_cat":[207,336,10,335],"product_tag":[],"class_list":{"0":"post-20892","1":"product","2":"type-product","3":"status-publish","4":"has-post-thumbnail","6":"product_brand-forcar","7":"product_cat-granitori","8":"product_cat-elementi-caldi","9":"product_cat-attrezzature-bar","10":"product_cat-self-service","11":"product_shipping_class-f","12":"pa_marca-forcar","14":"first","15":"instock","16":"sale","17":"taxable","18":"shipping-taxable","19":"purchasable","20":"product-type-simple"},"_links":{"self":[{"href":"https:\/\/www.creaearredanegozi.it\/en\/wp-json\/wp\/v2\/product\/20892","targetHints":{"allow":["GET"]}}],"collection":[{"href":"https:\/\/www.creaearredanegozi.it\/en\/wp-json\/wp\/v2\/product"}],"about":[{"href":"https:\/\/www.creaearredanegozi.it\/en\/wp-json\/wp\/v2\/types\/product"}],"replies":[{"embeddable":true,"href":"https:\/\/www.creaearredanegozi.it\/en\/wp-json\/wp\/v2\/comments?post=20892"}],"wp:featuredmedia":[{"embeddable":true,"href":"https:\/\/www.creaearredanegozi.it\/en\/wp-json\/wp\/v2\/media\/125455"}],"wp:attachment":[{"href":"https:\/\/www.creaearredanegozi.it\/en\/wp-json\/wp\/v2\/media?parent=20892"}],"wp:term":[{"taxonomy":"product_brand","embeddable":true,"href":"https:\/\/www.creaearredanegozi.it\/en\/wp-json\/wp\/v2\/product_brand?post=20892"},{"taxonomy":"product_cat","embeddable":true,"href":"https:\/\/www.creaearredanegozi.it\/en\/wp-json\/wp\/v2\/product_cat?post=20892"},{"taxonomy":"product_tag","embeddable":true,"href":"https:\/\/www.creaearredanegozi.it\/en\/wp-json\/wp\/v2\/product_tag?post=20892"}],"curies":[{"name":"wp","href":"https:\/\/api.w.org\/{rel}","templated":true}]}}