{"id":23316,"date":"2019-05-09T22:54:40","date_gmt":"2019-05-09T20:54:40","guid":{"rendered":"https:\/\/www.creaearredanegozi.it\/?post_type=product&#038;p=23316"},"modified":"2023-09-22T19:39:35","modified_gmt":"2023-09-22T17:39:35","slug":"aisi-304-steel-open-table-without-splashback-depth-70-cm-2","status":"publish","type":"product","link":"https:\/\/www.creaearredanegozi.it\/en\/aisi-304-steel-open-table-without-splashback-depth-70-cm-2\/","title":{"rendered":"Aisi 304 steel open table with bottom frame without splashback depth 70 cm"},"content":{"rendered":"<p><strong>Steel open table with lower frame without splashback depth 70 cm<\/strong><\/p>\n<ul>\n<li>Aisi 304 steel work table without splashback.<\/li>\n<li>Depth 70 cm<\/li>\n<li>Height at the work surface 85 cm<\/li>\n<li>Supplied disassembled<\/li>\n<\/ul>\n<p><img decoding=\"async\" class=\"alignnone wp-image-125465 size-full\" src=\"https:\/\/www.creaearredanegozi.it\/wp-content\/uploads\/2019\/05\/misure-tavolo-giorno-ripiano.png\" alt=\"\" width=\"100%\" height=\"auto\" title=\"\" srcset=\"https:\/\/www.creaearredanegozi.it\/wp-content\/uploads\/2019\/05\/misure-tavolo-giorno-ripiano.png 1030w, https:\/\/www.creaearredanegozi.it\/wp-content\/uploads\/2019\/05\/misure-tavolo-giorno-ripiano-516x232.png 516w, https:\/\/www.creaearredanegozi.it\/wp-content\/uploads\/2019\/05\/misure-tavolo-giorno-ripiano-64x29.png 64w, https:\/\/www.creaearredanegozi.it\/wp-content\/uploads\/2019\/05\/misure-tavolo-giorno-ripiano-800x360.png 800w, https:\/\/www.creaearredanegozi.it\/wp-content\/uploads\/2019\/05\/misure-tavolo-giorno-ripiano-768x346.png 768w\" sizes=\"(max-width: 1030px) 100vw, 1030px\" \/><\/p>\n<p><strong>Available sizes:<\/strong><\/p>\n<table style=\"border-collapse: collapse; width: 100%;\">\n<tbody>\n<tr>\n<td style=\"width: 25%; text-align: center;\"><strong>Length (cm)<\/strong><\/td>\n<td style=\"width: 25%; text-align: center;\"><strong>Depth (cm)<\/strong><\/td>\n<td style=\"width: 25%; text-align: center;\"><strong>Height (cm)<\/strong><\/td>\n<td style=\"width: 25%; text-align: center;\"><strong>Weight (kg)<\/strong><\/td>\n<\/tr>\n<tr>\n<td style=\"width: 25%; text-align: center;\">40<\/td>\n<td style=\"width: 25%; text-align: center;\" rowspan=\"17\">70<\/td>\n<td style=\"width: 25%; text-align: center;\" rowspan=\"17\">85<\/td>\n<td style=\"width: 25%; text-align: center;\">12<\/td>\n<\/tr>\n<tr>\n<td style=\"width: 25%; text-align: center;\">50<\/td>\n<td style=\"width: 25%; text-align: center;\">14<\/td>\n<\/tr>\n<tr>\n<td style=\"width: 25%; text-align: center;\">60<\/td>\n<td style=\"width: 25%; text-align: center;\">16<\/td>\n<\/tr>\n<tr>\n<td style=\"width: 25%; text-align: center;\">70<\/td>\n<td style=\"width: 25%; text-align: center;\">18<\/td>\n<\/tr>\n<tr>\n<td style=\"width: 25%; text-align: center;\">80<\/td>\n<td style=\"width: 25%; text-align: center;\">20<\/td>\n<\/tr>\n<tr>\n<td style=\"width: 25%; text-align: center;\">90<\/td>\n<td style=\"width: 25%; text-align: center;\">22<\/td>\n<\/tr>\n<tr>\n<td style=\"width: 25%; text-align: center;\">100<\/td>\n<td style=\"width: 25%; text-align: center;\">25<\/td>\n<\/tr>\n<tr>\n<td style=\"width: 25%; text-align: center;\">110<\/td>\n<td style=\"width: 25%; text-align: center;\">27<\/td>\n<\/tr>\n<tr>\n<td style=\"width: 25%; text-align: center;\">120<\/td>\n<td style=\"width: 25%; text-align: center;\">30<\/td>\n<\/tr>\n<tr>\n<td style=\"width: 25%; text-align: center;\">130<\/td>\n<td style=\"width: 25%; text-align: center;\">32<\/td>\n<\/tr>\n<tr>\n<td style=\"width: 25%; text-align: center;\">140<\/td>\n<td style=\"width: 25%; text-align: center;\">35<\/td>\n<\/tr>\n<tr>\n<td style=\"width: 25%; text-align: center;\">150<\/td>\n<td style=\"width: 25%; text-align: center;\">37<\/td>\n<\/tr>\n<tr>\n<td style=\"width: 25%; text-align: center;\">160<\/td>\n<td style=\"width: 25%; text-align: center;\">40<\/td>\n<\/tr>\n<tr>\n<td style=\"width: 25%; text-align: center;\">170<\/td>\n<td style=\"width: 25%; text-align: center;\">42<\/td>\n<\/tr>\n<tr>\n<td style=\"width: 25%; text-align: center;\">180<\/td>\n<td style=\"width: 25%; text-align: center;\">44<\/td>\n<\/tr>\n<tr>\n<td style=\"width: 25%; text-align: center;\">190<\/td>\n<td style=\"width: 25%; text-align: center;\">46<\/td>\n<\/tr>\n<tr>\n<td style=\"width: 25%; text-align: center;\">200<\/td>\n<td style=\"width: 25%; text-align: center;\">48<\/td>\n<\/tr>\n<\/tbody>\n<\/table>\n<p>&nbsp;<\/p>\n<table style=\"border-collapse: collapse; width: 100%;\" class=\"mtr-one-row-table mtr-tr-td\">\n<tbody>\n<tr>\n<td style=\"width: 50%;\" class=\"mtr-td-tag\">\n<p style=\"text-align: center;\"><strong>Optional<\/strong><\/p>\n<p><strong>Waste discharge hole<\/strong> directly into the dustbin below<\/p>\n<p>Hole diameter: 22 cm<\/p>\n<p>Complete with rubber ring<\/p>\n<ul>\n<li><em>Communicate the preferred side in the notes to the order.<\/em><\/li>\n<\/ul>\n<\/td>\n<td style=\"width: 50%;\" class=\"mtr-td-tag\"><img decoding=\"async\" class=\"alignnone size-full wp-image-123413\" style=\"color: #555555;\" src=\"https:\/\/www.creaearredanegozi.it\/wp-content\/uploads\/2015\/07\/Foro_sbarazzo.jpg\" alt=\"\" width=\"467\" height=\"270\" title=\"\" srcset=\"https:\/\/www.creaearredanegozi.it\/wp-content\/uploads\/2015\/07\/Foro_sbarazzo.jpg 467w, https:\/\/www.creaearredanegozi.it\/wp-content\/uploads\/2015\/07\/Foro_sbarazzo-64x37.jpg 64w\" sizes=\"(max-width: 467px) 100vw, 467px\"><\/td>\n<\/tr>\n<\/tbody>\n<\/table>","protected":false},"excerpt":{"rendered":"<p>Tavolo a giorno acciaio con telaio inferiore senza alzatina profondit\u00e0 70 cm Tavolo da lavoro in acciaio Aisi 304 senza alzatina. Profondit\u00e0 70 cm Altezza al piano di lavoro 85 cm Fornito smontato Dimensioni disponibili: Lunghezza (cm) Profondit\u00e0 (cm) Altezza (cm) Peso (kg) 40 70 85 12 50 14 60 16 70 18 80 20 [&#8230;]","protected":false},"featured_media":125469,"comment_status":"closed","ping_status":"closed","template":"","meta":{"_monsterinsights_skip_tracking":false,"_monsterinsights_sitenote_active":false,"_monsterinsights_sitenote_note":"","_monsterinsights_sitenote_category":0},"product_brand":[],"product_cat":[18,121],"product_tag":[],"class_list":{"0":"post-23316","1":"product","2":"type-product","3":"status-publish","4":"has-post-thumbnail","6":"product_cat-arredo-acciaio-inox","7":"product_cat-tavoli-refrigerati-lavorazione-inox","8":"pa_dotazione-senza-alzatina","9":"pa_profondita-linea-70","10":"pa_tipo-acciaio-aisi-linea-hq-aisi-304","11":"pa_versione-a-giorno","13":"first","14":"instock","15":"taxable","16":"shipping-taxable","17":"purchasable","18":"product-type-variable"},"_links":{"self":[{"href":"https:\/\/www.creaearredanegozi.it\/en\/wp-json\/wp\/v2\/product\/23316","targetHints":{"allow":["GET"]}}],"collection":[{"href":"https:\/\/www.creaearredanegozi.it\/en\/wp-json\/wp\/v2\/product"}],"about":[{"href":"https:\/\/www.creaearredanegozi.it\/en\/wp-json\/wp\/v2\/types\/product"}],"replies":[{"embeddable":true,"href":"https:\/\/www.creaearredanegozi.it\/en\/wp-json\/wp\/v2\/comments?post=23316"}],"wp:featuredmedia":[{"embeddable":true,"href":"https:\/\/www.creaearredanegozi.it\/en\/wp-json\/wp\/v2\/media\/125469"}],"wp:attachment":[{"href":"https:\/\/www.creaearredanegozi.it\/en\/wp-json\/wp\/v2\/media?parent=23316"}],"wp:term":[{"taxonomy":"product_brand","embeddable":true,"href":"https:\/\/www.creaearredanegozi.it\/en\/wp-json\/wp\/v2\/product_brand?post=23316"},{"taxonomy":"product_cat","embeddable":true,"href":"https:\/\/www.creaearredanegozi.it\/en\/wp-json\/wp\/v2\/product_cat?post=23316"},{"taxonomy":"product_tag","embeddable":true,"href":"https:\/\/www.creaearredanegozi.it\/en\/wp-json\/wp\/v2\/product_tag?post=23316"}],"curies":[{"name":"wp","href":"https:\/\/api.w.org\/{rel}","templated":true}]}}