{"id":24026,"date":"2019-05-13T14:08:31","date_gmt":"2019-05-13T12:08:31","guid":{"rendered":"https:\/\/www.creaearredanegozi.it\/?post_type=product&#038;p=24026"},"modified":"2023-07-03T20:11:26","modified_gmt":"2023-07-03T18:11:26","slug":"tavolo-a-giorno-gambe-tonde-o-50-cm-aisi-430-profondita-70-cm","status":"publish","type":"product","link":"https:\/\/www.creaearredanegozi.it\/en\/tavolo-a-giorno-gambe-tonde-o-50-cm-aisi-430-profondita-70-cm\/","title":{"rendered":"Open table round legs \u00d8 50 cm Aisi 430 depth 70 cm"},"content":{"rendered":"<p><strong>Open table round legs \u00d8 50 cm Aisi 430 depth 70 cm<\/strong><\/p>\n<p>Tavolo da lavoro in acciaio Aisi 430 su gambe tonde con telaio, senza alzatina.<\/p>\n<p>Legs diameter \u00d8 50 cm.<\/p>\n<p>Tubular frame diameter \u00d8 40 cm<\/p>\n<p>Depth 70 cm<\/p>\n<p><strong>Height 85 cm<\/strong><\/p>\n<p><img decoding=\"async\" class=\"alignnone size-medium wp-image-23020\" src=\"https:\/\/www.creaearredanegozi.it\/wp-content\/uploads\/2019\/05\/8-1-500x250.png\" alt=\"\" width=\"500\" height=\"250\" title=\"\" srcset=\"https:\/\/www.creaearredanegozi.it\/wp-content\/uploads\/2019\/05\/8-1.png 500w, https:\/\/www.creaearredanegozi.it\/wp-content\/uploads\/2019\/05\/8-1-64x32.png 64w, https:\/\/www.creaearredanegozi.it\/wp-content\/uploads\/2019\/05\/8-1-200x100.png 200w, https:\/\/www.creaearredanegozi.it\/wp-content\/uploads\/2019\/05\/8-1-400x200.png 400w\" sizes=\"(max-width: 500px) 100vw, 500px\" \/><\/p>\n<p><strong>Available sizes:<\/strong><\/p>\n<ul>\n<li>40x70x85 cm<\/li>\n<li>50x70x85 cm<\/li>\n<li>60x70x85 cm<\/li>\n<li>70x70x85 cm<\/li>\n<li>80x70x85 cm<\/li>\n<li>90x70x85 cm<\/li>\n<li>100x70x85 cm<\/li>\n<li>110x70x85 cm<\/li>\n<li>120x70x85 cm<\/li>\n<li>130x70x85 cm<\/li>\n<li>140x70x85 cm<\/li>\n<li>150x70x85 cm<\/li>\n<li>160x70x85 cm<\/li>\n<li>170x70x85 cm<\/li>\n<li>180x70x85 cm<\/li>\n<li>190x70x85 cm<\/li>\n<li>200x70x85 cm<\/li>\n<\/ul>","protected":false},"excerpt":{"rendered":"<p>Tavolo a giorno gambe tonde \u00d8 50 cm Aisi 430 profondit\u00e0 70 cm Tavolo da lavoro in acciaio Aisi 430 su gambe tonde con telaio, senza alzatina. Gambe diametro \u00d8 50 cm. Tubolari telaio diametro \u00d8 40 cm Profondit\u00e0 70 cm Altezza 85 cm Dimensioni disponibili: 40x70x85 cm 50x70x85 cm 60x70x85 cm 70x70x85 cm 80x70x85 [&#8230;]","protected":false},"featured_media":23921,"comment_status":"closed","ping_status":"closed","template":"","meta":{"_monsterinsights_skip_tracking":false,"_monsterinsights_sitenote_active":false,"_monsterinsights_sitenote_note":"","_monsterinsights_sitenote_category":0},"product_brand":[],"product_cat":[18,121],"product_tag":[],"class_list":{"0":"post-24026","1":"product","2":"type-product","3":"status-publish","4":"has-post-thumbnail","6":"product_cat-arredo-acciaio-inox","7":"product_cat-tavoli-refrigerati-lavorazione-inox","8":"pa_dotazione-senza-alzatina","9":"pa_dotazione-senza-ripiano-inferiore","10":"pa_profondita-linea-70","11":"pa_tipo-acciaio-aisi-linea-eco-aisi-430","12":"pa_versione-a-giorno","14":"first","15":"instock","16":"taxable","17":"shipping-taxable","18":"purchasable","19":"product-type-variable"},"_links":{"self":[{"href":"https:\/\/www.creaearredanegozi.it\/en\/wp-json\/wp\/v2\/product\/24026","targetHints":{"allow":["GET"]}}],"collection":[{"href":"https:\/\/www.creaearredanegozi.it\/en\/wp-json\/wp\/v2\/product"}],"about":[{"href":"https:\/\/www.creaearredanegozi.it\/en\/wp-json\/wp\/v2\/types\/product"}],"replies":[{"embeddable":true,"href":"https:\/\/www.creaearredanegozi.it\/en\/wp-json\/wp\/v2\/comments?post=24026"}],"wp:featuredmedia":[{"embeddable":true,"href":"https:\/\/www.creaearredanegozi.it\/en\/wp-json\/wp\/v2\/media\/23921"}],"wp:attachment":[{"href":"https:\/\/www.creaearredanegozi.it\/en\/wp-json\/wp\/v2\/media?parent=24026"}],"wp:term":[{"taxonomy":"product_brand","embeddable":true,"href":"https:\/\/www.creaearredanegozi.it\/en\/wp-json\/wp\/v2\/product_brand?post=24026"},{"taxonomy":"product_cat","embeddable":true,"href":"https:\/\/www.creaearredanegozi.it\/en\/wp-json\/wp\/v2\/product_cat?post=24026"},{"taxonomy":"product_tag","embeddable":true,"href":"https:\/\/www.creaearredanegozi.it\/en\/wp-json\/wp\/v2\/product_tag?post=24026"}],"curies":[{"name":"wp","href":"https:\/\/api.w.org\/{rel}","templated":true}]}}