{"id":25899,"date":"2019-05-30T16:49:18","date_gmt":"2019-05-30T14:49:18","guid":{"rendered":"https:\/\/www.creaearredanegozi.it\/?post_type=product&#038;p=25899"},"modified":"2024-02-16T20:20:07","modified_gmt":"2024-02-16T19:20:07","slug":"lavatoio-1-vasca-acciaio-ripiano-inferiore-inox-aisi-430-profondita-60-cm","status":"publish","type":"product","link":"https:\/\/www.creaearredanegozi.it\/en\/lavatoio-1-vasca-acciaio-ripiano-inferiore-inox-aisi-430-profondita-60-cm\/","title":{"rendered":"Sink 1 basin bottom shelf stainless steel Aisi 430 depth 60 cm"},"content":{"rendered":"<p><strong>Sink 1 basin bottom shelf stainless steel Aisi 430 depth 60 cm<\/strong><\/p>\n<p>Lavatoio in acciaio inox Aisi 430 su 4 gambe quadrate e ripiano inferiore, con alzatina. Profondit\u00e0 vasca 30 cm.<\/p>\n<ul>\n<li>Depth 60 cm.<\/li>\n<li>Height 85 cm.<\/li>\n<li>Supplied Disassembled<\/li>\n<\/ul>\n<p><img decoding=\"async\" class=\"alignnone size-medium wp-image-25897 aligncenter\" src=\"https:\/\/www.creaearredanegozi.it\/wp-content\/uploads\/2019\/05\/lavatoio-dim-500x282.png\" alt=\"\" width=\"500\" height=\"282\" title=\"\" srcset=\"https:\/\/www.creaearredanegozi.it\/wp-content\/uploads\/2019\/05\/lavatoio-dim.png 500w, https:\/\/www.creaearredanegozi.it\/wp-content\/uploads\/2019\/05\/lavatoio-dim-64x36.png 64w, https:\/\/www.creaearredanegozi.it\/wp-content\/uploads\/2019\/05\/lavatoio-dim-200x113.png 200w, https:\/\/www.creaearredanegozi.it\/wp-content\/uploads\/2019\/05\/lavatoio-dim-400x226.png 400w\" sizes=\"(max-width: 500px) 100vw, 500px\" \/><\/p>\n<p><strong>Available sizes:<\/strong><\/p>\n<ul>\n<li>50x60x85 cm. Vasca: 40x40x30 cm<\/li>\n<li>60x60x85 cm Tub: 40x40x30 cm<\/li>\n<li>70x60x85 cm Tub: 50x40x30 cm<\/li>\n<li>80x60x85 cm Tub: 50x40x30 cm<\/li>\n<\/ul>","protected":false},"excerpt":{"rendered":"<p>Lavatoio 1 vasca ripiano inferiore acciaio inox Aisi 430 profondit\u00e0 60 cm Lavatoio in acciaio inox Aisi 430 su 4 gambe quadrate e ripiano inferiore, con alzatina. Profondit\u00e0 vasca 30 cm. Profondit\u00e0 60 cm. Altezza 85 cm. Fornito Smontato Dimensioni disponibili: 50x60x85 cm. Vasca: 40x40x30 cm 60x60x85 cm Vasca: 40x40x30 cm 70x60x85 cm Vasca: 50x40x30 [&#8230;]","protected":false},"featured_media":126800,"comment_status":"closed","ping_status":"closed","template":"","meta":{"_monsterinsights_skip_tracking":false,"_monsterinsights_sitenote_active":false,"_monsterinsights_sitenote_note":"","_monsterinsights_sitenote_category":0},"product_brand":[772],"product_cat":[119,18],"product_tag":[],"class_list":{"0":"post-25899","1":"product","2":"type-product","3":"status-publish","4":"has-post-thumbnail","6":"product_brand-crea-e-arreda-negozi","7":"product_cat-lavatoi","8":"product_cat-arredo-acciaio-inox","9":"pa_dotazione-1-vasca","10":"pa_dotazione-con-alzatina","11":"pa_dotazione-con-ripiano-inferiore","12":"pa_profondita-linea-60","13":"pa_tipo-acciaio-aisi-linea-eco-aisi-430","14":"pa_versione-a-giorno","16":"first","17":"instock","18":"taxable","19":"shipping-taxable","20":"purchasable","21":"product-type-variable"},"_links":{"self":[{"href":"https:\/\/www.creaearredanegozi.it\/en\/wp-json\/wp\/v2\/product\/25899","targetHints":{"allow":["GET"]}}],"collection":[{"href":"https:\/\/www.creaearredanegozi.it\/en\/wp-json\/wp\/v2\/product"}],"about":[{"href":"https:\/\/www.creaearredanegozi.it\/en\/wp-json\/wp\/v2\/types\/product"}],"replies":[{"embeddable":true,"href":"https:\/\/www.creaearredanegozi.it\/en\/wp-json\/wp\/v2\/comments?post=25899"}],"wp:featuredmedia":[{"embeddable":true,"href":"https:\/\/www.creaearredanegozi.it\/en\/wp-json\/wp\/v2\/media\/126800"}],"wp:attachment":[{"href":"https:\/\/www.creaearredanegozi.it\/en\/wp-json\/wp\/v2\/media?parent=25899"}],"wp:term":[{"taxonomy":"product_brand","embeddable":true,"href":"https:\/\/www.creaearredanegozi.it\/en\/wp-json\/wp\/v2\/product_brand?post=25899"},{"taxonomy":"product_cat","embeddable":true,"href":"https:\/\/www.creaearredanegozi.it\/en\/wp-json\/wp\/v2\/product_cat?post=25899"},{"taxonomy":"product_tag","embeddable":true,"href":"https:\/\/www.creaearredanegozi.it\/en\/wp-json\/wp\/v2\/product_tag?post=25899"}],"curies":[{"name":"wp","href":"https:\/\/api.w.org\/{rel}","templated":true}]}}