{"id":25912,"date":"2019-05-30T16:58:08","date_gmt":"2019-05-30T14:58:08","guid":{"rendered":"https:\/\/www.creaearredanegozi.it\/?post_type=product&#038;p=25912"},"modified":"2024-02-28T10:00:15","modified_gmt":"2024-02-28T09:00:15","slug":"lavatoio-1-vasca-acciaio-ripiano-inferiore-gambe-tonde-inox-aisi-430-profondita-60-cm","status":"publish","type":"product","link":"https:\/\/www.creaearredanegozi.it\/en\/lavatoio-1-vasca-acciaio-ripiano-inferiore-gambe-tonde-inox-aisi-430-profondita-60-cm\/","title":{"rendered":"Sink 1 basin bottom shelf round legs stainless steel Aisi 430 depth 60 cm"},"content":{"rendered":"<p style=\"text-align: center;\"><strong>Sink 1 basin bottom shelf round legs stainless steel Aisi 430 depth 60 cm<\/strong><\/p>\n<p>Lavatoio in acciaio inox, struttura in Aisi 430, vasca e top in AISI 304, su 4 gambe tonde \u00f8 50 e ripiano inferiore, con alzatina. Profondit\u00e0 Vasca 30 cm incluso piletta di scarico<\/p>\n<ul>\n<li>Cabinet depth 60 cm.<\/li>\n<li>Height 85 cm + 10 cm splashback<\/li>\n<li>Supplied disassembled<\/li>\n<\/ul>\n<p><img decoding=\"async\" class=\"alignnone size-medium wp-image-25897 aligncenter\" src=\"https:\/\/www.creaearredanegozi.it\/wp-content\/uploads\/2019\/05\/lavatoio-dim-500x282.png\" alt=\"\" width=\"500\" height=\"282\" title=\"\" srcset=\"https:\/\/www.creaearredanegozi.it\/wp-content\/uploads\/2019\/05\/lavatoio-dim.png 500w, https:\/\/www.creaearredanegozi.it\/wp-content\/uploads\/2019\/05\/lavatoio-dim-64x36.png 64w, https:\/\/www.creaearredanegozi.it\/wp-content\/uploads\/2019\/05\/lavatoio-dim-200x113.png 200w, https:\/\/www.creaearredanegozi.it\/wp-content\/uploads\/2019\/05\/lavatoio-dim-400x226.png 400w\" sizes=\"(max-width: 500px) 100vw, 500px\" \/><\/p>\n<p><strong>Available sizes<\/strong><\/p>\n<table style=\"border-collapse: collapse; width: 100%;\" class=\"mtr-table mtr-tr-td\">\n<tbody>\n<tr>\n<td style=\"width: 20%; text-align: center;\" data-mtr-content=\"Lunghezza (cm)\" class=\"mtr-td-tag\"><div class=\"mtr-cell-content\"><strong>Length (cm)<\/strong><\/div><\/td>\n<td style=\"width: 20%; text-align: center;\" data-mtr-content=\"Profondit\u00e0 (cm)\" class=\"mtr-td-tag\"><div class=\"mtr-cell-content\"><strong>Depth (cm)<\/strong><\/div><\/td>\n<td style=\"width: 20%; text-align: center;\" data-mtr-content=\"Altezza (cm)\" class=\"mtr-td-tag\"><div class=\"mtr-cell-content\"><strong>Height (cm)<\/strong><\/div><\/td>\n<td style=\"width: 20%; text-align: center;\" data-mtr-content=\"Dim. Vasca\" class=\"mtr-td-tag\"><div class=\"mtr-cell-content\"><strong>Dim. Vasca<\/strong><\/div><\/td>\n<td style=\"width: 20%; text-align: center;\" data-mtr-content=\"Peso (kg)\" class=\"mtr-td-tag\"><div class=\"mtr-cell-content\"><strong>Weight (kg)<\/strong><\/div><\/td>\n<\/tr>\n<tr>\n<td style=\"width: 20%; text-align: center;\" data-mtr-content=\"Lunghezza (cm)\" class=\"mtr-td-tag\"><div class=\"mtr-cell-content\">50<\/div><\/td>\n<td style=\"width: 20%; text-align: center;\" data-mtr-content=\"Profondit\u00e0 (cm)\" class=\"mtr-td-tag\"><div class=\"mtr-cell-content\">60<\/div><\/td>\n<td style=\"width: 20%; text-align: center;\" data-mtr-content=\"Altezza (cm)\" class=\"mtr-td-tag\"><div class=\"mtr-cell-content\">85+10<\/div><\/td>\n<td style=\"width: 20%; text-align: center;\" data-mtr-content=\"Dim. Vasca\" class=\"mtr-td-tag\"><div class=\"mtr-cell-content\">40x40x30<\/div><\/td>\n<td style=\"width: 20%; text-align: center;\" data-mtr-content=\"Peso (kg)\" class=\"mtr-td-tag\"><div class=\"mtr-cell-content\">25<\/div><\/td>\n<\/tr>\n<tr>\n<td style=\"width: 20%; text-align: center;\" data-mtr-content=\"Lunghezza (cm)\" class=\"mtr-td-tag\"><div class=\"mtr-cell-content\">60<\/div><\/td>\n<td style=\"width: 20%; text-align: center;\" data-mtr-content=\"Profondit\u00e0 (cm)\" class=\"mtr-td-tag\"><div class=\"mtr-cell-content\">60<\/div><\/td>\n<td style=\"width: 20%; text-align: center;\" data-mtr-content=\"Altezza (cm)\" class=\"mtr-td-tag\"><div class=\"mtr-cell-content\">85+10<\/div><\/td>\n<td style=\"width: 20%; text-align: center;\" data-mtr-content=\"Dim. Vasca\" class=\"mtr-td-tag\"><div class=\"mtr-cell-content\">40x40x30<\/div><\/td>\n<td style=\"width: 20%; text-align: center;\" data-mtr-content=\"Peso (kg)\" class=\"mtr-td-tag\"><div class=\"mtr-cell-content\">26<\/div><\/td>\n<\/tr>\n<tr>\n<td style=\"width: 20%; text-align: center;\" data-mtr-content=\"Lunghezza (cm)\" class=\"mtr-td-tag\"><div class=\"mtr-cell-content\">70<\/div><\/td>\n<td style=\"width: 20%; text-align: center;\" data-mtr-content=\"Profondit\u00e0 (cm)\" class=\"mtr-td-tag\"><div class=\"mtr-cell-content\">60<\/div><\/td>\n<td style=\"width: 20%; text-align: center;\" data-mtr-content=\"Altezza (cm)\" class=\"mtr-td-tag\"><div class=\"mtr-cell-content\">85+10<\/div><\/td>\n<td style=\"width: 20%; text-align: center;\" data-mtr-content=\"Dim. Vasca\" class=\"mtr-td-tag\"><div class=\"mtr-cell-content\">50x40x30<\/div><\/td>\n<td style=\"width: 20%; text-align: center;\" data-mtr-content=\"Peso (kg)\" class=\"mtr-td-tag\"><div class=\"mtr-cell-content\">27<\/div><\/td>\n<\/tr>\n<tr>\n<td style=\"width: 20%; text-align: center;\" data-mtr-content=\"Lunghezza (cm)\" class=\"mtr-td-tag\"><div class=\"mtr-cell-content\">80<\/div><\/td>\n<td style=\"width: 20%; text-align: center;\" data-mtr-content=\"Profondit\u00e0 (cm)\" class=\"mtr-td-tag\"><div class=\"mtr-cell-content\">60<\/div><\/td>\n<td style=\"width: 20%; text-align: center;\" data-mtr-content=\"Altezza (cm)\" class=\"mtr-td-tag\"><div class=\"mtr-cell-content\">85+10<\/div><\/td>\n<td style=\"width: 20%; text-align: center;\" data-mtr-content=\"Dim. Vasca\" class=\"mtr-td-tag\"><div class=\"mtr-cell-content\">50x40x30<\/div><\/td>\n<td style=\"width: 20%; text-align: center;\" data-mtr-content=\"Peso (kg)\" class=\"mtr-td-tag\"><div class=\"mtr-cell-content\">32<\/div><\/td>\n<\/tr>\n<\/tbody>\n<\/table>\n<p>&nbsp;<\/p>","protected":false},"excerpt":{"rendered":"<p>Lavatoio 1 vasca ripiano inferiore gambe tonde acciaio inox Aisi 430 profondit\u00e0 60 cm Lavatoio in acciaio inox, struttura in Aisi 430, vasca e top in AISI 304, su 4 gambe tonde \u00f8 50 e ripiano inferiore, con alzatina. Profondit\u00e0 Vasca 30 cm incluso piletta di scarico Profondit\u00e0 mobile 60 cm. Altezza 85 cm + [&#8230;]","protected":false},"featured_media":126438,"comment_status":"closed","ping_status":"closed","template":"","meta":{"_monsterinsights_skip_tracking":false,"_monsterinsights_sitenote_active":false,"_monsterinsights_sitenote_note":"","_monsterinsights_sitenote_category":0},"product_brand":[772],"product_cat":[119,18],"product_tag":[],"class_list":{"0":"post-25912","1":"product","2":"type-product","3":"status-publish","4":"has-post-thumbnail","6":"product_brand-crea-e-arreda-negozi","7":"product_cat-lavatoi","8":"product_cat-arredo-acciaio-inox","9":"pa_dotazione-1-vasca","10":"pa_dotazione-con-alzatina","11":"pa_dotazione-con-ripiano-inferiore","12":"pa_profondita-linea-60","13":"pa_tipo-acciaio-aisi-linea-eco-aisi-430","14":"pa_versione-a-giorno","16":"first","17":"instock","18":"taxable","19":"shipping-taxable","20":"purchasable","21":"product-type-variable"},"_links":{"self":[{"href":"https:\/\/www.creaearredanegozi.it\/en\/wp-json\/wp\/v2\/product\/25912","targetHints":{"allow":["GET"]}}],"collection":[{"href":"https:\/\/www.creaearredanegozi.it\/en\/wp-json\/wp\/v2\/product"}],"about":[{"href":"https:\/\/www.creaearredanegozi.it\/en\/wp-json\/wp\/v2\/types\/product"}],"replies":[{"embeddable":true,"href":"https:\/\/www.creaearredanegozi.it\/en\/wp-json\/wp\/v2\/comments?post=25912"}],"wp:featuredmedia":[{"embeddable":true,"href":"https:\/\/www.creaearredanegozi.it\/en\/wp-json\/wp\/v2\/media\/126438"}],"wp:attachment":[{"href":"https:\/\/www.creaearredanegozi.it\/en\/wp-json\/wp\/v2\/media?parent=25912"}],"wp:term":[{"taxonomy":"product_brand","embeddable":true,"href":"https:\/\/www.creaearredanegozi.it\/en\/wp-json\/wp\/v2\/product_brand?post=25912"},{"taxonomy":"product_cat","embeddable":true,"href":"https:\/\/www.creaearredanegozi.it\/en\/wp-json\/wp\/v2\/product_cat?post=25912"},{"taxonomy":"product_tag","embeddable":true,"href":"https:\/\/www.creaearredanegozi.it\/en\/wp-json\/wp\/v2\/product_tag?post=25912"}],"curies":[{"name":"wp","href":"https:\/\/api.w.org\/{rel}","templated":true}]}}