{"id":26094,"date":"2019-05-31T15:31:51","date_gmt":"2019-05-31T13:31:51","guid":{"rendered":"https:\/\/www.creaearredanegozi.it\/?post_type=product&#038;p=26094"},"modified":"2024-02-26T17:09:41","modified_gmt":"2024-02-26T16:09:41","slug":"washbasin-1-tub-drip-pan-right-bottom-shelf-round-legs-stainless-steel-aisi-430-depth-60-cm-copy","status":"publish","type":"product","link":"https:\/\/www.creaearredanegozi.it\/en\/washbasin-1-tub-drip-pan-right-bottom-shelf-round-legs-stainless-steel-aisi-430-depth-60-cm-copy\/","title":{"rendered":"Washbasin 1 tub drip pan right bottom shelf round legs stainless steel Aisi 430 depth 60 cm"},"content":{"rendered":"<p><strong>Washbasin 1 tub drip pan right bottom shelf round legs stainless steel Aisi 430 depth 60 cm<\/strong><\/p>\n<p>Stainless steel sink, Aisi 430 frame, Aisi 304 tank and top, on 4 round legs \u00f8 50 and bottom shelf, with 1 basin, drip pan on right. Tub depth 40 cm and height 30 cm. Equipped with splashback.<\/p>\n<ul>\n<li>Depth 60 cm.<\/li>\n<li>Height 85 cm.<\/li>\n<li>Supplied disassembled<\/li>\n<\/ul>\n<p><img decoding=\"async\" class=\"alignnone size-medium wp-image-25897 aligncenter\" src=\"https:\/\/www.creaearredanegozi.it\/wp-content\/uploads\/2019\/05\/lavatoio-dim-500x282.png\" alt=\"\" width=\"500\" height=\"282\" title=\"\" srcset=\"https:\/\/www.creaearredanegozi.it\/wp-content\/uploads\/2019\/05\/lavatoio-dim.png 500w, https:\/\/www.creaearredanegozi.it\/wp-content\/uploads\/2019\/05\/lavatoio-dim-64x36.png 64w, https:\/\/www.creaearredanegozi.it\/wp-content\/uploads\/2019\/05\/lavatoio-dim-200x113.png 200w, https:\/\/www.creaearredanegozi.it\/wp-content\/uploads\/2019\/05\/lavatoio-dim-400x226.png 400w\" sizes=\"(max-width: 500px) 100vw, 500px\" \/><\/p>\n<p><strong>Available sizes:<\/strong><\/p>\n<ul>\n<li>100x60x85 cm. Tub: 40x40x30 cm<\/li>\n<li>110x60x85 cm Tub: 50x40x30 cm<\/li>\n<li>120x60x85 cm Tub: 50x40x30 cm<\/li>\n<li>130x60x85 cm Tub: 50x40x30 cm<\/li>\n<li>140x60x85 cm Tub: 50x40x30 cm<\/li>\n<li>150x60x85 cm Tub: 50x40x30 cm<\/li>\n<li>160x60x85 cm Tub: 50x40x30 cm<\/li>\n<\/ul>","protected":false},"excerpt":{"rendered":"<p>Lavatoio 1 vasca gocciolatoio a destra ripiano inferiore gambe tonde acciaio inox Aisi 430 profondit\u00e0 60 cm Lavatoio in acciaio inox, struttura in Aisi 430, vasca e top in Aisi 304, su 4 gambe tonde \u00f8 50 e ripiano inferiore, con 1 vasca, gocciolatoio a destra. Vasca profondit\u00e0 40 cm e altezza 30 cm. Dotato [&#8230;]","protected":false},"featured_media":126922,"comment_status":"closed","ping_status":"closed","template":"","meta":{"_monsterinsights_skip_tracking":false,"_monsterinsights_sitenote_active":false,"_monsterinsights_sitenote_note":"","_monsterinsights_sitenote_category":0},"product_brand":[772],"product_cat":[18,119],"product_tag":[],"class_list":{"0":"post-26094","1":"product","2":"type-product","3":"status-publish","4":"has-post-thumbnail","6":"product_brand-crea-e-arreda-negozi","7":"product_cat-arredo-acciaio-inox","8":"product_cat-lavatoi","9":"pa_dotazione-1-vasca","10":"pa_dotazione-con-alzatina","11":"pa_dotazione-con-gocciolatoio","12":"pa_dotazione-con-ripiano-inferiore","13":"pa_profondita-linea-60","14":"pa_tipo-acciaio-aisi-linea-eco-aisi-430","15":"pa_versione-a-giorno","17":"first","18":"instock","19":"taxable","20":"shipping-taxable","21":"purchasable","22":"product-type-variable"},"_links":{"self":[{"href":"https:\/\/www.creaearredanegozi.it\/en\/wp-json\/wp\/v2\/product\/26094","targetHints":{"allow":["GET"]}}],"collection":[{"href":"https:\/\/www.creaearredanegozi.it\/en\/wp-json\/wp\/v2\/product"}],"about":[{"href":"https:\/\/www.creaearredanegozi.it\/en\/wp-json\/wp\/v2\/types\/product"}],"replies":[{"embeddable":true,"href":"https:\/\/www.creaearredanegozi.it\/en\/wp-json\/wp\/v2\/comments?post=26094"}],"wp:featuredmedia":[{"embeddable":true,"href":"https:\/\/www.creaearredanegozi.it\/en\/wp-json\/wp\/v2\/media\/126922"}],"wp:attachment":[{"href":"https:\/\/www.creaearredanegozi.it\/en\/wp-json\/wp\/v2\/media?parent=26094"}],"wp:term":[{"taxonomy":"product_brand","embeddable":true,"href":"https:\/\/www.creaearredanegozi.it\/en\/wp-json\/wp\/v2\/product_brand?post=26094"},{"taxonomy":"product_cat","embeddable":true,"href":"https:\/\/www.creaearredanegozi.it\/en\/wp-json\/wp\/v2\/product_cat?post=26094"},{"taxonomy":"product_tag","embeddable":true,"href":"https:\/\/www.creaearredanegozi.it\/en\/wp-json\/wp\/v2\/product_tag?post=26094"}],"curies":[{"name":"wp","href":"https:\/\/api.w.org\/{rel}","templated":true}]}}