{"id":26158,"date":"2019-06-01T13:39:59","date_gmt":"2019-06-01T11:39:59","guid":{"rendered":"https:\/\/www.creaearredanegozi.it\/?post_type=product&#038;p=26158"},"modified":"2024-06-11T12:16:12","modified_gmt":"2024-06-11T10:16:12","slug":"wash-basin-2-basins-and-drip-tray-right-bottom-shelf-round-legs-stainless-steel-aisi-430-depth-60-cm","status":"publish","type":"product","link":"https:\/\/www.creaearredanegozi.it\/en\/wash-basin-2-basins-and-drip-tray-right-bottom-shelf-round-legs-stainless-steel-aisi-430-depth-60-cm\/","title":{"rendered":"Washbasin 2 basins and drip tray right bottom shelf round legs stainless steel Aisi 430 depth 60 cm"},"content":{"rendered":"<p style=\"text-align: center;\"><strong>Washbasin 2 basins and drip tray right bottom shelf legs round stainless steel Aisi 430 depth 60 cm<\/strong><\/p>\n<p>Stainless steel sink, AISI 304 top and bowls, AISI 430 frame and shelf, on 4 round legs \u00f8 50 cm and bottom shelf, with 2 bowls and 1 drip tray on the right. Tub depth 30 cm.<\/p>\n<ul>\n<li>Equipped with splashback and drains,<\/li>\n<li>Depth 60 cm,<\/li>\n<li>Height 85 cm,<\/li>\n<li>Supplied disassembled.<\/li>\n<\/ul>\n<p><a href=\"https:\/\/www.creaearredanegozi.it\/wp-content\/uploads\/2019\/06\/43-1.png\"><img decoding=\"async\" class=\"alignnone wp-image-128214 size-full aligncenter\" style=\"max-width: 500px;\" src=\"https:\/\/www.creaearredanegozi.it\/wp-content\/uploads\/2019\/06\/43-1.png\" alt=\"\" width=\"100%\" height=\"auto\" title=\"\" srcset=\"https:\/\/www.creaearredanegozi.it\/wp-content\/uploads\/2019\/06\/43-1.png 500w, https:\/\/www.creaearredanegozi.it\/wp-content\/uploads\/2019\/06\/43-1-64x36.png 64w\" sizes=\"(max-width: 500px) 100vw, 500px\" \/><\/a><\/p>\n<p><strong>Available sizes<\/strong><\/p>\n<table style=\"border-collapse: collapse; width: 100%;\" class=\"mtr-table mtr-tr-td\">\n<tbody>\n<tr>\n<td style=\"width: 20%; text-align: center;\" data-mtr-content=\"Lunghezza (cm)\" class=\"mtr-td-tag\"><div class=\"mtr-cell-content\"><strong>Length (cm)<\/strong><\/div><\/td>\n<td style=\"width: 20%; text-align: center;\" data-mtr-content=\"Profondit\u00e0 (cm)\" class=\"mtr-td-tag\"><div class=\"mtr-cell-content\"><strong>Depth (cm)<\/strong><\/div><\/td>\n<td style=\"width: 15%; text-align: center;\" data-mtr-content=\"Altezza (cm)\" class=\"mtr-td-tag\"><div class=\"mtr-cell-content\"><strong>Height (cm)<\/strong><\/div><\/td>\n<td style=\"width: 25%; text-align: center;\" data-mtr-content=\"Dim. Vasca (LxPxH cm)\" class=\"mtr-td-tag\"><div class=\"mtr-cell-content\"><strong>Tub Size (WxDxH cm)<\/strong><\/div><\/td>\n<td style=\"width: 20%; text-align: center;\" data-mtr-content=\"Peso (Kg)\" class=\"mtr-td-tag\"><div class=\"mtr-cell-content\"><strong>Weight (Kg)<\/strong><\/div><\/td>\n<\/tr>\n<tr>\n<td style=\"width: 20%; text-align: center;\" data-mtr-content=\"Lunghezza (cm)\" class=\"mtr-td-tag\"><div class=\"mtr-cell-content\">140<\/div><\/td>\n<td style=\"width: 20%; text-align: center;\" data-mtr-content=\"Profondit\u00e0 (cm)\" class=\"mtr-td-tag\"><div class=\"mtr-cell-content\">60<\/div><\/td>\n<td style=\"width: 15%; text-align: center;\" data-mtr-content=\"Altezza (cm)\" class=\"mtr-td-tag\"><div class=\"mtr-cell-content\">85<\/div><\/td>\n<td style=\"width: 25%; text-align: center;\" data-mtr-content=\"Dim. Vasca (LxPxH cm)\" class=\"mtr-td-tag\"><div class=\"mtr-cell-content\">40x40x30<\/div><\/td>\n<td style=\"width: 20%; text-align: center;\" data-mtr-content=\"Peso (Kg)\" class=\"mtr-td-tag\"><div class=\"mtr-cell-content\">45<\/div><\/td>\n<\/tr>\n<tr>\n<td style=\"width: 20%; text-align: center;\" data-mtr-content=\"Lunghezza (cm)\" class=\"mtr-td-tag\"><div class=\"mtr-cell-content\">150<\/div><\/td>\n<td style=\"width: 20%; text-align: center;\" data-mtr-content=\"Profondit\u00e0 (cm)\" class=\"mtr-td-tag\"><div class=\"mtr-cell-content\">60<\/div><\/td>\n<td style=\"width: 15%; text-align: center;\" data-mtr-content=\"Altezza (cm)\" class=\"mtr-td-tag\"><div class=\"mtr-cell-content\">85<\/div><\/td>\n<td style=\"width: 25%; text-align: center;\" data-mtr-content=\"Dim. Vasca (LxPxH cm)\" class=\"mtr-td-tag\"><div class=\"mtr-cell-content\">40x40x30<\/div><\/td>\n<td style=\"width: 20%; text-align: center;\" data-mtr-content=\"Peso (Kg)\" class=\"mtr-td-tag\"><div class=\"mtr-cell-content\">47<\/div><\/td>\n<\/tr>\n<tr>\n<td style=\"width: 20%; text-align: center;\" data-mtr-content=\"Lunghezza (cm)\" class=\"mtr-td-tag\"><div class=\"mtr-cell-content\">160<\/div><\/td>\n<td style=\"width: 20%; text-align: center;\" data-mtr-content=\"Profondit\u00e0 (cm)\" class=\"mtr-td-tag\"><div class=\"mtr-cell-content\">60<\/div><\/td>\n<td style=\"width: 15%; text-align: center;\" data-mtr-content=\"Altezza (cm)\" class=\"mtr-td-tag\"><div class=\"mtr-cell-content\">85<\/div><\/td>\n<td style=\"width: 25%; text-align: center;\" data-mtr-content=\"Dim. Vasca (LxPxH cm)\" class=\"mtr-td-tag\"><div class=\"mtr-cell-content\">50x40x30<\/div><\/td>\n<td style=\"width: 20%; text-align: center;\" data-mtr-content=\"Peso (Kg)\" class=\"mtr-td-tag\"><div class=\"mtr-cell-content\">50<\/div><\/td>\n<\/tr>\n<tr>\n<td style=\"width: 20%; text-align: center;\" data-mtr-content=\"Lunghezza (cm)\" class=\"mtr-td-tag\"><div class=\"mtr-cell-content\">170<\/div><\/td>\n<td style=\"width: 20%; text-align: center;\" data-mtr-content=\"Profondit\u00e0 (cm)\" class=\"mtr-td-tag\"><div class=\"mtr-cell-content\">60<\/div><\/td>\n<td style=\"width: 15%; text-align: center;\" data-mtr-content=\"Altezza (cm)\" class=\"mtr-td-tag\"><div class=\"mtr-cell-content\">85<\/div><\/td>\n<td style=\"width: 25%; text-align: center;\" data-mtr-content=\"Dim. Vasca (LxPxH cm)\" class=\"mtr-td-tag\"><div class=\"mtr-cell-content\">50x40x30<\/div><\/td>\n<td style=\"width: 20%; text-align: center;\" data-mtr-content=\"Peso (Kg)\" class=\"mtr-td-tag\"><div class=\"mtr-cell-content\">53<\/div><\/td>\n<\/tr>\n<tr>\n<td style=\"width: 20%; text-align: center;\" data-mtr-content=\"Lunghezza (cm)\" class=\"mtr-td-tag\"><div class=\"mtr-cell-content\">180<\/div><\/td>\n<td style=\"width: 20%; text-align: center;\" data-mtr-content=\"Profondit\u00e0 (cm)\" class=\"mtr-td-tag\"><div class=\"mtr-cell-content\">60<\/div><\/td>\n<td style=\"width: 15%; text-align: center;\" data-mtr-content=\"Altezza (cm)\" class=\"mtr-td-tag\"><div class=\"mtr-cell-content\">85<\/div><\/td>\n<td style=\"width: 25%; text-align: center;\" data-mtr-content=\"Dim. Vasca (LxPxH cm)\" class=\"mtr-td-tag\"><div class=\"mtr-cell-content\">50x40x30<\/div><\/td>\n<td style=\"width: 20%; text-align: center;\" data-mtr-content=\"Peso (Kg)\" class=\"mtr-td-tag\"><div class=\"mtr-cell-content\">55<\/div><\/td>\n<\/tr>\n<tr>\n<td style=\"width: 20%; text-align: center;\" data-mtr-content=\"Lunghezza (cm)\" class=\"mtr-td-tag\"><div class=\"mtr-cell-content\">190<\/div><\/td>\n<td style=\"width: 20%; text-align: center;\" data-mtr-content=\"Profondit\u00e0 (cm)\" class=\"mtr-td-tag\"><div class=\"mtr-cell-content\">60<\/div><\/td>\n<td style=\"width: 15%; text-align: center;\" data-mtr-content=\"Altezza (cm)\" class=\"mtr-td-tag\"><div class=\"mtr-cell-content\">85<\/div><\/td>\n<td style=\"width: 25%; text-align: center;\" data-mtr-content=\"Dim. Vasca (LxPxH cm)\" class=\"mtr-td-tag\"><div class=\"mtr-cell-content\">50x40x30<\/div><\/td>\n<td style=\"width: 20%; text-align: center;\" data-mtr-content=\"Peso (Kg)\" class=\"mtr-td-tag\"><div class=\"mtr-cell-content\">57<\/div><\/td>\n<\/tr>\n<tr>\n<td style=\"width: 20%; text-align: center;\" data-mtr-content=\"Lunghezza (cm)\" class=\"mtr-td-tag\"><div class=\"mtr-cell-content\">200<\/div><\/td>\n<td style=\"width: 20%; text-align: center;\" data-mtr-content=\"Profondit\u00e0 (cm)\" class=\"mtr-td-tag\"><div class=\"mtr-cell-content\">60<\/div><\/td>\n<td style=\"width: 15%; text-align: center;\" data-mtr-content=\"Altezza (cm)\" class=\"mtr-td-tag\"><div class=\"mtr-cell-content\">85<\/div><\/td>\n<td style=\"width: 25%; text-align: center;\" data-mtr-content=\"Dim. Vasca (LxPxH cm)\" class=\"mtr-td-tag\"><div class=\"mtr-cell-content\">50x40x30<\/div><\/td>\n<td style=\"width: 20%; text-align: center;\" data-mtr-content=\"Peso (Kg)\" class=\"mtr-td-tag\"><div class=\"mtr-cell-content\">60<\/div><\/td>\n<\/tr>\n<\/tbody>\n<\/table>","protected":false},"excerpt":{"rendered":"<p>Lavatoio 2 vasche e gocciolatoio a destra ripiano inferiore gambe tondi acciaio inox Aisi 430 profondit\u00e0 60 cm Lavatoio in acciaio inox, top e vasche in AISI 304, struttura e ripiano in AISI 430, su 4 gambe tonde \u00f8 50 cm e ripiano inferiore, con 2 vasche e 1 gocciolatoio a destra. Profondit\u00e0 vasca 30 [&#8230;]","protected":false},"featured_media":128215,"comment_status":"closed","ping_status":"closed","template":"","meta":{"_monsterinsights_skip_tracking":false,"_monsterinsights_sitenote_active":false,"_monsterinsights_sitenote_note":"","_monsterinsights_sitenote_category":0},"product_brand":[772],"product_cat":[119,18],"product_tag":[],"class_list":{"0":"post-26158","1":"product","2":"type-product","3":"status-publish","4":"has-post-thumbnail","6":"product_brand-crea-e-arreda-negozi","7":"product_cat-lavatoi","8":"product_cat-arredo-acciaio-inox","9":"pa_dotazione-2-vasche","10":"pa_dotazione-con-alzatina","11":"pa_dotazione-con-gocciolatoio","12":"pa_dotazione-con-ripiano-inferiore","13":"pa_profondita-linea-60","14":"pa_tipo-acciaio-aisi-linea-eco-aisi-430","15":"pa_versione-a-giorno","17":"first","18":"instock","19":"taxable","20":"shipping-taxable","21":"purchasable","22":"product-type-variable","23":"has-default-attributes"},"_links":{"self":[{"href":"https:\/\/www.creaearredanegozi.it\/en\/wp-json\/wp\/v2\/product\/26158","targetHints":{"allow":["GET"]}}],"collection":[{"href":"https:\/\/www.creaearredanegozi.it\/en\/wp-json\/wp\/v2\/product"}],"about":[{"href":"https:\/\/www.creaearredanegozi.it\/en\/wp-json\/wp\/v2\/types\/product"}],"replies":[{"embeddable":true,"href":"https:\/\/www.creaearredanegozi.it\/en\/wp-json\/wp\/v2\/comments?post=26158"}],"wp:featuredmedia":[{"embeddable":true,"href":"https:\/\/www.creaearredanegozi.it\/en\/wp-json\/wp\/v2\/media\/128215"}],"wp:attachment":[{"href":"https:\/\/www.creaearredanegozi.it\/en\/wp-json\/wp\/v2\/media?parent=26158"}],"wp:term":[{"taxonomy":"product_brand","embeddable":true,"href":"https:\/\/www.creaearredanegozi.it\/en\/wp-json\/wp\/v2\/product_brand?post=26158"},{"taxonomy":"product_cat","embeddable":true,"href":"https:\/\/www.creaearredanegozi.it\/en\/wp-json\/wp\/v2\/product_cat?post=26158"},{"taxonomy":"product_tag","embeddable":true,"href":"https:\/\/www.creaearredanegozi.it\/en\/wp-json\/wp\/v2\/product_tag?post=26158"}],"curies":[{"name":"wp","href":"https:\/\/api.w.org\/{rel}","templated":true}]}}