{"id":26187,"date":"2019-06-01T15:06:22","date_gmt":"2019-06-01T13:06:22","guid":{"rendered":"https:\/\/www.creaearredanegozi.it\/?post_type=product&#038;p=26187"},"modified":"2024-02-28T19:41:35","modified_gmt":"2024-02-28T18:41:35","slug":"lavatoio-1-vasca-ripiano-inferiore-gambe-tonde-acciaio-inox-aisi-430-profondita-60-cm","status":"publish","type":"product","link":"https:\/\/www.creaearredanegozi.it\/en\/lavatoio-1-vasca-ripiano-inferiore-gambe-tonde-acciaio-inox-aisi-430-profondita-60-cm\/","title":{"rendered":"Sink 1 basin bottom shelf round legs stainless steel Aisi 430 depth 60 cm"},"content":{"rendered":"<p><strong>Sink 1 basin bottom shelf round legs stainless steel Aisi 430 depth 60 cm<\/strong><\/p>\n<p>Lavatoio tutta vasca in acciaio inox, struttura in Aisi 430, vasca e top in AISI 304, su 4 gambe tonde \u00f8 50 mm e ripiano inferiore, con 1 vascone. Profondit\u00e0 vasca 30 cm. Dotato di Alzatina e piletta troppopieno<\/p>\n<ul>\n<li>Depth 60 cm.<\/li>\n<li>Height 85 cm.<\/li>\n<li>Supplied disassembled.<\/li>\n<\/ul>\n<p><img decoding=\"async\" class=\"alignnone size-medium wp-image-25897 aligncenter\" src=\"https:\/\/www.creaearredanegozi.it\/wp-content\/uploads\/2019\/05\/lavatoio-dim-500x282.png\" alt=\"\" width=\"500\" height=\"282\" title=\"\" srcset=\"https:\/\/www.creaearredanegozi.it\/wp-content\/uploads\/2019\/05\/lavatoio-dim.png 500w, https:\/\/www.creaearredanegozi.it\/wp-content\/uploads\/2019\/05\/lavatoio-dim-64x36.png 64w, https:\/\/www.creaearredanegozi.it\/wp-content\/uploads\/2019\/05\/lavatoio-dim-200x113.png 200w, https:\/\/www.creaearredanegozi.it\/wp-content\/uploads\/2019\/05\/lavatoio-dim-400x226.png 400w\" sizes=\"(max-width: 500px) 100vw, 500px\" \/><\/p>\n<p><strong>Available sizes<\/strong><\/p>\n<table class=\"table table-striped mtr-table mtr-tr-td\" width=\"100%\">\n<tbody>\n<tr>\n<td class=\"mtr-td-tag\" style=\"text-align: center;\" data-mtr-content=\"Lunghezza (cm)\">\n<div class=\"mtr-cell-content\"><strong>Length (cm)<\/strong><\/div>\n<\/td>\n<td class=\"mtr-td-tag\" style=\"text-align: center;\" data-mtr-content=\"Profondit\u00e0 (cm)\">\n<div class=\"mtr-cell-content\"><strong>Depth (cm)<\/strong><\/div>\n<\/td>\n<td class=\"mtr-td-tag\" style=\"text-align: center;\" data-mtr-content=\"Altezza (cm)\">\n<div class=\"mtr-cell-content\"><strong>Height (cm)<\/strong><\/div>\n<\/td>\n<td class=\"mtr-td-tag\" style=\"text-align: center;\" data-mtr-content=\"Dim. Vasca (cm)\">\n<div class=\"mtr-cell-content\"><strong>Tub Size (cm)<\/strong><\/div>\n<\/td>\n<td class=\"mtr-td-tag\" style=\"text-align: center;\" data-mtr-content=\"Peso (kg)\">\n<div class=\"mtr-cell-content\"><strong>Weight (kg)<\/strong><\/div>\n<\/td>\n<\/tr>\n<tr>\n<td class=\"mtr-td-tag\" style=\"text-align: center;\" data-mtr-content=\"Lunghezza (cm)\">\n<div class=\"mtr-cell-content\">100<\/div>\n<\/td>\n<td class=\"mtr-td-tag\" style=\"text-align: center;\" data-mtr-content=\"Profondit\u00e0 (cm)\">\n<div class=\"mtr-cell-content\">60<\/div>\n<\/td>\n<td class=\"mtr-td-tag\" style=\"text-align: center;\" data-mtr-content=\"Altezza (cm)\">\n<div class=\"mtr-cell-content\">85+10<\/div>\n<\/td>\n<td class=\"mtr-td-tag\" style=\"text-align: center;\" data-mtr-content=\"Dim. Vasca (cm)\">\n<div class=\"mtr-cell-content\">80 x 40 x 30<\/div>\n<\/td>\n<td class=\"mtr-td-tag\" style=\"text-align: center;\" data-mtr-content=\"Peso (kg)\">\n<div class=\"mtr-cell-content\">34<\/div>\n<\/td>\n<\/tr>\n<tr>\n<td class=\"mtr-td-tag\" style=\"text-align: center;\" data-mtr-content=\"Lunghezza (cm)\">\n<div class=\"mtr-cell-content\">120<\/div>\n<\/td>\n<td class=\"mtr-td-tag\" style=\"text-align: center;\" data-mtr-content=\"Profondit\u00e0 (cm)\">\n<div class=\"mtr-cell-content\">60<\/div>\n<\/td>\n<td class=\"mtr-td-tag\" style=\"text-align: center;\" data-mtr-content=\"Altezza (cm)\">\n<div class=\"mtr-cell-content\">85+10<\/div>\n<\/td>\n<td class=\"mtr-td-tag\" style=\"text-align: center;\" data-mtr-content=\"Dim. Vasca (cm)\">\n<div class=\"mtr-cell-content\">95 x 40 x 30<\/div>\n<\/td>\n<td class=\"mtr-td-tag\" style=\"text-align: center;\" data-mtr-content=\"Peso (kg)\">\n<div class=\"mtr-cell-content\">37<\/div>\n<\/td>\n<\/tr>\n<tr>\n<td class=\"mtr-td-tag\" style=\"text-align: center;\" data-mtr-content=\"Lunghezza (cm)\">\n<div class=\"mtr-cell-content\">130<\/div>\n<\/td>\n<td class=\"mtr-td-tag\" style=\"text-align: center;\" data-mtr-content=\"Profondit\u00e0 (cm)\">\n<div class=\"mtr-cell-content\">60<\/div>\n<\/td>\n<td class=\"mtr-td-tag\" style=\"text-align: center;\" data-mtr-content=\"Altezza (cm)\">\n<div class=\"mtr-cell-content\">85+10<\/div>\n<\/td>\n<td class=\"mtr-td-tag\" style=\"text-align: center;\" data-mtr-content=\"Dim. Vasca (cm)\">\n<div class=\"mtr-cell-content\">120 x 40 x 30<\/div>\n<\/td>\n<td class=\"mtr-td-tag\" style=\"text-align: center;\" data-mtr-content=\"Peso (kg)\">\n<div class=\"mtr-cell-content\">40<\/div>\n<\/td>\n<\/tr>\n<tr>\n<td class=\"mtr-td-tag\" style=\"text-align: center;\" data-mtr-content=\"Lunghezza (cm)\">\n<div class=\"mtr-cell-content\">160<\/div>\n<\/td>\n<td class=\"mtr-td-tag\" style=\"text-align: center;\" data-mtr-content=\"Profondit\u00e0 (cm)\">\n<div class=\"mtr-cell-content\">60<\/div>\n<\/td>\n<td class=\"mtr-td-tag\" style=\"text-align: center;\" data-mtr-content=\"Altezza (cm)\">\n<div class=\"mtr-cell-content\">85+10<\/div>\n<\/td>\n<td class=\"mtr-td-tag\" style=\"text-align: center;\" data-mtr-content=\"Dim. Vasca (cm)\">\n<div class=\"mtr-cell-content\">140 x 40 x 30<\/div>\n<\/td>\n<td class=\"mtr-td-tag\" style=\"text-align: center;\" data-mtr-content=\"Peso (kg)\">\n<div class=\"mtr-cell-content\">43<\/div>\n<\/td>\n<\/tr>\n<tr>\n<td class=\"mtr-td-tag\" style=\"text-align: center;\" data-mtr-content=\"Lunghezza (cm)\">\n<div class=\"mtr-cell-content\">180<\/div>\n<\/td>\n<td class=\"mtr-td-tag\" style=\"text-align: center;\" data-mtr-content=\"Profondit\u00e0 (cm)\">\n<div class=\"mtr-cell-content\">60<\/div>\n<\/td>\n<td class=\"mtr-td-tag\" style=\"text-align: center;\" data-mtr-content=\"Altezza (cm)\">\n<div class=\"mtr-cell-content\">85+10<\/div>\n<\/td>\n<td class=\"mtr-td-tag\" style=\"text-align: center;\" data-mtr-content=\"Dim. Vasca (cm)\">\n<div class=\"mtr-cell-content\">160 x 40 x 30<\/div>\n<\/td>\n<td class=\"mtr-td-tag\" style=\"text-align: center;\" data-mtr-content=\"Peso (kg)\">\n<div class=\"mtr-cell-content\">46<\/div>\n<\/td>\n<\/tr>\n<tr>\n<td class=\"mtr-td-tag\" style=\"text-align: center;\" data-mtr-content=\"Lunghezza (cm)\">\n<div class=\"mtr-cell-content\">200<\/div>\n<\/td>\n<td class=\"mtr-td-tag\" style=\"text-align: center;\" data-mtr-content=\"Profondit\u00e0 (cm)\">\n<div class=\"mtr-cell-content\">60<\/div>\n<\/td>\n<td class=\"mtr-td-tag\" style=\"text-align: center;\" data-mtr-content=\"Altezza (cm)\">\n<div class=\"mtr-cell-content\">85+10<\/div>\n<\/td>\n<td class=\"mtr-td-tag\" style=\"text-align: center;\" data-mtr-content=\"Dim. Vasca (cm)\">\n<div class=\"mtr-cell-content\">180 x 40 x 30<\/div>\n<\/td>\n<td class=\"mtr-td-tag\" style=\"text-align: center;\" data-mtr-content=\"Peso (kg)\">\n<div class=\"mtr-cell-content\">49<\/div>\n<\/td>\n<\/tr>\n<\/tbody>\n<\/table>\n<p>&nbsp;<\/p>","protected":false},"excerpt":{"rendered":"<p>Lavatoio 1 vasca ripiano inferiore gambe tonde acciaio inox Aisi 430 profondit\u00e0 60 cm Lavatoio tutta vasca in acciaio inox, struttura in Aisi 430, vasca e top in AISI 304, su 4 gambe tonde \u00f8 50 mm e ripiano inferiore, con 1 vascone. Profondit\u00e0 vasca 30 cm. Dotato di Alzatina e piletta troppopieno Profondit\u00e0 60 [&#8230;]","protected":false},"featured_media":126979,"comment_status":"closed","ping_status":"closed","template":"","meta":{"_monsterinsights_skip_tracking":false,"_monsterinsights_sitenote_active":false,"_monsterinsights_sitenote_note":"","_monsterinsights_sitenote_category":0},"product_brand":[772],"product_cat":[119,18],"product_tag":[],"class_list":{"0":"post-26187","1":"product","2":"type-product","3":"status-publish","4":"has-post-thumbnail","6":"product_brand-crea-e-arreda-negozi","7":"product_cat-lavatoi","8":"product_cat-arredo-acciaio-inox","9":"pa_dotazione-con-alzatina","10":"pa_dotazione-con-ripiano-inferiore","11":"pa_dotazione-vascone","12":"pa_profondita-linea-60","13":"pa_tipo-acciaio-aisi-linea-eco-aisi-430","14":"pa_versione-a-giorno","16":"first","17":"instock","18":"taxable","19":"shipping-taxable","20":"purchasable","21":"product-type-variable"},"_links":{"self":[{"href":"https:\/\/www.creaearredanegozi.it\/en\/wp-json\/wp\/v2\/product\/26187","targetHints":{"allow":["GET"]}}],"collection":[{"href":"https:\/\/www.creaearredanegozi.it\/en\/wp-json\/wp\/v2\/product"}],"about":[{"href":"https:\/\/www.creaearredanegozi.it\/en\/wp-json\/wp\/v2\/types\/product"}],"replies":[{"embeddable":true,"href":"https:\/\/www.creaearredanegozi.it\/en\/wp-json\/wp\/v2\/comments?post=26187"}],"wp:featuredmedia":[{"embeddable":true,"href":"https:\/\/www.creaearredanegozi.it\/en\/wp-json\/wp\/v2\/media\/126979"}],"wp:attachment":[{"href":"https:\/\/www.creaearredanegozi.it\/en\/wp-json\/wp\/v2\/media?parent=26187"}],"wp:term":[{"taxonomy":"product_brand","embeddable":true,"href":"https:\/\/www.creaearredanegozi.it\/en\/wp-json\/wp\/v2\/product_brand?post=26187"},{"taxonomy":"product_cat","embeddable":true,"href":"https:\/\/www.creaearredanegozi.it\/en\/wp-json\/wp\/v2\/product_cat?post=26187"},{"taxonomy":"product_tag","embeddable":true,"href":"https:\/\/www.creaearredanegozi.it\/en\/wp-json\/wp\/v2\/product_tag?post=26187"}],"curies":[{"name":"wp","href":"https:\/\/api.w.org\/{rel}","templated":true}]}}