{"id":26268,"date":"2019-06-03T11:06:21","date_gmt":"2019-06-03T09:06:21","guid":{"rendered":"https:\/\/www.creaearredanegozi.it\/?post_type=product&#038;p=26268"},"modified":"2024-04-10T21:04:25","modified_gmt":"2024-04-10T19:04:25","slug":"washbasin-2-basins-and-drip-tray-on-left-side-stainless-steel-aisi-430-depth-60-cm","status":"publish","type":"product","link":"https:\/\/www.creaearredanegozi.it\/en\/washbasin-2-basins-and-drip-tray-on-left-side-stainless-steel-aisi-430-depth-60-cm\/","title":{"rendered":"Sink 2 basins and drip tray on left side stainless steel Aisi 304 depth 60 cm"},"content":{"rendered":"<p><strong>Sink 2 basins and drip tray on left side stainless steel Aisi 304 depth 60 cm<\/strong><\/p>\n<p>Aisi 304 stainless steel sink on sides, with 2 bowls and 1 drip tray on the left. Bowl depth 40 cm and height 30 cm. Equipped with splashback.<\/p>\n<p>Depth 60 cm.<\/p>\n<p><strong>Height 85 cm.<\/strong><\/p>\n<p><img decoding=\"async\" class=\"alignnone size-medium wp-image-25897\" src=\"https:\/\/www.creaearredanegozi.it\/wp-content\/uploads\/2019\/05\/lavatoio-dim-500x282.png\" alt=\"\" width=\"500\" height=\"282\" title=\"\" srcset=\"https:\/\/www.creaearredanegozi.it\/wp-content\/uploads\/2019\/05\/lavatoio-dim.png 500w, https:\/\/www.creaearredanegozi.it\/wp-content\/uploads\/2019\/05\/lavatoio-dim-64x36.png 64w, https:\/\/www.creaearredanegozi.it\/wp-content\/uploads\/2019\/05\/lavatoio-dim-200x113.png 200w, https:\/\/www.creaearredanegozi.it\/wp-content\/uploads\/2019\/05\/lavatoio-dim-400x226.png 400w\" sizes=\"(max-width: 500px) 100vw, 500px\" \/><\/p>\n<p><strong>Available sizes:<\/strong><\/p>\n<ul>\n<li>140x60x85 cm Tub: 40x40x30 cm<\/li>\n<li>150x60x85 cm Tub: 40x40x30 cm<\/li>\n<li>160x60x85 cm Tub: 50x40x30 cm<\/li>\n<li>170x60x85 cm Tub: 50x40x30 cm<\/li>\n<li>180x60x85 cm Tub: 50x40x30 cm<\/li>\n<li>190x60x85 cm Tub: 50x40x30 cm<\/li>\n<li>200x60x85 cm Tub: 50x40x30 cm<\/li>\n<\/ul>","protected":false},"excerpt":{"rendered":"<p>Lavatoio 2 vasche e gocciolatoio a sinistra su fianchi acciaio inox Aisi 304 profondit\u00e0 60 cm Lavatoio in acciaio inox Aisi 304 su fianchi, con 2 vasche e 1 gocciolatoio a sinistra. Vasca profondit\u00e0 40 cm e altezza 30 cm. Dotato di Alzatina. Profondit\u00e0 60 cm. Altezza 85 cm. Dimensioni disponibili: 140x60x85 cm Vasca: 40x40x30 [&#8230;]","protected":false},"featured_media":26276,"comment_status":"closed","ping_status":"closed","template":"","meta":{"_monsterinsights_skip_tracking":false,"_monsterinsights_sitenote_active":false,"_monsterinsights_sitenote_note":"","_monsterinsights_sitenote_category":0},"product_brand":[],"product_cat":[18,119],"product_tag":[],"class_list":{"0":"post-26268","1":"product","2":"type-product","3":"status-publish","4":"has-post-thumbnail","6":"product_cat-arredo-acciaio-inox","7":"product_cat-lavatoi","8":"pa_dotazione-con-alzatina","9":"pa_dotazione-con-gocciolatoio","10":"pa_dotazione-con-ripiano-inferiore","11":"pa_profondita-linea-60","12":"pa_tipo-acciaio-aisi-linea-hq-aisi-304","13":"pa_versione-a-giorno","15":"first","16":"instock","17":"taxable","18":"shipping-taxable","19":"purchasable","20":"product-type-variable"},"_links":{"self":[{"href":"https:\/\/www.creaearredanegozi.it\/en\/wp-json\/wp\/v2\/product\/26268","targetHints":{"allow":["GET"]}}],"collection":[{"href":"https:\/\/www.creaearredanegozi.it\/en\/wp-json\/wp\/v2\/product"}],"about":[{"href":"https:\/\/www.creaearredanegozi.it\/en\/wp-json\/wp\/v2\/types\/product"}],"replies":[{"embeddable":true,"href":"https:\/\/www.creaearredanegozi.it\/en\/wp-json\/wp\/v2\/comments?post=26268"}],"wp:featuredmedia":[{"embeddable":true,"href":"https:\/\/www.creaearredanegozi.it\/en\/wp-json\/wp\/v2\/media\/26276"}],"wp:attachment":[{"href":"https:\/\/www.creaearredanegozi.it\/en\/wp-json\/wp\/v2\/media?parent=26268"}],"wp:term":[{"taxonomy":"product_brand","embeddable":true,"href":"https:\/\/www.creaearredanegozi.it\/en\/wp-json\/wp\/v2\/product_brand?post=26268"},{"taxonomy":"product_cat","embeddable":true,"href":"https:\/\/www.creaearredanegozi.it\/en\/wp-json\/wp\/v2\/product_cat?post=26268"},{"taxonomy":"product_tag","embeddable":true,"href":"https:\/\/www.creaearredanegozi.it\/en\/wp-json\/wp\/v2\/product_tag?post=26268"}],"curies":[{"name":"wp","href":"https:\/\/api.w.org\/{rel}","templated":true}]}}