{"id":26357,"date":"2019-06-04T13:14:00","date_gmt":"2019-06-04T11:14:00","guid":{"rendered":"https:\/\/www.creaearredanegozi.it\/?post_type=product&#038;p=26357"},"modified":"2025-12-03T17:50:32","modified_gmt":"2025-12-03T16:50:32","slug":"lavatoio-1-vasca-armadiato-porta-battente-acciaio-inox-aisi-430-profondita-60-cm","status":"publish","type":"product","link":"https:\/\/www.creaearredanegozi.it\/en\/lavatoio-1-vasca-armadiato-porta-battente-acciaio-inox-aisi-430-profondita-60-cm\/","title":{"rendered":"Sink 1 basin cabinet hinged door stainless steel Aisi 430 depth 60 cm"},"content":{"rendered":"<p><strong>Sink 1 basin cabinet hinged door stainless steel Aisi 430 depth 60 cm<\/strong><\/p>\n<p>Lavatoio in acciaio inox Aisi 430 su armadio con 1 porta battente, con 1 vasca. Vasca profondit\u00e0 40 cm e altezza 30 cm. Dotato di Alzatina.<\/p>\n<p>Depth 60 cm.<\/p>\n<p><strong>Height 85 cm.<\/strong><\/p>\n<p><a href=\"https:\/\/www.creaearredanegozi.it\/wp-content\/uploads\/2019\/06\/DSLA1V056-scheda-1.jpg\"><img decoding=\"async\" class=\"aligncenter size-full wp-image-129093\" src=\"https:\/\/www.creaearredanegozi.it\/wp-content\/uploads\/2019\/06\/DSLA1V056-scheda-1.jpg\" alt=\"\" width=\"799\" height=\"496\" title=\"\" srcset=\"https:\/\/www.creaearredanegozi.it\/wp-content\/uploads\/2019\/06\/DSLA1V056-scheda-1.jpg 799w, https:\/\/www.creaearredanegozi.it\/wp-content\/uploads\/2019\/06\/DSLA1V056-scheda-1-516x320.jpg 516w, https:\/\/www.creaearredanegozi.it\/wp-content\/uploads\/2019\/06\/DSLA1V056-scheda-1-64x40.jpg 64w, https:\/\/www.creaearredanegozi.it\/wp-content\/uploads\/2019\/06\/DSLA1V056-scheda-1-644x400.jpg 644w, https:\/\/www.creaearredanegozi.it\/wp-content\/uploads\/2019\/06\/DSLA1V056-scheda-1-768x477.jpg 768w, https:\/\/www.creaearredanegozi.it\/wp-content\/uploads\/2019\/06\/DSLA1V056-scheda-1-18x12.jpg 18w\" sizes=\"(max-width: 799px) 100vw, 799px\" \/><\/a><img decoding=\"async\" class=\"wp-image-126433 size-full aligncenter\" src=\"https:\/\/www.creaearredanegozi.it\/wp-content\/uploads\/2019\/06\/43-21.png\" alt=\"\" width=\"500\" height=\"283\" title=\"\" srcset=\"https:\/\/www.creaearredanegozi.it\/wp-content\/uploads\/2019\/06\/43-21.png 500w, https:\/\/www.creaearredanegozi.it\/wp-content\/uploads\/2019\/06\/43-21-64x36.png 64w\" sizes=\"(max-width: 500px) 100vw, 500px\" \/><\/p>\n<p><strong>Available sizes:<\/strong><\/p>\n<ul>\n<li>50x60x85 cm Tub: 40x40x30 cm<\/li>\n<li>60x60x85 cm Tub: 40x40x30 cm<\/li>\n<li>70x60x85 cm Tub: 50x40x30 cm<\/li>\n<li>80x60x85 cm Tub: 50x40x30 cm<\/li>\n<\/ul>","protected":false},"excerpt":{"rendered":"<p>Lavatoio 1 vasca armadiato porta battente acciaio inox Aisi 430 profondit\u00e0 60 cm Lavatoio in acciaio inox Aisi 430 su armadio con 1 porta battente, con 1 vasca. Vasca profondit\u00e0 40 cm e altezza 30 cm. Dotato di Alzatina. Profondit\u00e0 60 cm. Altezza 85 cm. Dimensioni disponibili: 50x60x85 cm Vasca: 40x40x30 cm 60x60x85 cm Vasca: [&#8230;]","protected":false},"featured_media":126431,"comment_status":"closed","ping_status":"closed","template":"","meta":{"_monsterinsights_skip_tracking":false,"_monsterinsights_sitenote_active":false,"_monsterinsights_sitenote_note":"","_monsterinsights_sitenote_category":0},"product_brand":[772],"product_cat":[18,119],"product_tag":[],"class_list":{"0":"post-26357","1":"product","2":"type-product","3":"status-publish","4":"has-post-thumbnail","6":"product_brand-crea-e-arreda-negozi","7":"product_cat-arredo-acciaio-inox","8":"product_cat-lavatoi","9":"pa_dotazione-con-alzatina","10":"pa_dotazione-con-ripiano-inferiore","11":"pa_profondita-linea-60","12":"pa_tipo-acciaio-aisi-linea-eco-aisi-430","13":"pa_versione-armadiato-con-porte","15":"first","16":"instock","17":"taxable","18":"shipping-taxable","19":"purchasable","20":"product-type-variable"},"_links":{"self":[{"href":"https:\/\/www.creaearredanegozi.it\/en\/wp-json\/wp\/v2\/product\/26357","targetHints":{"allow":["GET"]}}],"collection":[{"href":"https:\/\/www.creaearredanegozi.it\/en\/wp-json\/wp\/v2\/product"}],"about":[{"href":"https:\/\/www.creaearredanegozi.it\/en\/wp-json\/wp\/v2\/types\/product"}],"replies":[{"embeddable":true,"href":"https:\/\/www.creaearredanegozi.it\/en\/wp-json\/wp\/v2\/comments?post=26357"}],"wp:featuredmedia":[{"embeddable":true,"href":"https:\/\/www.creaearredanegozi.it\/en\/wp-json\/wp\/v2\/media\/126431"}],"wp:attachment":[{"href":"https:\/\/www.creaearredanegozi.it\/en\/wp-json\/wp\/v2\/media?parent=26357"}],"wp:term":[{"taxonomy":"product_brand","embeddable":true,"href":"https:\/\/www.creaearredanegozi.it\/en\/wp-json\/wp\/v2\/product_brand?post=26357"},{"taxonomy":"product_cat","embeddable":true,"href":"https:\/\/www.creaearredanegozi.it\/en\/wp-json\/wp\/v2\/product_cat?post=26357"},{"taxonomy":"product_tag","embeddable":true,"href":"https:\/\/www.creaearredanegozi.it\/en\/wp-json\/wp\/v2\/product_tag?post=26357"}],"curies":[{"name":"wp","href":"https:\/\/api.w.org\/{rel}","templated":true}]}}