{"id":26487,"date":"2019-06-05T10:01:11","date_gmt":"2019-06-05T08:01:11","guid":{"rendered":"https:\/\/www.creaearredanegozi.it\/?post_type=product&#038;p=26487"},"modified":"2023-11-17T20:02:17","modified_gmt":"2023-11-17T19:02:17","slug":"wash-basin-1-basin-stainless-steel-aisi-304-bottom-shelf-depth-70-cm","status":"publish","type":"product","link":"https:\/\/www.creaearredanegozi.it\/en\/wash-basin-1-basin-stainless-steel-aisi-304-bottom-shelf-depth-70-cm\/","title":{"rendered":"Sink 1 basin stainless steel Aisi 304 lower shelf depth 70 cm"},"content":{"rendered":"<p><strong>Sink 1 basin stainless steel Aisi 304 lower shelf depth 70 cm<\/strong><\/p>\n<p>Aisi 304 stainless steel sink on 4 square legs, with 1 basin and with bottom shelf. Tub depth 50 cm and height 30 cm. Equipped with splashback.<\/p>\n<ul>\n<li>Depth 70 cm.<\/li>\n<li>Height 85 cm.<\/li>\n<\/ul>\n<p><img decoding=\"async\" class=\"alignnone size-medium wp-image-25897 aligncenter\" src=\"https:\/\/www.creaearredanegozi.it\/wp-content\/uploads\/2019\/05\/lavatoio-dim-500x282.png\" alt=\"\" width=\"500\" height=\"282\" title=\"\" srcset=\"https:\/\/www.creaearredanegozi.it\/wp-content\/uploads\/2019\/05\/lavatoio-dim.png 500w, https:\/\/www.creaearredanegozi.it\/wp-content\/uploads\/2019\/05\/lavatoio-dim-64x36.png 64w, https:\/\/www.creaearredanegozi.it\/wp-content\/uploads\/2019\/05\/lavatoio-dim-200x113.png 200w, https:\/\/www.creaearredanegozi.it\/wp-content\/uploads\/2019\/05\/lavatoio-dim-400x226.png 400w\" sizes=\"(max-width: 500px) 100vw, 500px\" \/><\/p>\n<p style=\"text-align: center;\"><strong>Available sizes<\/strong><\/p>\n<table style=\"border-collapse: collapse; width: 100%; height: 105px;\" class=\"mtr-table mtr-thead-td\">\n<thead>\n<tr>\n<td style=\"width: 20%; text-align: center; height: 21px;\" data-mtr-content=\"Lunghezza (cm)\" class=\"mtr-td-tag\"><div class=\"mtr-cell-content\"><strong>Length (cm)<\/strong><\/div><\/td>\n<td style=\"width: 20%; text-align: center; height: 21px;\" data-mtr-content=\"Profondit\u00e0 (cm)\" class=\"mtr-td-tag\"><div class=\"mtr-cell-content\"><strong>Depth (cm)<\/strong><\/div><\/td>\n<td style=\"width: 20%; text-align: center; height: 21px;\" data-mtr-content=\"Altezza (cm)\" class=\"mtr-td-tag\"><div class=\"mtr-cell-content\"><strong>Height (cm)<\/strong><\/div><\/td>\n<td style=\"width: 20%; text-align: center; height: 21px;\" data-mtr-content=\"Dimensioni Vasca\" class=\"mtr-td-tag\"><div class=\"mtr-cell-content\"><strong>Tub Dimensions<\/strong><\/div><\/td>\n<td style=\"width: 20%; text-align: center; height: 21px;\" data-mtr-content=\"Kg\" class=\"mtr-td-tag\"><div class=\"mtr-cell-content\"><strong>Kg<\/strong><\/div><\/td>\n<\/tr>\n<\/thead>\n<tbody>\n<tr style=\"height: 21px;\">\n<td style=\"width: 20%; text-align: center;\" data-mtr-content=\"Lunghezza (cm)\" class=\"mtr-td-tag\"><div class=\"mtr-cell-content\">50<\/div><\/td>\n<td style=\"width: 20%; text-align: center;\" data-mtr-content=\"Profondit\u00e0 (cm)\" class=\"mtr-td-tag\"><div class=\"mtr-cell-content\">70<\/div><\/td>\n<td style=\"width: 20%; text-align: center;\" data-mtr-content=\"Altezza (cm)\" class=\"mtr-td-tag\"><div class=\"mtr-cell-content\">85<\/div><\/td>\n<td style=\"width: 20%; text-align: center;\" data-mtr-content=\"Dimensioni Vasca\" class=\"mtr-td-tag\"><div class=\"mtr-cell-content\">40 x 50 x 30h cm<\/div><\/td>\n<td style=\"width: 20%; text-align: center; height: 21px;\" data-mtr-content=\"Kg\" class=\"mtr-td-tag\"><div class=\"mtr-cell-content\">26<\/div><\/td>\n<\/tr>\n<tr style=\"height: 21px;\">\n<td style=\"width: 20%; text-align: center; height: 21px;\" data-mtr-content=\"Lunghezza (cm)\" class=\"mtr-td-tag\"><div class=\"mtr-cell-content\">60<\/div><\/td>\n<td style=\"text-align: center; width: 20%;\" data-mtr-content=\"Profondit\u00e0 (cm)\" class=\"mtr-td-tag\"><div class=\"mtr-cell-content\">70<\/div><\/td>\n<td style=\"text-align: center; width: 20%;\" data-mtr-content=\"Altezza (cm)\" class=\"mtr-td-tag\"><div class=\"mtr-cell-content\">85<\/div><\/td>\n<td style=\"text-align: center; width: 20%;\" data-mtr-content=\"Dimensioni Vasca\" class=\"mtr-td-tag\"><div class=\"mtr-cell-content\">40 x 50 x 30h cm<\/div><\/td>\n<td style=\"width: 20%; text-align: center; height: 21px;\" data-mtr-content=\"Kg\" class=\"mtr-td-tag\"><div class=\"mtr-cell-content\">27<\/div><\/td>\n<\/tr>\n<tr style=\"height: 21px;\">\n<td style=\"width: 20%; text-align: center; height: 21px;\" data-mtr-content=\"Lunghezza (cm)\" class=\"mtr-td-tag\"><div class=\"mtr-cell-content\">70<\/div><\/td>\n<td style=\"text-align: center; width: 20%;\" data-mtr-content=\"Profondit\u00e0 (cm)\" class=\"mtr-td-tag\"><div class=\"mtr-cell-content\">70<\/div><\/td>\n<td style=\"text-align: center; width: 20%;\" data-mtr-content=\"Altezza (cm)\" class=\"mtr-td-tag\"><div class=\"mtr-cell-content\">85<\/div><\/td>\n<td style=\"width: 20%; text-align: center;\" data-mtr-content=\"Dimensioni Vasca\" class=\"mtr-td-tag\"><div class=\"mtr-cell-content\">60 x 50 x 30h cm<\/div><\/td>\n<td style=\"width: 20%; text-align: center; height: 21px;\" data-mtr-content=\"Kg\" class=\"mtr-td-tag\"><div class=\"mtr-cell-content\">28<\/div><\/td>\n<\/tr>\n<tr style=\"height: 21px;\">\n<td style=\"width: 20%; text-align: center; height: 21px;\" data-mtr-content=\"Lunghezza (cm)\" class=\"mtr-td-tag\"><div class=\"mtr-cell-content\">80<\/div><\/td>\n<td style=\"text-align: center; width: 20%;\" data-mtr-content=\"Profondit\u00e0 (cm)\" class=\"mtr-td-tag\"><div class=\"mtr-cell-content\">70<\/div><\/td>\n<td style=\"text-align: center; width: 20%;\" data-mtr-content=\"Altezza (cm)\" class=\"mtr-td-tag\"><div class=\"mtr-cell-content\">85<\/div><\/td>\n<td style=\"text-align: center; width: 20%;\" data-mtr-content=\"Dimensioni Vasca\" class=\"mtr-td-tag\"><div class=\"mtr-cell-content\">60 x 50 x 30h cm<\/div><\/td>\n<td style=\"width: 20%; text-align: center; height: 21px;\" data-mtr-content=\"Kg\" class=\"mtr-td-tag\"><div class=\"mtr-cell-content\">33<\/div><\/td>\n<\/tr>\n<\/tbody>\n<\/table>\n<p>&nbsp;<\/p>","protected":false},"excerpt":{"rendered":"<p>Lavatoio 1 vasca acciaio inox Aisi 304 ripiano inferiore profondit\u00e0 70 cm Lavatoio in acciaio inox Aisi 304 su 4 gambe quadrate, con 1 vasca e con ripiano inferiore. Vasca profondit\u00e0 50 cm e altezza 30 cm. Dotato di Alzatina. Profondit\u00e0 70 cm. Altezza 85 cm. Dimensioni disponibili Lunghezza (cm) Profondit\u00e0 (cm) Altezza (cm) Dimensioni [&#8230;]","protected":false},"featured_media":126233,"comment_status":"closed","ping_status":"closed","template":"","meta":{"_monsterinsights_skip_tracking":false,"_monsterinsights_sitenote_active":false,"_monsterinsights_sitenote_note":"","_monsterinsights_sitenote_category":0},"product_brand":[772],"product_cat":[18,119],"product_tag":[],"class_list":{"0":"post-26487","1":"product","2":"type-product","3":"status-publish","4":"has-post-thumbnail","6":"product_brand-crea-e-arreda-negozi","7":"product_cat-arredo-acciaio-inox","8":"product_cat-lavatoi","9":"pa_dotazione-con-alzatina","10":"pa_dotazione-con-ripiano-inferiore","11":"pa_profondita-linea-70","12":"pa_tipo-acciaio-aisi-linea-hq-aisi-304","13":"pa_versione-a-giorno","15":"first","16":"instock","17":"taxable","18":"shipping-taxable","19":"purchasable","20":"product-type-variable"},"_links":{"self":[{"href":"https:\/\/www.creaearredanegozi.it\/en\/wp-json\/wp\/v2\/product\/26487","targetHints":{"allow":["GET"]}}],"collection":[{"href":"https:\/\/www.creaearredanegozi.it\/en\/wp-json\/wp\/v2\/product"}],"about":[{"href":"https:\/\/www.creaearredanegozi.it\/en\/wp-json\/wp\/v2\/types\/product"}],"replies":[{"embeddable":true,"href":"https:\/\/www.creaearredanegozi.it\/en\/wp-json\/wp\/v2\/comments?post=26487"}],"wp:featuredmedia":[{"embeddable":true,"href":"https:\/\/www.creaearredanegozi.it\/en\/wp-json\/wp\/v2\/media\/126233"}],"wp:attachment":[{"href":"https:\/\/www.creaearredanegozi.it\/en\/wp-json\/wp\/v2\/media?parent=26487"}],"wp:term":[{"taxonomy":"product_brand","embeddable":true,"href":"https:\/\/www.creaearredanegozi.it\/en\/wp-json\/wp\/v2\/product_brand?post=26487"},{"taxonomy":"product_cat","embeddable":true,"href":"https:\/\/www.creaearredanegozi.it\/en\/wp-json\/wp\/v2\/product_cat?post=26487"},{"taxonomy":"product_tag","embeddable":true,"href":"https:\/\/www.creaearredanegozi.it\/en\/wp-json\/wp\/v2\/product_tag?post=26487"}],"curies":[{"name":"wp","href":"https:\/\/api.w.org\/{rel}","templated":true}]}}