{"id":26634,"date":"2019-06-07T09:32:35","date_gmt":"2019-06-07T07:32:35","guid":{"rendered":"https:\/\/www.creaearredanegozi.it\/?post_type=product&#038;p=26634"},"modified":"2023-12-18T17:04:11","modified_gmt":"2023-12-18T16:04:11","slug":"wash-basin-1-basin-stainless-steel-aisi-430-bottom-shelf-depth-70-cm-round-legs","status":"publish","type":"product","link":"https:\/\/www.creaearredanegozi.it\/en\/wash-basin-1-basin-stainless-steel-aisi-430-bottom-shelf-depth-70-cm-round-legs\/","title":{"rendered":"Sink 1 basin stainless steel Aisi 430 lower shelf depth 70 cm round legs"},"content":{"rendered":"<p><strong>Sink 1 basin stainless steel Aisi 430 lower shelf depth 70 cm round legs<\/strong><\/p>\n<p>Stainless steel Aisi 430 sink on 4 round legs \u00f8 50 cm, with 1 basin and with lower shelf. Tub depth 50 cm and height 30 cm. Equipped with splashback.<\/p>\n<ul>\n<li>AISI 430 stainless steel structure<\/li>\n<li>AISI 304 stainless steel tank<\/li>\n<li>Depth 70 cm.<\/li>\n<li>Height 85 cm.<\/li>\n<\/ul>\n<p><img decoding=\"async\" class=\"alignnone size-medium wp-image-25897 aligncenter\" src=\"https:\/\/www.creaearredanegozi.it\/wp-content\/uploads\/2019\/05\/lavatoio-dim-500x282.png\" alt=\"\" width=\"500\" height=\"282\" title=\"\" srcset=\"https:\/\/www.creaearredanegozi.it\/wp-content\/uploads\/2019\/05\/lavatoio-dim.png 500w, https:\/\/www.creaearredanegozi.it\/wp-content\/uploads\/2019\/05\/lavatoio-dim-64x36.png 64w, https:\/\/www.creaearredanegozi.it\/wp-content\/uploads\/2019\/05\/lavatoio-dim-200x113.png 200w, https:\/\/www.creaearredanegozi.it\/wp-content\/uploads\/2019\/05\/lavatoio-dim-400x226.png 400w\" sizes=\"(max-width: 500px) 100vw, 500px\" \/><\/p>\n<p style=\"text-align: center;\"><strong>Available sizes<\/strong><\/p>\n<table class=\"table table-striped mtr-table mtr-tr-td\" width=\"100%\">\n<tbody>\n<tr>\n<td data-mtr-content=\"Dimensioni CMLxPxH\" class=\"mtr-td-tag\"><div class=\"mtr-cell-content\">\n<p style=\"text-align: center;\">CM dimensions.<br>\nLxPxH<\/p>\n<\/div><\/td>\n<td data-mtr-content=\"PesoKg\" class=\"mtr-td-tag\"><div class=\"mtr-cell-content\">\n<p style=\"text-align: center;\">Weight<br>\nKg<\/p>\n<\/div><\/td>\n<td data-mtr-content=\"Vasca CMLxPxH\" class=\"mtr-td-tag\"><div class=\"mtr-cell-content\">\n<p style=\"text-align: center;\">CM tank<br>\nLxPxH<\/p>\n<\/div><\/td>\n<\/tr>\n<tr>\n<td data-mtr-content=\"Dimensioni CMLxPxH\" class=\"mtr-td-tag\"><div class=\"mtr-cell-content\">\n<p style=\"text-align: center;\">50x70x85 cm<\/p>\n<\/div><\/td>\n<td style=\"text-align: center;\" data-mtr-content=\"PesoKg\" class=\"mtr-td-tag\"><div class=\"mtr-cell-content\">26<\/div><\/td>\n<td style=\"text-align: center;\" data-mtr-content=\"Vasca CMLxPxH\" class=\"mtr-td-tag\"><div class=\"mtr-cell-content\">40x50x30<\/div><\/td>\n<\/tr>\n<tr>\n<td data-mtr-content=\"Dimensioni CMLxPxH\" class=\"mtr-td-tag\"><div class=\"mtr-cell-content\">\n<p style=\"text-align: center;\">60x70x85 cm<\/p>\n<\/div><\/td>\n<td data-mtr-content=\"PesoKg\" class=\"mtr-td-tag\"><div class=\"mtr-cell-content\">\n<p style=\"text-align: center;\">27<\/p>\n<\/div><\/td>\n<td data-mtr-content=\"Vasca CMLxPxH\" class=\"mtr-td-tag\"><div class=\"mtr-cell-content\">\n<p style=\"text-align: center;\">40x50x30<\/p>\n<\/div><\/td>\n<\/tr>\n<tr>\n<td data-mtr-content=\"Dimensioni CMLxPxH\" class=\"mtr-td-tag\"><div class=\"mtr-cell-content\">\n<p style=\"text-align: center;\">70x70x85 cm<\/p>\n<\/div><\/td>\n<td data-mtr-content=\"PesoKg\" class=\"mtr-td-tag\"><div class=\"mtr-cell-content\">\n<p style=\"text-align: center;\">28<\/p>\n<\/div><\/td>\n<td data-mtr-content=\"Vasca CMLxPxH\" class=\"mtr-td-tag\"><div class=\"mtr-cell-content\">\n<p style=\"text-align: center;\">60x50x30<\/p>\n<\/div><\/td>\n<\/tr>\n<tr>\n<td style=\"text-align: center;\" data-mtr-content=\"Dimensioni CMLxPxH\" class=\"mtr-td-tag\"><div class=\"mtr-cell-content\">80x70x85 cm<\/div><\/td>\n<td style=\"text-align: center;\" data-mtr-content=\"PesoKg\" class=\"mtr-td-tag\"><div class=\"mtr-cell-content\">\n<p class=\"s26\">33<\/p>\n<\/div><\/td>\n<td data-mtr-content=\"Vasca CMLxPxH\" class=\"mtr-td-tag\"><div class=\"mtr-cell-content\">\n<p style=\"text-align: center;\">60x50x30<\/p>\n<\/div><\/td>\n<\/tr>\n<\/tbody>\n<\/table>","protected":false},"excerpt":{"rendered":"<p>Lavatoio 1 vasca acciaio inox Aisi 430 ripiano inferiore profondit\u00e0 70 cm gambe tonde Lavatoio in acciaio inox Aisi 430 su 4 gambe tonde \u00f8 50 cm, con 1 vasca e con ripiano inferiore. Vasca profondit\u00e0 50 cm e altezza 30 cm. Dotato di Alzatina. Struttura in acciaio inox AISI 430 Vasca in acciaio inox [&#8230;]","protected":false},"featured_media":126442,"comment_status":"closed","ping_status":"closed","template":"","meta":{"_monsterinsights_skip_tracking":false,"_monsterinsights_sitenote_active":false,"_monsterinsights_sitenote_note":"","_monsterinsights_sitenote_category":0},"product_brand":[772],"product_cat":[18,119],"product_tag":[],"class_list":{"0":"post-26634","1":"product","2":"type-product","3":"status-publish","4":"has-post-thumbnail","6":"product_brand-crea-e-arreda-negozi","7":"product_cat-arredo-acciaio-inox","8":"product_cat-lavatoi","9":"pa_dotazione-con-alzatina","10":"pa_dotazione-con-ripiano-inferiore","11":"pa_profondita-linea-70","12":"pa_tipo-acciaio-aisi-linea-eco-aisi-430","13":"pa_versione-a-giorno","15":"first","16":"instock","17":"taxable","18":"shipping-taxable","19":"purchasable","20":"product-type-variable"},"_links":{"self":[{"href":"https:\/\/www.creaearredanegozi.it\/en\/wp-json\/wp\/v2\/product\/26634","targetHints":{"allow":["GET"]}}],"collection":[{"href":"https:\/\/www.creaearredanegozi.it\/en\/wp-json\/wp\/v2\/product"}],"about":[{"href":"https:\/\/www.creaearredanegozi.it\/en\/wp-json\/wp\/v2\/types\/product"}],"replies":[{"embeddable":true,"href":"https:\/\/www.creaearredanegozi.it\/en\/wp-json\/wp\/v2\/comments?post=26634"}],"wp:featuredmedia":[{"embeddable":true,"href":"https:\/\/www.creaearredanegozi.it\/en\/wp-json\/wp\/v2\/media\/126442"}],"wp:attachment":[{"href":"https:\/\/www.creaearredanegozi.it\/en\/wp-json\/wp\/v2\/media?parent=26634"}],"wp:term":[{"taxonomy":"product_brand","embeddable":true,"href":"https:\/\/www.creaearredanegozi.it\/en\/wp-json\/wp\/v2\/product_brand?post=26634"},{"taxonomy":"product_cat","embeddable":true,"href":"https:\/\/www.creaearredanegozi.it\/en\/wp-json\/wp\/v2\/product_cat?post=26634"},{"taxonomy":"product_tag","embeddable":true,"href":"https:\/\/www.creaearredanegozi.it\/en\/wp-json\/wp\/v2\/product_tag?post=26634"}],"curies":[{"name":"wp","href":"https:\/\/api.w.org\/{rel}","templated":true}]}}