{"id":26658,"date":"2019-06-07T10:02:23","date_gmt":"2019-06-07T08:02:23","guid":{"rendered":"https:\/\/www.creaearredanegozi.it\/?post_type=product&#038;p=26658"},"modified":"2024-02-28T12:19:07","modified_gmt":"2024-02-28T11:19:07","slug":"lavatoio-1-vasca-gocciolatoio-a-destra-ripiano-inferiore-gambe-tonde-acciaio-inox-aisi-304-profondita-70-cm","status":"publish","type":"product","link":"https:\/\/www.creaearredanegozi.it\/en\/lavatoio-1-vasca-gocciolatoio-a-destra-ripiano-inferiore-gambe-tonde-acciaio-inox-aisi-304-profondita-70-cm\/","title":{"rendered":"Washbasin 1 tub drip pan right bottom shelf round legs stainless steel Aisi 304 depth 70 cm"},"content":{"rendered":"<p><strong>Washbasin 1 tub drip pan right bottom shelf round legs stainless steel Aisi 304 depth 70 cm<\/strong><\/p>\n<p>Lavatoio in acciaio inox Aisi 304 su 4 gambe tonde \u00f8 50 mm con ripiano inferiore, con 1 vasca e un gocciolatoio a destra. Vasca profondit\u00e0 50 cm e altezza 30 cm. Dotato di alzatina.<\/p>\n<ul>\n<li>Struttura e vasca interamente in acciaio AISI 304<\/li>\n<li>Right Drain<\/li>\n<li>Depth 70 cm.<\/li>\n<li>Height 85 cm.<\/li>\n<\/ul>\n<p><img decoding=\"async\" class=\"alignnone size-medium wp-image-25897 aligncenter\" src=\"https:\/\/www.creaearredanegozi.it\/wp-content\/uploads\/2019\/05\/lavatoio-dim-500x282.png\" alt=\"\" width=\"500\" height=\"282\" title=\"\" srcset=\"https:\/\/www.creaearredanegozi.it\/wp-content\/uploads\/2019\/05\/lavatoio-dim.png 500w, https:\/\/www.creaearredanegozi.it\/wp-content\/uploads\/2019\/05\/lavatoio-dim-64x36.png 64w, https:\/\/www.creaearredanegozi.it\/wp-content\/uploads\/2019\/05\/lavatoio-dim-200x113.png 200w, https:\/\/www.creaearredanegozi.it\/wp-content\/uploads\/2019\/05\/lavatoio-dim-400x226.png 400w\" sizes=\"(max-width: 500px) 100vw, 500px\" \/><\/p>\n<p style=\"text-align: center;\"><strong>Available sizes<\/strong><\/p>\n<table width=\"100%\" cellspacing=\"0\" class=\"mtr-table mtr-tr-td\">\n<tbody>\n<tr>\n<td data-mtr-content=\"Modello\" class=\"mtr-td-tag\"><div class=\"mtr-cell-content\">\n<p class=\"s97\" style=\"text-align: center;\">Model<\/p>\n<\/div><\/td>\n<td style=\"text-align: center;\" data-mtr-content=\"Peso (Kg)*\" class=\"mtr-td-tag\"><div class=\"mtr-cell-content\">\n<p class=\"s97\">Peso (Kg)*<\/p>\n<\/div><\/td>\n<td data-mtr-content=\"Vasca LxPxH cm\" class=\"mtr-td-tag\"><div class=\"mtr-cell-content\">\n<p class=\"s97\" style=\"text-align: center;\">Tub LxWxH cm<\/p>\n<\/div><\/td>\n<\/tr>\n<tr>\n<td bgcolor=\"#E6E7E8\" data-mtr-content=\"Modello\" class=\"mtr-td-tag\"><div class=\"mtr-cell-content\">\n<p class=\"s26\" style=\"text-align: center;\">100x70x85<\/p>\n<\/div><\/td>\n<td style=\"text-align: center;\" bgcolor=\"#E6E7E8\" data-mtr-content=\"Peso (Kg)*\" class=\"mtr-td-tag\"><div class=\"mtr-cell-content\">\n<p class=\"s26\">43<\/p>\n<\/div><\/td>\n<td bgcolor=\"#E6E7E8\" data-mtr-content=\"Vasca LxPxH cm\" class=\"mtr-td-tag\"><div class=\"mtr-cell-content\">\n<p class=\"s26\" style=\"text-align: center;\">40x50x30<\/p>\n<\/div><\/td>\n<\/tr>\n<tr>\n<td data-mtr-content=\"Modello\" class=\"mtr-td-tag\"><div class=\"mtr-cell-content\">\n<p class=\"s26\" style=\"text-align: center;\">110x70x85<\/p>\n<\/div><\/td>\n<td style=\"text-align: center;\" data-mtr-content=\"Peso (Kg)*\" class=\"mtr-td-tag\"><div class=\"mtr-cell-content\">\n<p class=\"s26\">44<\/p>\n<\/div><\/td>\n<td data-mtr-content=\"Vasca LxPxH cm\" class=\"mtr-td-tag\"><div class=\"mtr-cell-content\">\n<p class=\"s26\" style=\"text-align: center;\">40x50x30<\/p>\n<\/div><\/td>\n<\/tr>\n<tr>\n<td bgcolor=\"#E6E7E8\" data-mtr-content=\"Modello\" class=\"mtr-td-tag\"><div class=\"mtr-cell-content\">\n<p class=\"s26\" style=\"text-align: center;\">120x70x85<\/p>\n<\/div><\/td>\n<td style=\"text-align: center;\" bgcolor=\"#E6E7E8\" data-mtr-content=\"Peso (Kg)*\" class=\"mtr-td-tag\"><div class=\"mtr-cell-content\">\n<p class=\"s26\">45<\/p>\n<\/div><\/td>\n<td bgcolor=\"#E6E7E8\" data-mtr-content=\"Vasca LxPxH cm\" class=\"mtr-td-tag\"><div class=\"mtr-cell-content\">\n<p class=\"s26\" style=\"text-align: center;\">50x50x30<\/p>\n<\/div><\/td>\n<\/tr>\n<tr>\n<td data-mtr-content=\"Modello\" class=\"mtr-td-tag\"><div class=\"mtr-cell-content\">\n<p class=\"s26\" style=\"text-align: center;\">130x70x85<\/p>\n<\/div><\/td>\n<td style=\"text-align: center;\" data-mtr-content=\"Peso (Kg)*\" class=\"mtr-td-tag\"><div class=\"mtr-cell-content\">\n<p class=\"s26\">49<\/p>\n<\/div><\/td>\n<td data-mtr-content=\"Vasca LxPxH cm\" class=\"mtr-td-tag\"><div class=\"mtr-cell-content\">\n<p class=\"s26\" style=\"text-align: center;\">50x50x30<\/p>\n<\/div><\/td>\n<\/tr>\n<tr>\n<td bgcolor=\"#E6E7E8\" data-mtr-content=\"Modello\" class=\"mtr-td-tag\"><div class=\"mtr-cell-content\">\n<p class=\"s26\" style=\"text-align: center;\">140x70x85<\/p>\n<\/div><\/td>\n<td style=\"text-align: center;\" bgcolor=\"#E6E7E8\" data-mtr-content=\"Peso (Kg)*\" class=\"mtr-td-tag\"><div class=\"mtr-cell-content\">\n<p class=\"s26\">54<\/p>\n<\/div><\/td>\n<td bgcolor=\"#E6E7E8\" data-mtr-content=\"Vasca LxPxH cm\" class=\"mtr-td-tag\"><div class=\"mtr-cell-content\">\n<p class=\"s26\" style=\"text-align: center;\">60x50x30<\/p>\n<\/div><\/td>\n<\/tr>\n<tr>\n<td data-mtr-content=\"Modello\" class=\"mtr-td-tag\"><div class=\"mtr-cell-content\">\n<p class=\"s26\" style=\"text-align: center;\">150x70x85<\/p>\n<\/div><\/td>\n<td style=\"text-align: center;\" data-mtr-content=\"Peso (Kg)*\" class=\"mtr-td-tag\"><div class=\"mtr-cell-content\">\n<p class=\"s26\">58<\/p>\n<\/div><\/td>\n<td data-mtr-content=\"Vasca LxPxH cm\" class=\"mtr-td-tag\"><div class=\"mtr-cell-content\">\n<p class=\"s26\" style=\"text-align: center;\">60x50x30<\/p>\n<\/div><\/td>\n<\/tr>\n<tr>\n<td bgcolor=\"#E6E7E8\" data-mtr-content=\"Modello\" class=\"mtr-td-tag\"><div class=\"mtr-cell-content\">\n<p class=\"s26\" style=\"text-align: center;\">160x70x85<\/p>\n<\/div><\/td>\n<td style=\"text-align: center;\" bgcolor=\"#E6E7E8\" data-mtr-content=\"Peso (Kg)*\" class=\"mtr-td-tag\"><div class=\"mtr-cell-content\">\n<p class=\"s26\">63<\/p>\n<\/div><\/td>\n<td bgcolor=\"#E6E7E8\" data-mtr-content=\"Vasca LxPxH cm\" class=\"mtr-td-tag\"><div class=\"mtr-cell-content\">\n<p class=\"s26\" style=\"text-align: center;\">60x50x30<\/p>\n<\/div><\/td>\n<\/tr>\n<\/tbody>\n<\/table>","protected":false},"excerpt":{"rendered":"<p>Lavatoio 1 vasca gocciolatoio a destra ripiano inferiore gambe tonde acciaio inox Aisi 304 profondit\u00e0 70 cm Lavatoio in acciaio inox Aisi 304 su 4 gambe tonde \u00f8 50 mm con ripiano inferiore, con 1 vasca e un gocciolatoio a destra. Vasca profondit\u00e0 50 cm e altezza 30 cm. Dotato di alzatina. Struttura e vasca [&#8230;]","protected":false},"featured_media":126452,"comment_status":"closed","ping_status":"closed","template":"","meta":{"_monsterinsights_skip_tracking":false,"_monsterinsights_sitenote_active":false,"_monsterinsights_sitenote_note":"","_monsterinsights_sitenote_category":0},"product_brand":[772],"product_cat":[18,119],"product_tag":[],"class_list":{"0":"post-26658","1":"product","2":"type-product","3":"status-publish","4":"has-post-thumbnail","6":"product_brand-crea-e-arreda-negozi","7":"product_cat-arredo-acciaio-inox","8":"product_cat-lavatoi","9":"pa_dotazione-con-alzatina","10":"pa_dotazione-con-gocciolatoio","11":"pa_dotazione-con-ripiano-inferiore","12":"pa_profondita-linea-70","13":"pa_tipo-acciaio-aisi-linea-hq-aisi-304","14":"pa_versione-a-giorno","16":"first","17":"instock","18":"taxable","19":"shipping-taxable","20":"purchasable","21":"product-type-variable"},"_links":{"self":[{"href":"https:\/\/www.creaearredanegozi.it\/en\/wp-json\/wp\/v2\/product\/26658","targetHints":{"allow":["GET"]}}],"collection":[{"href":"https:\/\/www.creaearredanegozi.it\/en\/wp-json\/wp\/v2\/product"}],"about":[{"href":"https:\/\/www.creaearredanegozi.it\/en\/wp-json\/wp\/v2\/types\/product"}],"replies":[{"embeddable":true,"href":"https:\/\/www.creaearredanegozi.it\/en\/wp-json\/wp\/v2\/comments?post=26658"}],"wp:featuredmedia":[{"embeddable":true,"href":"https:\/\/www.creaearredanegozi.it\/en\/wp-json\/wp\/v2\/media\/126452"}],"wp:attachment":[{"href":"https:\/\/www.creaearredanegozi.it\/en\/wp-json\/wp\/v2\/media?parent=26658"}],"wp:term":[{"taxonomy":"product_brand","embeddable":true,"href":"https:\/\/www.creaearredanegozi.it\/en\/wp-json\/wp\/v2\/product_brand?post=26658"},{"taxonomy":"product_cat","embeddable":true,"href":"https:\/\/www.creaearredanegozi.it\/en\/wp-json\/wp\/v2\/product_cat?post=26658"},{"taxonomy":"product_tag","embeddable":true,"href":"https:\/\/www.creaearredanegozi.it\/en\/wp-json\/wp\/v2\/product_tag?post=26658"}],"curies":[{"name":"wp","href":"https:\/\/api.w.org\/{rel}","templated":true}]}}