{"id":26762,"date":"2019-06-09T19:12:05","date_gmt":"2019-06-09T17:12:05","guid":{"rendered":"https:\/\/www.creaearredanegozi.it\/?post_type=product&#038;p=26762"},"modified":"2024-04-09T19:18:40","modified_gmt":"2024-04-09T17:18:40","slug":"washtub-2-tubs-2-drip-tray-bottom-shelf-round-legs-stainless-steel-aisi-304-depth-70-cm","status":"publish","type":"product","link":"https:\/\/www.creaearredanegozi.it\/en\/washtub-2-tubs-2-drip-tray-bottom-shelf-round-legs-stainless-steel-aisi-304-depth-70-cm\/","title":{"rendered":"Sink 2 basins 2 drip trays bottom shelf round legs stainless steel Aisi 304 depth 70 cm"},"content":{"rendered":"<p style=\"text-align: center;\"><strong>Sink 2 basins 2 drip trays bottom shelf round legs stainless steel Aisi 304 depth 70 cm<\/strong><\/p>\n<p>Aisi 304 stainless steel sink on 4 round legs \u00f8 50 cm with bottom shelf, with 2 basins and 2 drip pans. Tub depth 30 cm.<\/p>\n<ul>\n<li>Equipped with riser and drains<\/li>\n<li>Depth 70 cm.<\/li>\n<li>Height 85 cm.<\/li>\n<li>Supplied Disassembled<\/li>\n<\/ul>\n<p><img decoding=\"async\" class=\"alignnone size-medium wp-image-25897 aligncenter\" src=\"https:\/\/www.creaearredanegozi.it\/wp-content\/uploads\/2019\/05\/lavatoio-dim-500x282.png\" alt=\"\" width=\"500\" height=\"282\" title=\"\" srcset=\"https:\/\/www.creaearredanegozi.it\/wp-content\/uploads\/2019\/05\/lavatoio-dim.png 500w, https:\/\/www.creaearredanegozi.it\/wp-content\/uploads\/2019\/05\/lavatoio-dim-64x36.png 64w, https:\/\/www.creaearredanegozi.it\/wp-content\/uploads\/2019\/05\/lavatoio-dim-200x113.png 200w, https:\/\/www.creaearredanegozi.it\/wp-content\/uploads\/2019\/05\/lavatoio-dim-400x226.png 400w\" sizes=\"(max-width: 500px) 100vw, 500px\" \/><\/p>\n<p><strong>Available sizes:<\/strong><\/p>\n<ul>\n<li>180x70x85 cm Tub: 40x50x30 cm<\/li>\n<li>200x70x85 cm Tub: 50x50x30 cm<\/li>\n<li>220x70x85 cm Tub: 50x50x30 cm<\/li>\n<li>240x70x85 cm Tub: 50x50x30 cm<\/li>\n<\/ul>","protected":false},"excerpt":{"rendered":"<p>Lavatoio 2 vasche 2 gocciolatoi ripiano inferiore gambe tonde acciaio inox Aisi 304 profondit\u00e0 70 cm Lavatoio in acciaio inox Aisi 304 su 4 gambe tonde \u00f8 50 cm con ripiano inferiore, con 2 vasche e 2 gocciolatoi. Profondit\u00e0 vasca 30 cm. Dotato di Alzatina e pilette Profondit\u00e0 70 cm. Altezza 85 cm. Fornito Smontato [&#8230;]","protected":false},"featured_media":127663,"comment_status":"closed","ping_status":"closed","template":"","meta":{"_monsterinsights_skip_tracking":false,"_monsterinsights_sitenote_active":false,"_monsterinsights_sitenote_note":"","_monsterinsights_sitenote_category":0},"product_brand":[772],"product_cat":[119,18],"product_tag":[],"class_list":{"0":"post-26762","1":"product","2":"type-product","3":"status-publish","4":"has-post-thumbnail","6":"product_brand-crea-e-arreda-negozi","7":"product_cat-lavatoi","8":"product_cat-arredo-acciaio-inox","9":"pa_dotazione-2-vasche","10":"pa_dotazione-con-alzatina","11":"pa_dotazione-con-gocciolatoio","12":"pa_dotazione-con-ripiano-inferiore","13":"pa_profondita-linea-70","14":"pa_tipo-acciaio-aisi-linea-hq-aisi-304","15":"pa_versione-a-giorno","17":"first","18":"instock","19":"taxable","20":"shipping-taxable","21":"purchasable","22":"product-type-variable"},"_links":{"self":[{"href":"https:\/\/www.creaearredanegozi.it\/en\/wp-json\/wp\/v2\/product\/26762","targetHints":{"allow":["GET"]}}],"collection":[{"href":"https:\/\/www.creaearredanegozi.it\/en\/wp-json\/wp\/v2\/product"}],"about":[{"href":"https:\/\/www.creaearredanegozi.it\/en\/wp-json\/wp\/v2\/types\/product"}],"replies":[{"embeddable":true,"href":"https:\/\/www.creaearredanegozi.it\/en\/wp-json\/wp\/v2\/comments?post=26762"}],"wp:featuredmedia":[{"embeddable":true,"href":"https:\/\/www.creaearredanegozi.it\/en\/wp-json\/wp\/v2\/media\/127663"}],"wp:attachment":[{"href":"https:\/\/www.creaearredanegozi.it\/en\/wp-json\/wp\/v2\/media?parent=26762"}],"wp:term":[{"taxonomy":"product_brand","embeddable":true,"href":"https:\/\/www.creaearredanegozi.it\/en\/wp-json\/wp\/v2\/product_brand?post=26762"},{"taxonomy":"product_cat","embeddable":true,"href":"https:\/\/www.creaearredanegozi.it\/en\/wp-json\/wp\/v2\/product_cat?post=26762"},{"taxonomy":"product_tag","embeddable":true,"href":"https:\/\/www.creaearredanegozi.it\/en\/wp-json\/wp\/v2\/product_tag?post=26762"}],"curies":[{"name":"wp","href":"https:\/\/api.w.org\/{rel}","templated":true}]}}