{"id":26781,"date":"2019-06-11T08:45:32","date_gmt":"2019-06-11T06:45:32","guid":{"rendered":"https:\/\/www.creaearredanegozi.it\/?post_type=product&#038;p=26781"},"modified":"2024-02-28T16:32:03","modified_gmt":"2024-02-28T15:32:03","slug":"wash-basin-1-basin-bottom-shelf-round-legs-stainless-steel-aisi-304-depth-70-cm","status":"publish","type":"product","link":"https:\/\/www.creaearredanegozi.it\/en\/wash-basin-1-basin-bottom-shelf-round-legs-stainless-steel-aisi-304-depth-70-cm\/","title":{"rendered":"Sink 1 basin bottom shelf round legs stainless steel Aisi 304 depth 70 cm"},"content":{"rendered":"<p style=\"text-align: center;\"><strong>Lavatory 1 compartment lower shelf round legs stainless steel Aisi 304 depth 70 cm<\/strong><\/p>\n<p>All-stainless steel all-Aisi 304 open-top washbasin on 4 round legs \u00f8 50 mm, with 1 vessel. Tub depth 30 cm. Equipped with splashback and overflow drain<\/p>\n<ul>\n<li>Cabinet depth 70 cm.<\/li>\n<li>Height 85 cm + 10 cm splashback<\/li>\n<li>Supplied disassembled<\/li>\n<\/ul>\n<p><img decoding=\"async\" class=\"alignnone size-medium wp-image-25897 aligncenter\" src=\"https:\/\/www.creaearredanegozi.it\/wp-content\/uploads\/2019\/05\/lavatoio-dim-500x282.png\" alt=\"\" width=\"500\" height=\"282\" title=\"\" srcset=\"https:\/\/www.creaearredanegozi.it\/wp-content\/uploads\/2019\/05\/lavatoio-dim.png 500w, https:\/\/www.creaearredanegozi.it\/wp-content\/uploads\/2019\/05\/lavatoio-dim-64x36.png 64w, https:\/\/www.creaearredanegozi.it\/wp-content\/uploads\/2019\/05\/lavatoio-dim-200x113.png 200w, https:\/\/www.creaearredanegozi.it\/wp-content\/uploads\/2019\/05\/lavatoio-dim-400x226.png 400w\" sizes=\"(max-width: 500px) 100vw, 500px\" \/><\/p>\n<p><strong>Available sizes<\/strong><\/p>\n<table style=\"border-collapse: collapse; width: 100%;\" class=\"mtr-table mtr-tr-td\">\n<tbody>\n<tr>\n<td style=\"width: 20%; text-align: center;\" data-mtr-content=\"Lunghezza (cm)\" class=\"mtr-td-tag\"><div class=\"mtr-cell-content\"><strong>Length (cm)<\/strong><\/div><\/td>\n<td style=\"width: 20%; text-align: center;\" data-mtr-content=\"Profondit\u00e0 (cm)\" class=\"mtr-td-tag\"><div class=\"mtr-cell-content\"><strong>Depth (cm)<\/strong><\/div><\/td>\n<td style=\"width: 20%; text-align: center;\" data-mtr-content=\"Altezza (cm)\" class=\"mtr-td-tag\"><div class=\"mtr-cell-content\"><strong>Height (cm)<\/strong><\/div><\/td>\n<td style=\"width: 20%; text-align: center;\" data-mtr-content=\"Dim. Vasca (cm)\" class=\"mtr-td-tag\"><div class=\"mtr-cell-content\"><strong>Tub Size (cm)<\/strong><\/div><\/td>\n<td style=\"width: 20%; text-align: center;\" data-mtr-content=\"Peso (kg)\" class=\"mtr-td-tag\"><div class=\"mtr-cell-content\"><strong>Weight (kg)<\/strong><\/div><\/td>\n<\/tr>\n<tr>\n<td style=\"width: 20%; text-align: center;\" data-mtr-content=\"Lunghezza (cm)\" class=\"mtr-td-tag\"><div class=\"mtr-cell-content\">100<\/div><\/td>\n<td style=\"width: 20%; text-align: center;\" data-mtr-content=\"Profondit\u00e0 (cm)\" class=\"mtr-td-tag\"><div class=\"mtr-cell-content\">70<\/div><\/td>\n<td style=\"width: 20%; text-align: center;\" data-mtr-content=\"Altezza (cm)\" class=\"mtr-td-tag\"><div class=\"mtr-cell-content\">85+10<\/div><\/td>\n<td style=\"width: 20%; text-align: center;\" data-mtr-content=\"Dim. Vasca (cm)\" class=\"mtr-td-tag\"><div class=\"mtr-cell-content\">80 x 50 x 30<\/div><\/td>\n<td style=\"width: 20%; text-align: center;\" data-mtr-content=\"Peso (kg)\" class=\"mtr-td-tag\"><div class=\"mtr-cell-content\">35<\/div><\/td>\n<\/tr>\n<tr>\n<td style=\"width: 20%; text-align: center;\" data-mtr-content=\"Lunghezza (cm)\" class=\"mtr-td-tag\"><div class=\"mtr-cell-content\">120<\/div><\/td>\n<td style=\"width: 20%; text-align: center;\" data-mtr-content=\"Profondit\u00e0 (cm)\" class=\"mtr-td-tag\"><div class=\"mtr-cell-content\">70<\/div><\/td>\n<td style=\"width: 20%; text-align: center;\" data-mtr-content=\"Altezza (cm)\" class=\"mtr-td-tag\"><div class=\"mtr-cell-content\">85+10<\/div><\/td>\n<td style=\"width: 20%; text-align: center;\" data-mtr-content=\"Dim. Vasca (cm)\" class=\"mtr-td-tag\"><div class=\"mtr-cell-content\">95 x 50 x 30<\/div><\/td>\n<td style=\"width: 20%; text-align: center;\" data-mtr-content=\"Peso (kg)\" class=\"mtr-td-tag\"><div class=\"mtr-cell-content\">39<\/div><\/td>\n<\/tr>\n<tr>\n<td style=\"width: 20%; text-align: center;\" data-mtr-content=\"Lunghezza (cm)\" class=\"mtr-td-tag\"><div class=\"mtr-cell-content\">130<\/div><\/td>\n<td style=\"width: 20%; text-align: center;\" data-mtr-content=\"Profondit\u00e0 (cm)\" class=\"mtr-td-tag\"><div class=\"mtr-cell-content\">70<\/div><\/td>\n<td style=\"width: 20%; text-align: center;\" data-mtr-content=\"Altezza (cm)\" class=\"mtr-td-tag\"><div class=\"mtr-cell-content\">85+10<\/div><\/td>\n<td style=\"width: 20%; text-align: center;\" data-mtr-content=\"Dim. Vasca (cm)\" class=\"mtr-td-tag\"><div class=\"mtr-cell-content\">120 x 50 x 30<\/div><\/td>\n<td style=\"width: 20%; text-align: center;\" data-mtr-content=\"Peso (kg)\" class=\"mtr-td-tag\"><div class=\"mtr-cell-content\">45<\/div><\/td>\n<\/tr>\n<tr>\n<td style=\"width: 20%; text-align: center;\" data-mtr-content=\"Lunghezza (cm)\" class=\"mtr-td-tag\"><div class=\"mtr-cell-content\">160<\/div><\/td>\n<td style=\"width: 20%; text-align: center;\" data-mtr-content=\"Profondit\u00e0 (cm)\" class=\"mtr-td-tag\"><div class=\"mtr-cell-content\">70<\/div><\/td>\n<td style=\"width: 20%; text-align: center;\" data-mtr-content=\"Altezza (cm)\" class=\"mtr-td-tag\"><div class=\"mtr-cell-content\">85+10<\/div><\/td>\n<td style=\"width: 20%; text-align: center;\" data-mtr-content=\"Dim. Vasca (cm)\" class=\"mtr-td-tag\"><div class=\"mtr-cell-content\">140 x 50 x 30<\/div><\/td>\n<td style=\"width: 20%; text-align: center;\" data-mtr-content=\"Peso (kg)\" class=\"mtr-td-tag\"><div class=\"mtr-cell-content\">51<\/div><\/td>\n<\/tr>\n<tr>\n<td style=\"width: 20%; text-align: center;\" data-mtr-content=\"Lunghezza (cm)\" class=\"mtr-td-tag\"><div class=\"mtr-cell-content\">180<\/div><\/td>\n<td style=\"width: 20%; text-align: center;\" data-mtr-content=\"Profondit\u00e0 (cm)\" class=\"mtr-td-tag\"><div class=\"mtr-cell-content\">70<\/div><\/td>\n<td style=\"width: 20%; text-align: center;\" data-mtr-content=\"Altezza (cm)\" class=\"mtr-td-tag\"><div class=\"mtr-cell-content\">85+10<\/div><\/td>\n<td style=\"width: 20%; text-align: center;\" data-mtr-content=\"Dim. Vasca (cm)\" class=\"mtr-td-tag\"><div class=\"mtr-cell-content\">160 x 50 x 30<\/div><\/td>\n<td style=\"width: 20%; text-align: center;\" data-mtr-content=\"Peso (kg)\" class=\"mtr-td-tag\"><div class=\"mtr-cell-content\">58<\/div><\/td>\n<\/tr>\n<tr>\n<td style=\"width: 20%; text-align: center;\" data-mtr-content=\"Lunghezza (cm)\" class=\"mtr-td-tag\"><div class=\"mtr-cell-content\">200<\/div><\/td>\n<td style=\"width: 20%; text-align: center;\" data-mtr-content=\"Profondit\u00e0 (cm)\" class=\"mtr-td-tag\"><div class=\"mtr-cell-content\">70<\/div><\/td>\n<td style=\"width: 20%; text-align: center;\" data-mtr-content=\"Altezza (cm)\" class=\"mtr-td-tag\"><div class=\"mtr-cell-content\">85+10<\/div><\/td>\n<td style=\"width: 20%; text-align: center;\" data-mtr-content=\"Dim. Vasca (cm)\" class=\"mtr-td-tag\"><div class=\"mtr-cell-content\">180 x 50 x 30<\/div><\/td>\n<td style=\"width: 20%; text-align: center;\" data-mtr-content=\"Peso (kg)\" class=\"mtr-td-tag\"><div class=\"mtr-cell-content\">64<\/div><\/td>\n<\/tr>\n<\/tbody>\n<\/table>","protected":false},"excerpt":{"rendered":"<p>Lavatoio 1 vascone ripiano inferiore gambe tonde acciaio inox Aisi 304 profondit\u00e0 70 cm Lavatoio tutta vasca in acciaio inox interamente in Aisi 304 a giorno su 4 gambe tonde \u00f8 50 mm, con 1 vascone. Profondit\u00e0 vasca 30 cm. Dotato di Alzatina e piletta troppopieno Profondit\u00e0 mobile 70 cm. Altezza 85 cm + 10 [&#8230;]","protected":false},"featured_media":126979,"comment_status":"closed","ping_status":"closed","template":"","meta":{"_monsterinsights_skip_tracking":false,"_monsterinsights_sitenote_active":false,"_monsterinsights_sitenote_note":"","_monsterinsights_sitenote_category":0},"product_brand":[772],"product_cat":[18,119],"product_tag":[],"class_list":{"0":"post-26781","1":"product","2":"type-product","3":"status-publish","4":"has-post-thumbnail","6":"product_brand-crea-e-arreda-negozi","7":"product_cat-arredo-acciaio-inox","8":"product_cat-lavatoi","9":"pa_dotazione-con-alzatina","10":"pa_dotazione-con-ripiano-inferiore","11":"pa_dotazione-vascone","12":"pa_profondita-linea-70","13":"pa_tipo-acciaio-aisi-linea-hq-aisi-304","14":"pa_versione-a-giorno","16":"first","17":"instock","18":"taxable","19":"shipping-taxable","20":"purchasable","21":"product-type-variable"},"_links":{"self":[{"href":"https:\/\/www.creaearredanegozi.it\/en\/wp-json\/wp\/v2\/product\/26781","targetHints":{"allow":["GET"]}}],"collection":[{"href":"https:\/\/www.creaearredanegozi.it\/en\/wp-json\/wp\/v2\/product"}],"about":[{"href":"https:\/\/www.creaearredanegozi.it\/en\/wp-json\/wp\/v2\/types\/product"}],"replies":[{"embeddable":true,"href":"https:\/\/www.creaearredanegozi.it\/en\/wp-json\/wp\/v2\/comments?post=26781"}],"wp:featuredmedia":[{"embeddable":true,"href":"https:\/\/www.creaearredanegozi.it\/en\/wp-json\/wp\/v2\/media\/126979"}],"wp:attachment":[{"href":"https:\/\/www.creaearredanegozi.it\/en\/wp-json\/wp\/v2\/media?parent=26781"}],"wp:term":[{"taxonomy":"product_brand","embeddable":true,"href":"https:\/\/www.creaearredanegozi.it\/en\/wp-json\/wp\/v2\/product_brand?post=26781"},{"taxonomy":"product_cat","embeddable":true,"href":"https:\/\/www.creaearredanegozi.it\/en\/wp-json\/wp\/v2\/product_cat?post=26781"},{"taxonomy":"product_tag","embeddable":true,"href":"https:\/\/www.creaearredanegozi.it\/en\/wp-json\/wp\/v2\/product_tag?post=26781"}],"curies":[{"name":"wp","href":"https:\/\/api.w.org\/{rel}","templated":true}]}}