{"id":26931,"date":"2019-06-11T11:05:50","date_gmt":"2019-06-11T09:05:50","guid":{"rendered":"https:\/\/www.creaearredanegozi.it\/?post_type=product&#038;p=26931"},"modified":"2025-12-03T17:52:50","modified_gmt":"2025-12-03T16:52:50","slug":"wash-basin-1-basin-cabinet-stainless-steel-aisi-430-lower-shelf-depth-70","status":"publish","type":"product","link":"https:\/\/www.creaearredanegozi.it\/en\/wash-basin-1-basin-cabinet-stainless-steel-aisi-430-lower-shelf-depth-70\/","title":{"rendered":"Sink 1 basin cabinet stainless steel Aisi 430 lower shelf depth 70"},"content":{"rendered":"<p><strong>Sink 1 basin cabinet stainless steel Aisi 430 lower shelf depth 70<\/strong><\/p>\n<p>Stainless steel Aisi 430 cabinet sink with hinged door, with 1 basin. Tub depth 50 cm and height 30 cm. Equipped with splashback.<\/p>\n<ul>\n<li>Depth 70 cm.<\/li>\n<li>Height 85 cm.<\/li>\n<\/ul>\n<p><strong>Available sizes:<\/strong><\/p>\n<ul>\n<li>50x70x85 cm Tub: 40x50x30 cm<\/li>\n<li>60x70x85 cm Tub: 40x50x30 cm<\/li>\n<li>70x70x85 cm Tub: 60x50x30 cm<\/li>\n<li>80x70x85 cm Tub: 60x50x30 cm<\/li>\n<\/ul>\n<p><a href=\"https:\/\/www.creaearredanegozi.it\/wp-content\/uploads\/2019\/06\/DSLA1V056-scheda-1.jpg\"><img decoding=\"async\" class=\"aligncenter size-full wp-image-129093\" src=\"https:\/\/www.creaearredanegozi.it\/wp-content\/uploads\/2019\/06\/DSLA1V056-scheda-1.jpg\" alt=\"\" width=\"799\" height=\"496\" title=\"\" srcset=\"https:\/\/www.creaearredanegozi.it\/wp-content\/uploads\/2019\/06\/DSLA1V056-scheda-1.jpg 799w, https:\/\/www.creaearredanegozi.it\/wp-content\/uploads\/2019\/06\/DSLA1V056-scheda-1-516x320.jpg 516w, https:\/\/www.creaearredanegozi.it\/wp-content\/uploads\/2019\/06\/DSLA1V056-scheda-1-64x40.jpg 64w, https:\/\/www.creaearredanegozi.it\/wp-content\/uploads\/2019\/06\/DSLA1V056-scheda-1-644x400.jpg 644w, https:\/\/www.creaearredanegozi.it\/wp-content\/uploads\/2019\/06\/DSLA1V056-scheda-1-768x477.jpg 768w, https:\/\/www.creaearredanegozi.it\/wp-content\/uploads\/2019\/06\/DSLA1V056-scheda-1-18x12.jpg 18w\" sizes=\"(max-width: 799px) 100vw, 799px\" \/><\/a><\/p>","protected":false},"excerpt":{"rendered":"<p>Lavatoio 1 vasca armadiato acciaio inox Aisi 430 ripiano inferiore profondit\u00e0 70 Lavatoio in acciaio inox Aisi 430 armadiato con porta a battente, con 1 vasca. Vasca profondit\u00e0 50 cm e altezza 30 cm. Dotato di Alzatina. Profondit\u00e0 70 cm. Altezza 85 cm. Dimensioni disponibili: 50x70x85 cm Vasca: 40x50x30 cm 60x70x85 cm Vasca: 40x50x30 cm [&#8230;]","protected":false},"featured_media":126427,"comment_status":"closed","ping_status":"closed","template":"","meta":{"_monsterinsights_skip_tracking":false,"_monsterinsights_sitenote_active":false,"_monsterinsights_sitenote_note":"","_monsterinsights_sitenote_category":0},"product_brand":[772],"product_cat":[18,119],"product_tag":[],"class_list":{"0":"post-26931","1":"product","2":"type-product","3":"status-publish","4":"has-post-thumbnail","6":"product_brand-crea-e-arreda-negozi","7":"product_cat-arredo-acciaio-inox","8":"product_cat-lavatoi","9":"pa_dotazione-1-vasca","10":"pa_dotazione-con-alzatina","11":"pa_profondita-linea-70","12":"pa_tipo-acciaio-aisi-linea-eco-aisi-430","13":"pa_versione-armadiato-con-porte","15":"first","16":"instock","17":"taxable","18":"shipping-taxable","19":"purchasable","20":"product-type-variable"},"_links":{"self":[{"href":"https:\/\/www.creaearredanegozi.it\/en\/wp-json\/wp\/v2\/product\/26931","targetHints":{"allow":["GET"]}}],"collection":[{"href":"https:\/\/www.creaearredanegozi.it\/en\/wp-json\/wp\/v2\/product"}],"about":[{"href":"https:\/\/www.creaearredanegozi.it\/en\/wp-json\/wp\/v2\/types\/product"}],"replies":[{"embeddable":true,"href":"https:\/\/www.creaearredanegozi.it\/en\/wp-json\/wp\/v2\/comments?post=26931"}],"wp:featuredmedia":[{"embeddable":true,"href":"https:\/\/www.creaearredanegozi.it\/en\/wp-json\/wp\/v2\/media\/126427"}],"wp:attachment":[{"href":"https:\/\/www.creaearredanegozi.it\/en\/wp-json\/wp\/v2\/media?parent=26931"}],"wp:term":[{"taxonomy":"product_brand","embeddable":true,"href":"https:\/\/www.creaearredanegozi.it\/en\/wp-json\/wp\/v2\/product_brand?post=26931"},{"taxonomy":"product_cat","embeddable":true,"href":"https:\/\/www.creaearredanegozi.it\/en\/wp-json\/wp\/v2\/product_cat?post=26931"},{"taxonomy":"product_tag","embeddable":true,"href":"https:\/\/www.creaearredanegozi.it\/en\/wp-json\/wp\/v2\/product_tag?post=26931"}],"curies":[{"name":"wp","href":"https:\/\/api.w.org\/{rel}","templated":true}]}}