{"id":27311,"date":"2019-07-06T19:10:31","date_gmt":"2019-07-06T17:10:31","guid":{"rendered":"https:\/\/www.creaearredanegozi.it\/?post_type=product&#038;p=27311"},"modified":"2024-04-10T21:04:26","modified_gmt":"2024-04-10T19:04:26","slug":"lavatoio-a-giorno-2-vasconi-acciaio-inox-aisi-304-gambe-tonde-profondita-70-cm","status":"publish","type":"product","link":"https:\/\/www.creaearredanegozi.it\/en\/lavatoio-a-giorno-2-vasconi-acciaio-inox-aisi-304-gambe-tonde-profondita-70-cm\/","title":{"rendered":"Open wash basin 2 basins stainless steel Aisi 304 round legs depth 70 cm"},"content":{"rendered":"<p><strong>Open wash basin 2 basins stainless steel Aisi 304 round legs depth 70 cm<\/strong><\/p>\n<p>Lavatoio in acciaio inox Aisi 304 a giorno<\/p>\n<ul>\n<li><strong>Gambe tonde \u00f8 50 cm <\/strong><\/li>\n<li>con ripiano inferiore,<\/li>\n<li>con 2 vasconi.<\/li>\n<li>Vasca profondit\u00e0 50 cm e altezza 35 cm.<\/li>\n<li>Equipped with Lift.<\/li>\n<li>Depth 70 cm.<\/li>\n<li>Height 85 cm.<\/li>\n<\/ul>\n<p><img decoding=\"async\" class=\"wp-image-125570 size-full aligncenter\" src=\"https:\/\/www.creaearredanegozi.it\/wp-content\/uploads\/2019\/06\/misure_lavello.jpg\" alt=\"\" width=\"673\" height=\"349\" title=\"\" srcset=\"https:\/\/www.creaearredanegozi.it\/wp-content\/uploads\/2019\/06\/misure_lavello.jpg 673w, https:\/\/www.creaearredanegozi.it\/wp-content\/uploads\/2019\/06\/misure_lavello-516x268.jpg 516w, https:\/\/www.creaearredanegozi.it\/wp-content\/uploads\/2019\/06\/misure_lavello-64x33.jpg 64w\" sizes=\"(max-width: 673px) 100vw, 673px\" \/><\/p>\n<p><strong>Available sizes:<\/strong><\/p>\n<ul>\n<li>160x70x85 cm Vasca: 2 x 70x50x35 cm<\/li>\n<li>180x70x85 cm Vasca: 2 x 80x50x35 cm<\/li>\n<li>200x70x85 cm Vasca: 2 x 80x50x35 cm<\/li>\n<\/ul>","protected":false},"excerpt":{"rendered":"<p>Lavatoio a giorno 2 vasconi acciaio inox Aisi 304 gambe tonde profondit\u00e0 70 cm Lavatoio in acciaio inox Aisi 304 a giorno Gambe tonde \u00f8 50 cm con ripiano inferiore, con 2 vasconi. Vasca profondit\u00e0 50 cm e altezza 35 cm. Dotato di Alzatina. Profondit\u00e0 70 cm. Altezza 85 cm. Dimensioni disponibili: 160x70x85 cm Vasca: [&#8230;]","protected":false},"featured_media":125572,"comment_status":"closed","ping_status":"closed","template":"","meta":{"_monsterinsights_skip_tracking":false,"_monsterinsights_sitenote_active":false,"_monsterinsights_sitenote_note":"","_monsterinsights_sitenote_category":0},"product_brand":[],"product_cat":[18,119],"product_tag":[],"class_list":{"0":"post-27311","1":"product","2":"type-product","3":"status-publish","4":"has-post-thumbnail","6":"product_cat-arredo-acciaio-inox","7":"product_cat-lavatoi","8":"pa_dotazione-con-alzatina","9":"pa_dotazione-con-ripiano-inferiore","10":"pa_profondita-linea-70","11":"pa_tipo-acciaio-aisi-linea-hq-aisi-304","12":"pa_versione-a-giorno","14":"first","15":"instock","16":"taxable","17":"shipping-taxable","18":"purchasable","19":"product-type-variable"},"_links":{"self":[{"href":"https:\/\/www.creaearredanegozi.it\/en\/wp-json\/wp\/v2\/product\/27311","targetHints":{"allow":["GET"]}}],"collection":[{"href":"https:\/\/www.creaearredanegozi.it\/en\/wp-json\/wp\/v2\/product"}],"about":[{"href":"https:\/\/www.creaearredanegozi.it\/en\/wp-json\/wp\/v2\/types\/product"}],"replies":[{"embeddable":true,"href":"https:\/\/www.creaearredanegozi.it\/en\/wp-json\/wp\/v2\/comments?post=27311"}],"wp:featuredmedia":[{"embeddable":true,"href":"https:\/\/www.creaearredanegozi.it\/en\/wp-json\/wp\/v2\/media\/125572"}],"wp:attachment":[{"href":"https:\/\/www.creaearredanegozi.it\/en\/wp-json\/wp\/v2\/media?parent=27311"}],"wp:term":[{"taxonomy":"product_brand","embeddable":true,"href":"https:\/\/www.creaearredanegozi.it\/en\/wp-json\/wp\/v2\/product_brand?post=27311"},{"taxonomy":"product_cat","embeddable":true,"href":"https:\/\/www.creaearredanegozi.it\/en\/wp-json\/wp\/v2\/product_cat?post=27311"},{"taxonomy":"product_tag","embeddable":true,"href":"https:\/\/www.creaearredanegozi.it\/en\/wp-json\/wp\/v2\/product_tag?post=27311"}],"curies":[{"name":"wp","href":"https:\/\/api.w.org\/{rel}","templated":true}]}}