{"id":27332,"date":"2019-07-06T19:25:59","date_gmt":"2019-07-06T17:25:59","guid":{"rendered":"https:\/\/www.creaearredanegozi.it\/?post_type=product&#038;p=27332"},"modified":"2024-04-10T20:48:32","modified_gmt":"2024-04-10T18:48:32","slug":"open-wash-basin-2-basins-on-sides-stainless-steel-aisi-430-depth-70-cm","status":"publish","type":"product","link":"https:\/\/www.creaearredanegozi.it\/en\/open-wash-basin-2-basins-on-sides-stainless-steel-aisi-430-depth-70-cm\/","title":{"rendered":"Open wash basin 2 basins on sides stainless steel Aisi 430 depth 70 cm"},"content":{"rendered":"<p><strong>Open wash basin 2 basins on sides stainless steel Aisi 430 depth 70 cm<\/strong><\/p>\n<p>Open stainless steel Aisi 430 sink on 2 sides with lower shelf, with 2 basins. Bowl depth 50 cm and height 35 cm. Equipped with splashback.<\/p>\n<p>Depth 70 cm.<\/p>\n<p><strong>Height 85 cm.<\/strong><\/p>\n<p><img decoding=\"async\" class=\"alignnone size-medium wp-image-25897\" src=\"https:\/\/www.creaearredanegozi.it\/wp-content\/uploads\/2019\/05\/lavatoio-dim-500x282.png\" alt=\"\" width=\"500\" height=\"282\" title=\"\" srcset=\"https:\/\/www.creaearredanegozi.it\/wp-content\/uploads\/2019\/05\/lavatoio-dim.png 500w, https:\/\/www.creaearredanegozi.it\/wp-content\/uploads\/2019\/05\/lavatoio-dim-64x36.png 64w, https:\/\/www.creaearredanegozi.it\/wp-content\/uploads\/2019\/05\/lavatoio-dim-200x113.png 200w, https:\/\/www.creaearredanegozi.it\/wp-content\/uploads\/2019\/05\/lavatoio-dim-400x226.png 400w\" sizes=\"(max-width: 500px) 100vw, 500px\" \/><\/p>\n<p><strong>Available sizes:<\/strong><\/p>\n<ul>\n<li>160x70x85 cm Tub: 70x50x35 cm<\/li>\n<li>180x70x85 cm Tub: 80x50x35 cm<\/li>\n<li>200x70x85 cm Tub: 80x50x35 cm<\/li>\n<\/ul>","protected":false},"excerpt":{"rendered":"<p>Lavatoio a giorno 2 vasconi su fianchi acciaio inox Aisi 430 profondit\u00e0 70 cm Lavatoio in acciaio inox Aisi 430 a giorno su 2 fianchi con ripiano inferiore, con 2 vasconi. Vasca profondit\u00e0 50 cm e altezza 35 cm. Dotato di Alzatina. Profondit\u00e0 70 cm. Altezza 85 cm. Dimensioni disponibili: 160x70x85 cm Vasca: 70x50x35 cm [&#8230;]","protected":false},"featured_media":27320,"comment_status":"closed","ping_status":"closed","template":"","meta":{"_monsterinsights_skip_tracking":false,"_monsterinsights_sitenote_active":false,"_monsterinsights_sitenote_note":"","_monsterinsights_sitenote_category":0},"product_brand":[],"product_cat":[18,119],"product_tag":[],"class_list":{"0":"post-27332","1":"product","2":"type-product","3":"status-publish","4":"has-post-thumbnail","6":"product_cat-arredo-acciaio-inox","7":"product_cat-lavatoi","8":"pa_dotazione-con-alzatina","9":"pa_dotazione-con-ripiano-inferiore","10":"pa_profondita-linea-70","11":"pa_tipo-acciaio-aisi-linea-eco-aisi-430","12":"pa_versione-a-giorno","14":"first","15":"instock","16":"taxable","17":"shipping-taxable","18":"purchasable","19":"product-type-variable"},"_links":{"self":[{"href":"https:\/\/www.creaearredanegozi.it\/en\/wp-json\/wp\/v2\/product\/27332","targetHints":{"allow":["GET"]}}],"collection":[{"href":"https:\/\/www.creaearredanegozi.it\/en\/wp-json\/wp\/v2\/product"}],"about":[{"href":"https:\/\/www.creaearredanegozi.it\/en\/wp-json\/wp\/v2\/types\/product"}],"replies":[{"embeddable":true,"href":"https:\/\/www.creaearredanegozi.it\/en\/wp-json\/wp\/v2\/comments?post=27332"}],"wp:featuredmedia":[{"embeddable":true,"href":"https:\/\/www.creaearredanegozi.it\/en\/wp-json\/wp\/v2\/media\/27320"}],"wp:attachment":[{"href":"https:\/\/www.creaearredanegozi.it\/en\/wp-json\/wp\/v2\/media?parent=27332"}],"wp:term":[{"taxonomy":"product_brand","embeddable":true,"href":"https:\/\/www.creaearredanegozi.it\/en\/wp-json\/wp\/v2\/product_brand?post=27332"},{"taxonomy":"product_cat","embeddable":true,"href":"https:\/\/www.creaearredanegozi.it\/en\/wp-json\/wp\/v2\/product_cat?post=27332"},{"taxonomy":"product_tag","embeddable":true,"href":"https:\/\/www.creaearredanegozi.it\/en\/wp-json\/wp\/v2\/product_tag?post=27332"}],"curies":[{"name":"wp","href":"https:\/\/api.w.org\/{rel}","templated":true}]}}