{"id":2758,"date":"2015-06-27T12:51:19","date_gmt":"2015-06-27T10:51:19","guid":{"rendered":"https:\/\/www.creaearredanegozi.it\/?post_type=product&#038;p=2758"},"modified":"2024-12-01T00:00:04","modified_gmt":"2024-11-30T23:00:04","slug":"continuous-toaster-with-front-or-rear-exit-esta3-easyline-fimar","status":"publish","type":"product","link":"https:\/\/www.creaearredanegozi.it\/en\/continuous-toaster-with-front-or-rear-exit-esta3-easyline-fimar\/","title":{"rendered":"Continuous Toaster With Front or Rear Exit 2450 W ESTA3 Easyline Fimar"},"content":{"rendered":"<h2 style=\"text-align: center;\">Professional Stainless Steel Continuous Toaster 2450 W<\/h2>\n<p>Model ESTA3 Easyline<\/p>\n<ul>\n<li>Stainless steel structure<\/li>\n<li>Stainless steel rotating roasting mat<\/li>\n<li>Cooking chamber with thermal insulation<\/li>\n<li>Manual firing mat sliding speed regulator<\/li>\n<li>Resistor ignition mode<\/li>\n<li>Power saving mode<\/li>\n<li>Front or rear toast outlet.<\/li>\n<li>Cooking time 90 to 340 seconds.<\/li>\n<\/ul>\n<hr \/>\n<p><strong>TECHNICAL FEATURES<\/strong><\/p>\n<table style=\"border-collapse: collapse; width: 100%;\">\n<tbody>\n<tr>\n<td style=\"width: 50%;\">MODEL<\/td>\n<td style=\"width: 50%;\">\u00a0ESTA3<\/td>\n<\/tr>\n<tr>\n<td style=\"width: 50%;\">POWER<\/td>\n<td style=\"width: 50%;\">2.45 kW<\/td>\n<\/tr>\n<tr>\n<td style=\"width: 50%;\">SUPPLY<\/td>\n<td style=\"width: 50%;\">220-240V\/1N\/50-60Hz<\/td>\n<\/tr>\n<tr>\n<td style=\"width: 50%;\">COOKING MAT DIMENSIONS<\/td>\n<td style=\"width: 50%;\">350 mm<\/td>\n<\/tr>\n<tr>\n<td style=\"width: 50%;\">COOKING TIME<\/td>\n<td style=\"width: 50%;\">90\u00f7340\"<\/td>\n<\/tr>\n<tr>\n<td style=\"width: 50%;\">HOURLY PRODUCTION<\/td>\n<td style=\"width: 50%;\">n. 120\u00f7350<\/td>\n<\/tr>\n<tr>\n<td style=\"width: 50%;\">DIMENSIONS<\/td>\n<td style=\"width: 50%;\">480x560x430h mm<\/td>\n<\/tr>\n<tr>\n<td style=\"width: 50%;\">NET WEIGHT.<\/td>\n<td style=\"width: 50%;\">27 Kg<\/td>\n<\/tr>\n<tr>\n<td style=\"width: 50%;\">GROSS WEIGHT.<\/td>\n<td style=\"width: 50%;\">29 Kg<\/td>\n<\/tr>\n<tr>\n<td style=\"width: 50%;\">PACKAGE DIMENSIONS<\/td>\n<td style=\"width: 50%;\">\u00a0500x520x440h mm<\/td>\n<\/tr>\n<\/tbody>\n<\/table>\n<p>&nbsp;<\/p>","protected":false},"excerpt":{"rendered":"<p>Tostapane Continuo Professionale in Acciaio Inox 2450 W Modello ESTA3 Easyline Struttura in acciaio inox Tappeto di tostatura girevole in acciaio inox Camera di cottura con isolamento termico Regolatore velocit\u00e0 di scorrimento tappeto di cottura manuale Modalit\u00e0 accensione resistenze Modalit\u00e0 risparmio energetico Uscita del pane tostato frontale o posteriore. Tempo di cottura dai 90 ai [&#8230;]","protected":false},"featured_media":120818,"comment_status":"closed","ping_status":"closed","template":"","meta":{"_monsterinsights_skip_tracking":false,"_monsterinsights_sitenote_active":false,"_monsterinsights_sitenote_note":"","_monsterinsights_sitenote_category":0},"product_brand":[628,623],"product_cat":[90],"product_tag":[],"class_list":{"0":"post-2758","1":"product","2":"type-product","3":"status-publish","4":"has-post-thumbnail","6":"product_brand-fimar","7":"product_brand-easyline","8":"product_cat-roller","9":"product_shipping_class-206","10":"pa_marca-fimar","12":"first","13":"instock","14":"taxable","15":"shipping-taxable","16":"purchasable","17":"product-type-simple"},"_links":{"self":[{"href":"https:\/\/www.creaearredanegozi.it\/en\/wp-json\/wp\/v2\/product\/2758","targetHints":{"allow":["GET"]}}],"collection":[{"href":"https:\/\/www.creaearredanegozi.it\/en\/wp-json\/wp\/v2\/product"}],"about":[{"href":"https:\/\/www.creaearredanegozi.it\/en\/wp-json\/wp\/v2\/types\/product"}],"replies":[{"embeddable":true,"href":"https:\/\/www.creaearredanegozi.it\/en\/wp-json\/wp\/v2\/comments?post=2758"}],"wp:featuredmedia":[{"embeddable":true,"href":"https:\/\/www.creaearredanegozi.it\/en\/wp-json\/wp\/v2\/media\/120818"}],"wp:attachment":[{"href":"https:\/\/www.creaearredanegozi.it\/en\/wp-json\/wp\/v2\/media?parent=2758"}],"wp:term":[{"taxonomy":"product_brand","embeddable":true,"href":"https:\/\/www.creaearredanegozi.it\/en\/wp-json\/wp\/v2\/product_brand?post=2758"},{"taxonomy":"product_cat","embeddable":true,"href":"https:\/\/www.creaearredanegozi.it\/en\/wp-json\/wp\/v2\/product_cat?post=2758"},{"taxonomy":"product_tag","embeddable":true,"href":"https:\/\/www.creaearredanegozi.it\/en\/wp-json\/wp\/v2\/product_tag?post=2758"}],"curies":[{"name":"wp","href":"https:\/\/api.w.org\/{rel}","templated":true}]}}