{"id":2770,"date":"2015-06-29T15:43:30","date_gmt":"2015-06-29T13:43:30","guid":{"rendered":"https:\/\/www.creaearredanegozi.it\/?post_type=product&#038;p=2770"},"modified":"2026-03-09T12:38:20","modified_gmt":"2026-03-09T11:38:20","slug":"microwave-oven-with-grill-and-digital-controls-mf914-easyline-fimar","status":"publish","type":"product","link":"https:\/\/www.creaearredanegozi.it\/en\/microwave-oven-with-grill-and-digital-controls-mf914-easyline-fimar\/","title":{"rendered":"Microwave Oven with Grill and Digital Controls MF914 Easyline Fimar"},"content":{"rendered":"<h3>Professional microwave oven with grill 1450 watts<\/h3>\n<p><strong>Model MF914 Easyline Fimar<\/strong><\/p>\n<p>Microwave oven with grill and digital controls, 300 mm diameter turntable.<\/p>\n<ul>\n<li>Stainless steel cooking chamber and outer casing<\/li>\n<li>1 magnetron<\/li>\n<li>5 power levels in microwave mode, 2 in combination mode, 1 in grill mode<\/li>\n<li>8 preset cooking modes<\/li>\n<li>Defrost function<\/li>\n<li>Interior lighting<\/li>\n<li>Power output 0.9 kW.<\/li>\n<\/ul>\n<p>&nbsp;<\/p>\n<p>TECHNICAL FEATURES<\/p>\n<table class=\"table table-striped\">\n<tbody>\n<tr>\n<td width=\"205\">MODEL<\/td>\n<td width=\"144\">MF914<\/td>\n<\/tr>\n<tr>\n<td>POWER<\/td>\n<td>1.45 kW<\/td>\n<\/tr>\n<tr>\n<td>SUPPLY<\/td>\n<td>230V\/1N\/50Hz<\/td>\n<\/tr>\n<tr>\n<td>Timer<\/td>\n<td>Digital 0\u00f795'<\/td>\n<\/tr>\n<tr>\n<td>PLATE SIZE<\/td>\n<td>300 mm dia.<\/td>\n<\/tr>\n<tr>\n<td>COOKING CHAMBER CAPACITY<\/td>\n<td>25 lt.<\/td>\n<\/tr>\n<tr>\n<td>COOKING CHAMBER DIMENSIONS<\/td>\n<td>330 x 350 x 200H (mm)<\/td>\n<\/tr>\n<tr>\n<td>DIMENSIONS<\/td>\n<td>513 x 400 x 305h (mm)<\/td>\n<\/tr>\n<tr>\n<td>NET WEIGHT.<\/td>\n<td>16 kg<\/td>\n<\/tr>\n<tr>\n<td>GROSS WEIGHT.<\/td>\n<td>17.5 kg<\/td>\n<\/tr>\n<tr>\n<td>PACKAGE DIMENSIONS<\/td>\n<td>580 x 460 x 350h (mm)<\/td>\n<\/tr>\n<\/tbody>\n<\/table>","protected":false},"excerpt":{"rendered":"<p>Forno a microonde professionale con grill 1450 Watt Modello MF914 Easyline Fimar Forno a microonde con grill e comandi digitali, piatto girevole con diametro da 300 mm. Camera di cottura e rivestimento esterno in acciaio inox 1 magnetron 5 livelli di potenza in modalit\u00e0 microonde, 2 in modalit\u00e0 combinata, 1 in modalit\u00e0 grill 8 modalit\u00e0 [&#8230;]","protected":false},"featured_media":120893,"comment_status":"closed","ping_status":"closed","template":"","meta":{"_monsterinsights_skip_tracking":false,"_monsterinsights_sitenote_active":false,"_monsterinsights_sitenote_note":"","_monsterinsights_sitenote_category":0},"product_brand":[623,628],"product_cat":[666,85,9,16,64,83,662,10,663,665],"product_tag":[],"class_list":{"0":"post-2770","1":"product","2":"type-product","3":"status-publish","4":"has-post-thumbnail","6":"product_brand-easyline","7":"product_brand-fimar","8":"product_cat-microonde-forni","9":"product_cat-a-microonde","10":"product_cat-attrezzature-pub","11":"product_cat-forni","12":"product_cat-forni-attrezzature-bar","13":"product_cat-forni-attrezzature-pub","14":"product_cat-forni-cottura","15":"product_cat-attrezzature-bar","16":"product_cat-microonde","17":"product_cat-microonde-forni-attrezzature-bar","18":"product_shipping_class-206","20":"first","21":"instock","22":"taxable","23":"shipping-taxable","24":"purchasable","25":"product-type-simple"},"_links":{"self":[{"href":"https:\/\/www.creaearredanegozi.it\/en\/wp-json\/wp\/v2\/product\/2770","targetHints":{"allow":["GET"]}}],"collection":[{"href":"https:\/\/www.creaearredanegozi.it\/en\/wp-json\/wp\/v2\/product"}],"about":[{"href":"https:\/\/www.creaearredanegozi.it\/en\/wp-json\/wp\/v2\/types\/product"}],"replies":[{"embeddable":true,"href":"https:\/\/www.creaearredanegozi.it\/en\/wp-json\/wp\/v2\/comments?post=2770"}],"wp:featuredmedia":[{"embeddable":true,"href":"https:\/\/www.creaearredanegozi.it\/en\/wp-json\/wp\/v2\/media\/120893"}],"wp:attachment":[{"href":"https:\/\/www.creaearredanegozi.it\/en\/wp-json\/wp\/v2\/media?parent=2770"}],"wp:term":[{"taxonomy":"product_brand","embeddable":true,"href":"https:\/\/www.creaearredanegozi.it\/en\/wp-json\/wp\/v2\/product_brand?post=2770"},{"taxonomy":"product_cat","embeddable":true,"href":"https:\/\/www.creaearredanegozi.it\/en\/wp-json\/wp\/v2\/product_cat?post=2770"},{"taxonomy":"product_tag","embeddable":true,"href":"https:\/\/www.creaearredanegozi.it\/en\/wp-json\/wp\/v2\/product_tag?post=2770"}],"curies":[{"name":"wp","href":"https:\/\/api.w.org\/{rel}","templated":true}]}}