{"id":28888,"date":"2019-09-09T11:49:16","date_gmt":"2019-09-09T09:49:16","guid":{"rendered":"https:\/\/www.creaearredanegozi.it\/?post_type=product&#038;p=28888"},"modified":"2023-07-20T11:17:33","modified_gmt":"2023-07-20T09:17:33","slug":"armadio-porte-scorrevoli-3-ripiani-altezza-150-cm-profondita-60-cm-acciaio-inox-aisi-430","status":"publish","type":"product","link":"https:\/\/www.creaearredanegozi.it\/en\/armadio-porte-scorrevoli-3-ripiani-altezza-150-cm-profondita-60-cm-acciaio-inox-aisi-430\/","title":{"rendered":"Closet sliding doors 3 shelves height 150 cm depth 60 cm stainless steel Aisi 430"},"content":{"rendered":"<p><strong>Stainless steel cabinet sliding doors 3 shelves height 150 cm depth 60 cm<\/strong><\/p>\n<ul>\n<li>Armadietto in acciaio inox<\/li>\n<li>Materiale: Aisi 430<\/li>\n<li>con 2 porte scorrevoli e 3 ripiani.<\/li>\n<\/ul>\n<p>Height 150 cm.<\/p>\n<p>Depth 60 cm.<\/p>\n<p><strong>Available sizes:<\/strong><\/p>\n<table style=\"border-collapse: collapse; width: 100%;\">\n<tbody>\n<tr>\n<td style=\"width: 33.3333%; text-align: center;\"><strong>Length (cm)<\/strong><\/td>\n<td style=\"width: 33.3333%; text-align: center;\"><strong>Depth (cm)<\/strong><\/td>\n<td style=\"width: 33.3333%; text-align: center;\"><strong>Height (cm)<\/strong><\/td>\n<\/tr>\n<tr>\n<td style=\"width: 33.3333%; text-align: center;\">100<\/td>\n<td style=\"width: 33.3333%; text-align: center;\" rowspan=\"7\">60<\/td>\n<td style=\"width: 33.3333%; text-align: center;\" rowspan=\"7\">150<\/td>\n<\/tr>\n<tr>\n<td style=\"width: 33.3333%; text-align: center;\">110<\/td>\n<\/tr>\n<tr>\n<td style=\"width: 33.3333%; text-align: center;\">120<\/td>\n<\/tr>\n<tr>\n<td style=\"width: 33.3333%; text-align: center;\">130<\/td>\n<\/tr>\n<tr>\n<td style=\"width: 33.3333%; text-align: center;\">140<\/td>\n<\/tr>\n<tr>\n<td style=\"width: 33.3333%; text-align: center;\">150<\/td>\n<\/tr>\n<tr>\n<td style=\"width: 33.3333%; text-align: center;\">160<\/td>\n<\/tr>\n<\/tbody>\n<\/table>\n<p>&nbsp;<\/p>","protected":false},"excerpt":{"rendered":"<p>Armadio acciaio inox porte scorrevoli 3 ripiani altezza 150 cm profondit\u00e0 60 cm Armadietto in acciaio inox Materiale: Aisi 430 con 2 porte scorrevoli e 3 ripiani. Altezza 150 cm. Profondit\u00e0 60 cm. Dimensioni disponibili: Lunghezza (cm) Profondit\u00e0 (cm) Altezza (cm) 100 60 150 110 120 130 140 150 160 &nbsp;<\/p>","protected":false},"featured_media":124752,"comment_status":"closed","ping_status":"closed","template":"","meta":{"_monsterinsights_skip_tracking":false,"_monsterinsights_sitenote_active":false,"_monsterinsights_sitenote_note":"","_monsterinsights_sitenote_category":0},"product_brand":[],"product_cat":[117],"product_tag":[],"class_list":{"0":"post-28888","1":"product","2":"type-product","3":"status-publish","4":"has-post-thumbnail","6":"product_cat-armadi-refrigerati-lavorazione-inox","7":"pa_tipo-acciaio-aisi-linea-eco-aisi-430","9":"first","10":"instock","11":"taxable","12":"shipping-taxable","13":"purchasable","14":"product-type-variable"},"_links":{"self":[{"href":"https:\/\/www.creaearredanegozi.it\/en\/wp-json\/wp\/v2\/product\/28888","targetHints":{"allow":["GET"]}}],"collection":[{"href":"https:\/\/www.creaearredanegozi.it\/en\/wp-json\/wp\/v2\/product"}],"about":[{"href":"https:\/\/www.creaearredanegozi.it\/en\/wp-json\/wp\/v2\/types\/product"}],"replies":[{"embeddable":true,"href":"https:\/\/www.creaearredanegozi.it\/en\/wp-json\/wp\/v2\/comments?post=28888"}],"wp:featuredmedia":[{"embeddable":true,"href":"https:\/\/www.creaearredanegozi.it\/en\/wp-json\/wp\/v2\/media\/124752"}],"wp:attachment":[{"href":"https:\/\/www.creaearredanegozi.it\/en\/wp-json\/wp\/v2\/media?parent=28888"}],"wp:term":[{"taxonomy":"product_brand","embeddable":true,"href":"https:\/\/www.creaearredanegozi.it\/en\/wp-json\/wp\/v2\/product_brand?post=28888"},{"taxonomy":"product_cat","embeddable":true,"href":"https:\/\/www.creaearredanegozi.it\/en\/wp-json\/wp\/v2\/product_cat?post=28888"},{"taxonomy":"product_tag","embeddable":true,"href":"https:\/\/www.creaearredanegozi.it\/en\/wp-json\/wp\/v2\/product_tag?post=28888"}],"curies":[{"name":"wp","href":"https:\/\/api.w.org\/{rel}","templated":true}]}}