{"id":28915,"date":"2019-09-09T12:03:11","date_gmt":"2019-09-09T10:03:11","guid":{"rendered":"https:\/\/www.creaearredanegozi.it\/?post_type=product&#038;p=28915"},"modified":"2023-07-03T20:16:35","modified_gmt":"2023-07-03T18:16:35","slug":"cabinet-sliding-doors-3-shelves-height-180-cm-depth-50-cm-stainless-steel-aisi-304","status":"publish","type":"product","link":"https:\/\/www.creaearredanegozi.it\/en\/cabinet-sliding-doors-3-shelves-height-180-cm-depth-50-cm-stainless-steel-aisi-304\/","title":{"rendered":"Closet sliding doors 3 shelves height 180 cm depth 50 cm stainless steel Aisi 304"},"content":{"rendered":"<p><strong>Stainless steel cabinet sliding doors 3 shelves height 180 cm depth 50 cm Aisi 304<\/strong><\/p>\n<p>Aisi304 stainless steel cabinet with 2 sliding doors and 3 shelves.<\/p>\n<p>Height 180 cm.<\/p>\n<p>Depth 50 cm.<\/p>\n<p><strong>Available sizes:<\/strong><\/p>\n<table style=\"border-collapse: collapse; width: 100%;\">\n<tbody>\n<tr>\n<td style=\"text-align: center;\"><strong>Length (cm)<\/strong><\/td>\n<td style=\"text-align: center;\"><strong>Depth (cm)<\/strong><\/td>\n<td style=\"text-align: center;\"><strong>Height (cm)<\/strong><\/td>\n<\/tr>\n<tr>\n<td style=\"text-align: center;\">100<\/td>\n<td style=\"width: 33.3333%; text-align: center;\" rowspan=\"7\">50<\/td>\n<td style=\"width: 33.3333%; text-align: center;\" rowspan=\"7\">180<\/td>\n<\/tr>\n<tr>\n<td style=\"width: 33.3333%; text-align: center;\">110<\/td>\n<\/tr>\n<tr>\n<td style=\"width: 33.3333%; text-align: center;\">120<\/td>\n<\/tr>\n<tr>\n<td style=\"width: 33.3333%; text-align: center;\">130<\/td>\n<\/tr>\n<tr>\n<td style=\"width: 33.3333%; text-align: center;\">140<\/td>\n<\/tr>\n<tr>\n<td style=\"width: 33.3333%; text-align: center;\">150<\/td>\n<\/tr>\n<tr>\n<td style=\"width: 33.3333%; text-align: center;\">160<\/td>\n<\/tr>\n<\/tbody>\n<\/table>","protected":false},"excerpt":{"rendered":"<p>Armadio acciaio inox porte scorrevoli 3 ripiani altezza 180 cm profondit\u00e0 50 cm Aisi 304 Armadietto in acciaio inox Aisi304, con 2 porte scorrevoli e 3 ripiani. Altezza 180 cm. Profondit\u00e0 50 cm. Dimensioni disponibili: Lunghezza (cm) Profondit\u00e0 (cm) Altezza (cm) 100 50 180 110 120 130 140 150 160<\/p>","protected":false},"featured_media":124747,"comment_status":"closed","ping_status":"closed","template":"","meta":{"_monsterinsights_skip_tracking":false,"_monsterinsights_sitenote_active":false,"_monsterinsights_sitenote_note":"","_monsterinsights_sitenote_category":0},"product_brand":[],"product_cat":[117],"product_tag":[],"class_list":{"0":"post-28915","1":"product","2":"type-product","3":"status-publish","4":"has-post-thumbnail","6":"product_cat-armadi-refrigerati-lavorazione-inox","7":"pa_tipo-acciaio-aisi-linea-hq-aisi-304","9":"first","10":"instock","11":"taxable","12":"shipping-taxable","13":"purchasable","14":"product-type-variable"},"_links":{"self":[{"href":"https:\/\/www.creaearredanegozi.it\/en\/wp-json\/wp\/v2\/product\/28915","targetHints":{"allow":["GET"]}}],"collection":[{"href":"https:\/\/www.creaearredanegozi.it\/en\/wp-json\/wp\/v2\/product"}],"about":[{"href":"https:\/\/www.creaearredanegozi.it\/en\/wp-json\/wp\/v2\/types\/product"}],"replies":[{"embeddable":true,"href":"https:\/\/www.creaearredanegozi.it\/en\/wp-json\/wp\/v2\/comments?post=28915"}],"wp:featuredmedia":[{"embeddable":true,"href":"https:\/\/www.creaearredanegozi.it\/en\/wp-json\/wp\/v2\/media\/124747"}],"wp:attachment":[{"href":"https:\/\/www.creaearredanegozi.it\/en\/wp-json\/wp\/v2\/media?parent=28915"}],"wp:term":[{"taxonomy":"product_brand","embeddable":true,"href":"https:\/\/www.creaearredanegozi.it\/en\/wp-json\/wp\/v2\/product_brand?post=28915"},{"taxonomy":"product_cat","embeddable":true,"href":"https:\/\/www.creaearredanegozi.it\/en\/wp-json\/wp\/v2\/product_cat?post=28915"},{"taxonomy":"product_tag","embeddable":true,"href":"https:\/\/www.creaearredanegozi.it\/en\/wp-json\/wp\/v2\/product_tag?post=28915"}],"curies":[{"name":"wp","href":"https:\/\/api.w.org\/{rel}","templated":true}]}}