{"id":29310,"date":"2019-09-10T21:13:21","date_gmt":"2019-09-10T19:13:21","guid":{"rendered":"https:\/\/www.creaearredanegozi.it\/?post_type=product&#038;p=29310"},"modified":"2023-11-09T20:12:08","modified_gmt":"2023-11-09T19:12:08","slug":"scaffale-altezza-180-cm-ripiani-forati-profondita-40-cm-acciaio-inox-aisi-304","status":"publish","type":"product","link":"https:\/\/www.creaearredanegozi.it\/en\/scaffale-altezza-180-cm-ripiani-forati-profondita-40-cm-acciaio-inox-aisi-304\/","title":{"rendered":"Shelf height 180 cm perforated shelves depth 40 cm stainless steel Aisi 304"},"content":{"rendered":"<p style=\"text-align: center;\"><strong>Stainless steel shelf 180\u00d740 cm steel Aisi 304<\/strong><\/p>\n<p>Scaffale in acciaio inox Aisi 304, con 4 ripiani lisci profondit\u00e0 40 cm regolabili in altezza<\/p>\n<p>ROUND LEGS \u00d8 35 mm<\/p>\n<p>Supplied Disassembled<\/p>\n<p style=\"text-align: center;\"><strong>Available sizes<\/strong><\/p>\n<table style=\"width: 100%;\" border=\"1px\">\n<tbody>\n<tr>\n<td style=\"width: 36.2108%; text-align: center;\"><strong>Width<\/strong><\/td>\n<td style=\"width: 36.8834%; text-align: center;\"><strong>Depth<\/strong><\/td>\n<td style=\"width: 26.009%; text-align: center;\"><strong>Height<\/strong><\/td>\n<\/tr>\n<tr>\n<td style=\"width: 36.2108%; text-align: center;\">80<\/td>\n<td style=\"width: 36.8834%; text-align: center;\" rowspan=\"13\">40<\/td>\n<td style=\"width: 26.009%; text-align: center;\" rowspan=\"13\">180<\/td>\n<\/tr>\n<tr>\n<td style=\"width: 36.2108%; text-align: center;\">90<\/td>\n<\/tr>\n<tr>\n<td style=\"width: 36.2108%; text-align: center;\">100<\/td>\n<\/tr>\n<tr>\n<td style=\"width: 36.2108%; text-align: center;\">110<\/td>\n<\/tr>\n<tr>\n<td style=\"width: 36.2108%; text-align: center;\">120<\/td>\n<\/tr>\n<tr>\n<td style=\"width: 36.2108%; text-align: center;\">130<\/td>\n<\/tr>\n<tr>\n<td style=\"width: 36.2108%; text-align: center;\">140<\/td>\n<\/tr>\n<tr>\n<td style=\"width: 36.2108%; text-align: center;\">150<\/td>\n<\/tr>\n<tr>\n<td style=\"width: 36.2108%; text-align: center;\">160<\/td>\n<\/tr>\n<tr>\n<td style=\"width: 36.2108%; text-align: center;\">170<\/td>\n<\/tr>\n<tr>\n<td style=\"width: 36.2108%; text-align: center;\">180<\/td>\n<\/tr>\n<tr>\n<td style=\"width: 36.2108%; text-align: center;\">190<\/td>\n<\/tr>\n<tr>\n<td style=\"width: 36.2108%; text-align: center;\">200<\/td>\n<\/tr>\n<\/tbody>\n<\/table>\n<p>&nbsp;<\/p>","protected":false},"excerpt":{"rendered":"<p>Scaffale inox 180\u00d740 cm acciaio Aisi 304 Scaffale in acciaio inox Aisi 304, con 4 ripiani lisci profondit\u00e0 40 cm regolabili in altezza GAMBE TONDE \u00d8 35 mm Fornito Smontato Dimensioni disponibili Larghezza Profondit\u00e0 Altezza 80 40 180 90 100 110 120 130 140 150 160 170 180 190 200 &nbsp;<\/p>","protected":false},"featured_media":126205,"comment_status":"closed","ping_status":"closed","template":"","meta":{"_monsterinsights_skip_tracking":false,"_monsterinsights_sitenote_active":false,"_monsterinsights_sitenote_note":"","_monsterinsights_sitenote_category":0},"product_brand":[772],"product_cat":[120],"product_tag":[],"class_list":{"0":"post-29310","1":"product","2":"type-product","3":"status-publish","4":"has-post-thumbnail","6":"product_brand-crea-e-arreda-negozi","7":"product_cat-scaffali","8":"pa_tipo-acciaio-aisi-linea-hq-aisi-304","10":"first","11":"instock","12":"taxable","13":"shipping-taxable","14":"purchasable","15":"product-type-variable"},"_links":{"self":[{"href":"https:\/\/www.creaearredanegozi.it\/en\/wp-json\/wp\/v2\/product\/29310","targetHints":{"allow":["GET"]}}],"collection":[{"href":"https:\/\/www.creaearredanegozi.it\/en\/wp-json\/wp\/v2\/product"}],"about":[{"href":"https:\/\/www.creaearredanegozi.it\/en\/wp-json\/wp\/v2\/types\/product"}],"replies":[{"embeddable":true,"href":"https:\/\/www.creaearredanegozi.it\/en\/wp-json\/wp\/v2\/comments?post=29310"}],"wp:featuredmedia":[{"embeddable":true,"href":"https:\/\/www.creaearredanegozi.it\/en\/wp-json\/wp\/v2\/media\/126205"}],"wp:attachment":[{"href":"https:\/\/www.creaearredanegozi.it\/en\/wp-json\/wp\/v2\/media?parent=29310"}],"wp:term":[{"taxonomy":"product_brand","embeddable":true,"href":"https:\/\/www.creaearredanegozi.it\/en\/wp-json\/wp\/v2\/product_brand?post=29310"},{"taxonomy":"product_cat","embeddable":true,"href":"https:\/\/www.creaearredanegozi.it\/en\/wp-json\/wp\/v2\/product_cat?post=29310"},{"taxonomy":"product_tag","embeddable":true,"href":"https:\/\/www.creaearredanegozi.it\/en\/wp-json\/wp\/v2\/product_tag?post=29310"}],"curies":[{"name":"wp","href":"https:\/\/api.w.org\/{rel}","templated":true}]}}