{"id":29463,"date":"2019-09-11T11:43:11","date_gmt":"2019-09-11T09:43:11","guid":{"rendered":"https:\/\/www.creaearredanegozi.it\/?post_type=product&#038;p=29463"},"modified":"2023-11-07T19:48:01","modified_gmt":"2023-11-07T18:48:01","slug":"shelf-height-200-cm-height-smooth-shelves-depth-50-cm-stainless-steel-aisi-304","status":"publish","type":"product","link":"https:\/\/www.creaearredanegozi.it\/en\/shelf-height-200-cm-height-smooth-shelves-depth-50-cm-stainless-steel-aisi-304\/","title":{"rendered":"Stainless steel shelf height 200 cm perforated shelves depth 50 cm AISI 304"},"content":{"rendered":"<p><strong>Shelf height 200 cm height perforated shelves depth 50 cm stainless steel Aisi 304<\/strong><\/p>\n<p>Aisi 304 stainless steel shelf, with perforated shelves depth 50 cm<\/p>\n<p>ROUND LEGS \u00d8 35 mm<\/p>\n<p>Supplied disassembled<\/p>\n<p><strong>Available sizes:<\/strong><\/p>\n<ul>\n<li>80x50x200 cm<\/li>\n<li>90x50x200 cm<\/li>\n<li>100x50x200 cm<\/li>\n<li>110x50x200 cm<\/li>\n<li>120x50x200 cm<\/li>\n<li>130x50x200 cm<\/li>\n<li>140x50x200 cm<\/li>\n<li>150x50x200 cm<\/li>\n<li>160x50x200 cm<\/li>\n<li>170x50x200 cm<\/li>\n<li>180x50x200 cm<\/li>\n<li>190x50x200 cm<\/li>\n<li>200x50x200 cm<\/li>\n<\/ul>","protected":false},"excerpt":{"rendered":"<p>Scaffale altezza 200 cm ripiani forati profondit\u00e0 50 cm acciaio inox Aisi 304 Scaffale in acciaio inox Aisi 304, con ripiani forati profondit\u00e0 50 cm GAMBE TONDE \u00d8 35 mm Fornito smontato Dimensioni disponibili: 80x50x200 cm 90x50x200 cm 100x50x200 cm 110x50x200 cm 120x50x200 cm 130x50x200 cm 140x50x200 cm 150x50x200 cm 160x50x200 cm 170x50x200 cm 180x50x200 [&#8230;]","protected":false},"featured_media":126178,"comment_status":"closed","ping_status":"closed","template":"","meta":{"_monsterinsights_skip_tracking":false,"_monsterinsights_sitenote_active":false,"_monsterinsights_sitenote_note":"","_monsterinsights_sitenote_category":0},"product_brand":[772],"product_cat":[120],"product_tag":[],"class_list":{"0":"post-29463","1":"product","2":"type-product","3":"status-publish","4":"has-post-thumbnail","6":"product_brand-crea-e-arreda-negozi","7":"product_cat-scaffali","8":"pa_tipo-acciaio-aisi-linea-hq-aisi-304","10":"first","11":"instock","12":"taxable","13":"shipping-taxable","14":"purchasable","15":"product-type-variable"},"_links":{"self":[{"href":"https:\/\/www.creaearredanegozi.it\/en\/wp-json\/wp\/v2\/product\/29463","targetHints":{"allow":["GET"]}}],"collection":[{"href":"https:\/\/www.creaearredanegozi.it\/en\/wp-json\/wp\/v2\/product"}],"about":[{"href":"https:\/\/www.creaearredanegozi.it\/en\/wp-json\/wp\/v2\/types\/product"}],"replies":[{"embeddable":true,"href":"https:\/\/www.creaearredanegozi.it\/en\/wp-json\/wp\/v2\/comments?post=29463"}],"wp:featuredmedia":[{"embeddable":true,"href":"https:\/\/www.creaearredanegozi.it\/en\/wp-json\/wp\/v2\/media\/126178"}],"wp:attachment":[{"href":"https:\/\/www.creaearredanegozi.it\/en\/wp-json\/wp\/v2\/media?parent=29463"}],"wp:term":[{"taxonomy":"product_brand","embeddable":true,"href":"https:\/\/www.creaearredanegozi.it\/en\/wp-json\/wp\/v2\/product_brand?post=29463"},{"taxonomy":"product_cat","embeddable":true,"href":"https:\/\/www.creaearredanegozi.it\/en\/wp-json\/wp\/v2\/product_cat?post=29463"},{"taxonomy":"product_tag","embeddable":true,"href":"https:\/\/www.creaearredanegozi.it\/en\/wp-json\/wp\/v2\/product_tag?post=29463"}],"curies":[{"name":"wp","href":"https:\/\/api.w.org\/{rel}","templated":true}]}}