{"id":29564,"date":"2019-09-11T12:19:21","date_gmt":"2019-09-11T10:19:21","guid":{"rendered":"https:\/\/www.creaearredanegozi.it\/?post_type=product&#038;p=29564"},"modified":"2023-11-08T20:14:45","modified_gmt":"2023-11-08T19:14:45","slug":"shelf-height-180-cm-height-smooth-shelves-depth-60-cm-stainless-steel-aisi-304-2","status":"publish","type":"product","link":"https:\/\/www.creaearredanegozi.it\/en\/shelf-height-180-cm-height-smooth-shelves-depth-60-cm-stainless-steel-aisi-304-2\/","title":{"rendered":"Stainless steel shelf height 180 cm smooth shelves depth 60 cm steel Aisi 304"},"content":{"rendered":"<p style=\"text-align: center;\"><strong>Stainless steel shelf 180\u00d760 cm steel Aisi 304<\/strong><\/p>\n<p>Aisi 304 stainless steel shelf, with 4 smooth shelves depth 60 cm height adjustable<\/p>\n<p>ROUND LEGS \u00d8 35 mm<\/p>\n<p>Supplied Disassembled<\/p>\n<p style=\"text-align: center;\"><strong>Available sizes<\/strong><\/p>\n<table style=\"width: 100%; border-collapse: collapse;\" border=\"1px\">\n<tbody>\n<tr>\n<td style=\"width: 25%; text-align: center;\"><strong>Width<\/strong><\/td>\n<td style=\"width: 25%; text-align: center;\"><strong>Depth<\/strong><\/td>\n<td style=\"width: 25%; text-align: center;\"><strong>Height<\/strong><\/td>\n<td style=\"width: 25%; text-align: center;\"><strong>Weight<\/strong><\/td>\n<\/tr>\n<tr>\n<td style=\"width: 25%; text-align: center;\">80<\/td>\n<td style=\"width: 25%; text-align: center;\" rowspan=\"13\">60<\/td>\n<td style=\"width: 25%; text-align: center;\" rowspan=\"13\">180<\/td>\n<td style=\"width: 25%; text-align: center;\">29<\/td>\n<\/tr>\n<tr>\n<td style=\"width: 25%; text-align: center;\">90<\/td>\n<td style=\"width: 25%; text-align: center;\">31<\/td>\n<\/tr>\n<tr>\n<td style=\"width: 25%; text-align: center;\">100<\/td>\n<td style=\"width: 25%; text-align: center;\">33<\/td>\n<\/tr>\n<tr>\n<td style=\"width: 25%; text-align: center;\">110<\/td>\n<td style=\"width: 25%; text-align: center;\">35<\/td>\n<\/tr>\n<tr>\n<td style=\"width: 25%; text-align: center;\">120<\/td>\n<td style=\"width: 25%; text-align: center;\">37<\/td>\n<\/tr>\n<tr>\n<td style=\"width: 25%; text-align: center;\">130<\/td>\n<td style=\"width: 25%; text-align: center;\">39<\/td>\n<\/tr>\n<tr>\n<td style=\"width: 25%; text-align: center;\">140<\/td>\n<td style=\"width: 25%; text-align: center;\">42<\/td>\n<\/tr>\n<tr>\n<td style=\"width: 25%; text-align: center;\">150<\/td>\n<td style=\"width: 25%; text-align: center;\">44<\/td>\n<\/tr>\n<tr>\n<td style=\"width: 25%; text-align: center;\">160<\/td>\n<td style=\"width: 25%; text-align: center;\">46<\/td>\n<\/tr>\n<tr>\n<td style=\"width: 25%; text-align: center;\">170<\/td>\n<td style=\"width: 25%; text-align: center;\">50<\/td>\n<\/tr>\n<tr>\n<td style=\"width: 25%; text-align: center;\">180<\/td>\n<td style=\"width: 25%; text-align: center;\">52<\/td>\n<\/tr>\n<tr>\n<td style=\"width: 25%; text-align: center;\">190<\/td>\n<td style=\"width: 25%; text-align: center;\">54<\/td>\n<\/tr>\n<tr>\n<td style=\"width: 25%; text-align: center;\">200<\/td>\n<td style=\"width: 25%; text-align: center;\">56<\/td>\n<\/tr>\n<\/tbody>\n<\/table>\n<p>&nbsp;<\/p>","protected":false},"excerpt":{"rendered":"<p>Scaffale inox 180&#215;60 cm acciaio Aisi 304 Scaffale in acciaio inox Aisi 304, con 4 ripiani lisci profondit\u00e0 60 cm regolabili in altezza GAMBE TONDE \u00d8 35 mm Fornito Smontato Dimensioni disponibili Larghezza Profondit\u00e0 Altezza Peso 80 60 180 29 90 31 100 33 110 35 120 37 130 39 140 42 150 44 160 [&#8230;]","protected":false},"featured_media":126192,"comment_status":"closed","ping_status":"closed","template":"","meta":{"_monsterinsights_skip_tracking":false,"_monsterinsights_sitenote_active":false,"_monsterinsights_sitenote_note":"","_monsterinsights_sitenote_category":0},"product_brand":[772],"product_cat":[120],"product_tag":[],"class_list":{"0":"post-29564","1":"product","2":"type-product","3":"status-publish","4":"has-post-thumbnail","6":"product_brand-crea-e-arreda-negozi","7":"product_cat-scaffali","8":"pa_tipo-acciaio-aisi-linea-hq-aisi-304","10":"first","11":"instock","12":"taxable","13":"shipping-taxable","14":"purchasable","15":"product-type-variable"},"_links":{"self":[{"href":"https:\/\/www.creaearredanegozi.it\/en\/wp-json\/wp\/v2\/product\/29564","targetHints":{"allow":["GET"]}}],"collection":[{"href":"https:\/\/www.creaearredanegozi.it\/en\/wp-json\/wp\/v2\/product"}],"about":[{"href":"https:\/\/www.creaearredanegozi.it\/en\/wp-json\/wp\/v2\/types\/product"}],"replies":[{"embeddable":true,"href":"https:\/\/www.creaearredanegozi.it\/en\/wp-json\/wp\/v2\/comments?post=29564"}],"wp:featuredmedia":[{"embeddable":true,"href":"https:\/\/www.creaearredanegozi.it\/en\/wp-json\/wp\/v2\/media\/126192"}],"wp:attachment":[{"href":"https:\/\/www.creaearredanegozi.it\/en\/wp-json\/wp\/v2\/media?parent=29564"}],"wp:term":[{"taxonomy":"product_brand","embeddable":true,"href":"https:\/\/www.creaearredanegozi.it\/en\/wp-json\/wp\/v2\/product_brand?post=29564"},{"taxonomy":"product_cat","embeddable":true,"href":"https:\/\/www.creaearredanegozi.it\/en\/wp-json\/wp\/v2\/product_cat?post=29564"},{"taxonomy":"product_tag","embeddable":true,"href":"https:\/\/www.creaearredanegozi.it\/en\/wp-json\/wp\/v2\/product_tag?post=29564"}],"curies":[{"name":"wp","href":"https:\/\/api.w.org\/{rel}","templated":true}]}}