{"id":29579,"date":"2019-09-11T12:24:29","date_gmt":"2019-09-11T10:24:29","guid":{"rendered":"https:\/\/www.creaearredanegozi.it\/?post_type=product&#038;p=29579"},"modified":"2023-11-08T18:37:11","modified_gmt":"2023-11-08T17:37:11","slug":"shelf-height-180-cm-height-smooth-shelves-depth-60-cm-stainless-steel-aisi-430-2","status":"publish","type":"product","link":"https:\/\/www.creaearredanegozi.it\/en\/shelf-height-180-cm-height-smooth-shelves-depth-60-cm-stainless-steel-aisi-430-2\/","title":{"rendered":"Stainless steel shelf height 180 cm smooth shelves depth 60 cm Aisi 430"},"content":{"rendered":"<p><strong>Shelf height 180 cm height smooth shelves depth 60 cm stainless steel Aisi 430<\/strong><\/p>\n<p>Aisi 430 stainless steel shelf, with smooth shelves depth 60 cm<\/p>\n<p>ROUND LEGS \u00d8 35 mm<\/p>\n<p>Supplied Disassembled<\/p>\n<p><strong>Available sizes:<\/strong><\/p>\n<ul>\n<li>80x60x180 cm<\/li>\n<li>90x60x180 cm<\/li>\n<li>100x60x180 cm<\/li>\n<li>110x60x180 cm<\/li>\n<li>120x60x180 cm<\/li>\n<li>130x60x180 cm<\/li>\n<li>140x60x180 cm<\/li>\n<li>150x60x180 cm<\/li>\n<li>160x60x180 cm<\/li>\n<li>170x60x180 cm<\/li>\n<li>180x60x180 cm<\/li>\n<li>190x60x180 cm<\/li>\n<li>200x60x180 cm<\/li>\n<\/ul>","protected":false},"excerpt":{"rendered":"<p>Scaffale altezza 180 cm ripiani lisci profondit\u00e0 60 cm acciaio inox Aisi 430 Scaffale in acciaio inox Aisi 430, con ripiani lisci profondit\u00e0 60 cm GAMBE TONDE \u00d8 35 mm Fornito Smontato Dimensioni disponibili: 80x60x180 cm 90x60x180 cm 100x60x180 cm 110x60x180 cm 120x60x180 cm 130x60x180 cm 140x60x180 cm 150x60x180 cm 160x60x180 cm 170x60x180 cm 180x60x180 [&#8230;]","protected":false},"featured_media":126182,"comment_status":"closed","ping_status":"closed","template":"","meta":{"_monsterinsights_skip_tracking":false,"_monsterinsights_sitenote_active":false,"_monsterinsights_sitenote_note":"","_monsterinsights_sitenote_category":0},"product_brand":[772],"product_cat":[120],"product_tag":[],"class_list":{"0":"post-29579","1":"product","2":"type-product","3":"status-publish","4":"has-post-thumbnail","6":"product_brand-crea-e-arreda-negozi","7":"product_cat-scaffali","8":"pa_tipo-acciaio-aisi-linea-eco-aisi-430","10":"first","11":"instock","12":"taxable","13":"shipping-taxable","14":"purchasable","15":"product-type-variable"},"_links":{"self":[{"href":"https:\/\/www.creaearredanegozi.it\/en\/wp-json\/wp\/v2\/product\/29579","targetHints":{"allow":["GET"]}}],"collection":[{"href":"https:\/\/www.creaearredanegozi.it\/en\/wp-json\/wp\/v2\/product"}],"about":[{"href":"https:\/\/www.creaearredanegozi.it\/en\/wp-json\/wp\/v2\/types\/product"}],"replies":[{"embeddable":true,"href":"https:\/\/www.creaearredanegozi.it\/en\/wp-json\/wp\/v2\/comments?post=29579"}],"wp:featuredmedia":[{"embeddable":true,"href":"https:\/\/www.creaearredanegozi.it\/en\/wp-json\/wp\/v2\/media\/126182"}],"wp:attachment":[{"href":"https:\/\/www.creaearredanegozi.it\/en\/wp-json\/wp\/v2\/media?parent=29579"}],"wp:term":[{"taxonomy":"product_brand","embeddable":true,"href":"https:\/\/www.creaearredanegozi.it\/en\/wp-json\/wp\/v2\/product_brand?post=29579"},{"taxonomy":"product_cat","embeddable":true,"href":"https:\/\/www.creaearredanegozi.it\/en\/wp-json\/wp\/v2\/product_cat?post=29579"},{"taxonomy":"product_tag","embeddable":true,"href":"https:\/\/www.creaearredanegozi.it\/en\/wp-json\/wp\/v2\/product_tag?post=29579"}],"curies":[{"name":"wp","href":"https:\/\/api.w.org\/{rel}","templated":true}]}}