{"id":31676,"date":"2019-11-09T13:12:25","date_gmt":"2019-11-09T12:12:25","guid":{"rendered":"https:\/\/www.creaearredanegozi.it\/?post_type=product&#038;p=31676"},"modified":"2024-12-01T00:00:14","modified_gmt":"2024-11-30T23:00:14","slug":"glass-ceramic-induction-plate-for-wok-digital-timer-bt350w-easyline-fimar","status":"publish","type":"product","link":"https:\/\/www.creaearredanegozi.it\/en\/glass-ceramic-induction-plate-for-wok-digital-timer-bt350w-easyline-fimar\/","title":{"rendered":"Glass Ceramic Induction Plate for Wok Digital Timer BT350W Easyline Fimar"},"content":{"rendered":"<p><strong>Induction wok glass ceramic hob digital timer<\/strong><\/p>\n<p><strong>Model Easyline BT350W + Wok<\/strong><\/p>\n<p>Machine with heat induction cooking system from plate to container (metal type) for WOK pot.<\/p>\n<ul>\n<li>Stainless steel structure.<\/li>\n<li>Insulated glass plate.<\/li>\n<li>Operation in power level mode or temperature mode.<\/li>\n<li>Digital timer<\/li>\n<\/ul>\n<p>WOK pot (optional):<\/p>\n<ul>\n<li>Size: \u00f8 360 mm<\/li>\n<li>Net Weight Kg: 2.9<\/li>\n<li>Dimensions and Gross Weight: 480 x 470 x 140(h) mm, 3.5 kg<\/li>\n<\/ul>\n<p><strong>Technical data:<\/strong><\/p>\n<table class=\"table table-striped\">\n<tbody>\n<tr>\n<td>\n<p class=\"dati_tecnici_label_1\"><strong>Model<\/strong><\/p>\n<\/td>\n<td><strong>BT350W<\/strong><\/td>\n<\/tr>\n<tr>\n<td><strong>Power<\/strong><\/td>\n<td align=\"left\">3.5 kW<\/td>\n<\/tr>\n<tr>\n<td><strong>Single phase power supply<\/strong><\/td>\n<td align=\"left\">230V\/1N\/50Hz<\/td>\n<\/tr>\n<tr>\n<td><b>Hob size<\/b><\/td>\n<td align=\"left\">\u00f8 140 \u00f7 \u00f8 220 mm<\/td>\n<\/tr>\n<tr>\n<td><b>Machine size<\/b><\/td>\n<td align=\"left\">343 x 440 x 120h mm<\/td>\n<\/tr>\n<tr>\n<td><b>Net Weight<\/b><\/td>\n<td align=\"left\">8 kg<\/td>\n<\/tr>\n<tr>\n<td><b>Gross Weight<\/b><\/td>\n<td align=\"left\">11 kg<\/td>\n<\/tr>\n<\/tbody>\n<\/table>\n<p>&nbsp;<\/p>","protected":false},"excerpt":{"rendered":"<p>Piastra induzione wok vetroceramica timer digitale Modello Easyline BT350W + Wok Macchina con sistema di cottura ad induzione di calore dalla piastra al contenitore (di tipo metallico) per pentola WOK. Struttura in acciaio inox. Piastra in vetrocamera. Funzionamento in modalit\u00e0 livelli di potenza o in modalit\u00e0 temperatura. Timer digitale Pentola WOK (optional): Dimensione: \u00f8 360 [&#8230;]","protected":false},"featured_media":120838,"comment_status":"closed","ping_status":"closed","template":"","meta":{"_monsterinsights_skip_tracking":false,"_monsterinsights_sitenote_active":false,"_monsterinsights_sitenote_note":"","_monsterinsights_sitenote_category":0},"product_brand":[623,628],"product_cat":[88,9,86,175],"product_tag":[],"class_list":{"0":"post-31676","1":"product","2":"type-product","3":"status-publish","4":"has-post-thumbnail","6":"product_brand-easyline","7":"product_brand-fimar","8":"product_cat-a-induzione","9":"product_cat-attrezzature-pub","10":"product_cat-piastre","11":"product_cat-piastre-ristorazione","12":"product_shipping_class-215","13":"pa_marca-easyline-by-fimar","15":"first","16":"instock","17":"taxable","18":"shipping-taxable","19":"purchasable","20":"product-type-variable","21":"has-default-attributes"},"_links":{"self":[{"href":"https:\/\/www.creaearredanegozi.it\/en\/wp-json\/wp\/v2\/product\/31676","targetHints":{"allow":["GET"]}}],"collection":[{"href":"https:\/\/www.creaearredanegozi.it\/en\/wp-json\/wp\/v2\/product"}],"about":[{"href":"https:\/\/www.creaearredanegozi.it\/en\/wp-json\/wp\/v2\/types\/product"}],"replies":[{"embeddable":true,"href":"https:\/\/www.creaearredanegozi.it\/en\/wp-json\/wp\/v2\/comments?post=31676"}],"wp:featuredmedia":[{"embeddable":true,"href":"https:\/\/www.creaearredanegozi.it\/en\/wp-json\/wp\/v2\/media\/120838"}],"wp:attachment":[{"href":"https:\/\/www.creaearredanegozi.it\/en\/wp-json\/wp\/v2\/media?parent=31676"}],"wp:term":[{"taxonomy":"product_brand","embeddable":true,"href":"https:\/\/www.creaearredanegozi.it\/en\/wp-json\/wp\/v2\/product_brand?post=31676"},{"taxonomy":"product_cat","embeddable":true,"href":"https:\/\/www.creaearredanegozi.it\/en\/wp-json\/wp\/v2\/product_cat?post=31676"},{"taxonomy":"product_tag","embeddable":true,"href":"https:\/\/www.creaearredanegozi.it\/en\/wp-json\/wp\/v2\/product_tag?post=31676"}],"curies":[{"name":"wp","href":"https:\/\/api.w.org\/{rel}","templated":true}]}}