{"id":31932,"date":"2019-11-21T01:14:32","date_gmt":"2019-11-21T00:14:32","guid":{"rendered":"https:\/\/www.creaearredanegozi.it\/?post_type=product&#038;p=31932"},"modified":"2024-02-01T11:05:17","modified_gmt":"2024-02-01T10:05:17","slug":"impastatrice-planetaria-professionale-80lt-variatore-velocita-e-comandi-digitali-pln80d-fimar","status":"publish","type":"product","link":"https:\/\/www.creaearredanegozi.it\/en\/impastatrice-planetaria-professionale-80lt-variatore-velocita-e-comandi-digitali-pln80d-fimar\/","title":{"rendered":"Professional Planetary Mixer 80Lt Speed Variator and Digital Controls PLN80D Fimar"},"content":{"rendered":"<h3>Impastatrice planetaria variatore di velocit\u00e0 e comandi digitali 80 Lt PLN80D<\/h3>\n<p>Planetary mixer with variable speed drive and digital controls. Machine for different types of dough such as pizza, bread, cookies, croissants, brioches, cream puffs, sponge cake, shortcrust pastry, meringues, purees, various sauces, whipped cream, etc.<\/p>\n<ul>\n<li>Structure coated with scratch-resistant paint.<\/li>\n<li>ABS upper casing.<\/li>\n<li>Bowl, whisk and bowl guard made of AISI 304 stainless steel.<\/li>\n<li>Aluminum hook and spatula.<\/li>\n<li>Microswitch on tank and tub protection.<\/li>\n<li>Removable tub.<\/li>\n<li>Quick tool coupling.<\/li>\n<li><strong>CE professional.<\/strong><\/li>\n<\/ul>\n<p>Optional<\/p>\n<ul>\n<li>Trolley tub<\/li>\n<\/ul>\n<p>&nbsp;<\/p>\n<p><strong>Technical data:<\/strong><\/p>\n<table class=\"table table-striped\">\n<tbody>\n<tr>\n<td>\n<p class=\"dati_tecnici_label_1\"><strong>Model<\/strong><\/p>\n<\/td>\n<td><b>PLN80D<\/b><\/td>\n<\/tr>\n<tr>\n<td><strong>Power<\/strong><\/td>\n<td align=\"left\">3 kW (4 HP)<\/td>\n<\/tr>\n<tr>\n<td><strong>Three phase power supply<\/strong><\/td>\n<td align=\"left\">400V\/3N\/50-60Hz<\/td>\n<\/tr>\n<tr>\n<td><strong>Timer<\/strong><\/td>\n<td align=\"left\">Digital<\/td>\n<\/tr>\n<tr>\n<td><b>Container capacity<\/b><\/td>\n<td align=\"left\">80 L<\/td>\n<\/tr>\n<tr>\n<td><b>Speed<\/b><\/td>\n<td align=\"left\">min. 30 - max 120 rpm<\/td>\n<\/tr>\n<tr>\n<td><b>Dimensions<\/b><\/td>\n<td align=\"left\">1000 x 680 x 1600h mm<\/td>\n<\/tr>\n<tr>\n<td><b>Net weight<\/b><\/td>\n<td align=\"left\">290 kg<\/td>\n<\/tr>\n<tr>\n<td><b>Gross weight<\/b><\/td>\n<td align=\"left\">310 kg<\/td>\n<\/tr>\n<\/tbody>\n<\/table>\n<p>&nbsp;<\/p>","protected":false},"excerpt":{"rendered":"<p>Impastatrice planetaria variatore di velocit\u00e0 e comandi digitali 80 Lt PLN80D Impastatrice planetaria con variatore di velocit\u00e0 e comandi digitali. Macchina per diversi tipi di impasto quali pizza, pane, biscotti, croissant, brioches, bign\u00e8, pan di spagna, pasta frolla, meringhe, puree, salse varie, panna montata, ecc. Struttura rivestita con vernice antigraffio. Carter superiore in ABS. Vasca, [&#8230;]","protected":false},"featured_media":121406,"comment_status":"closed","ping_status":"closed","template":"","meta":{"_monsterinsights_skip_tracking":false,"_monsterinsights_sitenote_active":false,"_monsterinsights_sitenote_note":"","_monsterinsights_sitenote_category":0},"product_brand":[628],"product_cat":[300,17,169,188,692,710,691],"product_tag":[],"class_list":{"0":"post-31932","1":"product","2":"type-product","3":"status-publish","4":"has-post-thumbnail","6":"product_brand-fimar","7":"product_cat-planetarie","8":"product_cat-impastatrici","9":"product_cat-impastatrici-ristorazione","10":"product_cat-impastatrici-attrezzature-per-pizzeria","11":"product_cat-impastatrici-panifici","12":"product_cat-impastatrici-pasticcerie","13":"product_cat-panifici","14":"product_shipping_class-371","15":"pa_marca-fimar","17":"first","18":"instock","19":"taxable","20":"shipping-taxable","21":"purchasable","22":"product-type-simple"},"_links":{"self":[{"href":"https:\/\/www.creaearredanegozi.it\/en\/wp-json\/wp\/v2\/product\/31932","targetHints":{"allow":["GET"]}}],"collection":[{"href":"https:\/\/www.creaearredanegozi.it\/en\/wp-json\/wp\/v2\/product"}],"about":[{"href":"https:\/\/www.creaearredanegozi.it\/en\/wp-json\/wp\/v2\/types\/product"}],"replies":[{"embeddable":true,"href":"https:\/\/www.creaearredanegozi.it\/en\/wp-json\/wp\/v2\/comments?post=31932"}],"wp:featuredmedia":[{"embeddable":true,"href":"https:\/\/www.creaearredanegozi.it\/en\/wp-json\/wp\/v2\/media\/121406"}],"wp:attachment":[{"href":"https:\/\/www.creaearredanegozi.it\/en\/wp-json\/wp\/v2\/media?parent=31932"}],"wp:term":[{"taxonomy":"product_brand","embeddable":true,"href":"https:\/\/www.creaearredanegozi.it\/en\/wp-json\/wp\/v2\/product_brand?post=31932"},{"taxonomy":"product_cat","embeddable":true,"href":"https:\/\/www.creaearredanegozi.it\/en\/wp-json\/wp\/v2\/product_cat?post=31932"},{"taxonomy":"product_tag","embeddable":true,"href":"https:\/\/www.creaearredanegozi.it\/en\/wp-json\/wp\/v2\/product_tag?post=31932"}],"curies":[{"name":"wp","href":"https:\/\/api.w.org\/{rel}","templated":true}]}}