{"id":31974,"date":"2019-11-21T18:26:02","date_gmt":"2019-11-21T17:26:02","guid":{"rendered":"https:\/\/www.creaearredanegozi.it\/?post_type=product&#038;p=31974"},"modified":"2023-10-19T10:53:08","modified_gmt":"2023-10-19T08:53:08","slug":"impastatrice-planetaria-da-pavimento-professionale-20lt-3-velocita-e-comandi-meccanici-pln20m-fimar","status":"publish","type":"product","link":"https:\/\/www.creaearredanegozi.it\/en\/impastatrice-planetaria-da-pavimento-professionale-20lt-3-velocita-e-comandi-meccanici-pln20m-fimar\/","title":{"rendered":"Professional Floor Standing Planetary Kneader 20Lt 3 Speeds and Mechanical Controls PLN20M Fimar"},"content":{"rendered":"<h3>Impastatrice planetaria da pavimento 3 velocit\u00e0 e comandi meccanici 20 Lt PLN20M<\/h3>\n<p>Planetary mixer with 3-speed variable speed drive and mechanical controls. Machine for different types of dough such as pizza, bread, cookies, croissants, brioches, cream puffs, sponge cake, shortcrust pastry, meringues, purees, various sauces, whipped cream, etc.<\/p>\n<ul>\n<li>Structure coated with scratch-resistant paint.<\/li>\n<li>ABS upper casing.<\/li>\n<li>Bowl, whisk and bowl guard made of AISI 304 stainless steel.<\/li>\n<li>Aluminum hook and spatula.<\/li>\n<li>Microswitch on tank and tub protection.<\/li>\n<li>Removable tub.<\/li>\n<li>Quick tool coupling.<\/li>\n<li><strong>CE professional.<\/strong><\/li>\n<\/ul>\n<p><strong>Technical data:<\/strong><\/p>\n<table class=\"table table-striped\">\n<tbody>\n<tr>\n<td>\n<p class=\"dati_tecnici_label_1\"><strong>Model<\/strong><\/p>\n<\/td>\n<td><b>PLN20M<\/b><\/td>\n<\/tr>\n<tr>\n<td><strong>Power<\/strong><\/td>\n<td align=\"left\">0,5\/0,75\/1,1 kW (0,7\/1\/1,5 HP)<\/td>\n<\/tr>\n<tr>\n<td><strong>Three phase power supply<\/strong><\/td>\n<td align=\"left\">400V\/3N\/50-60Hz<\/td>\n<\/tr>\n<tr>\n<td><strong>Timer<\/strong><\/td>\n<td align=\"left\">Mechanic<\/td>\n<\/tr>\n<tr>\n<td><b>Container capacity<\/b><\/td>\n<td align=\"left\">20 L<\/td>\n<\/tr>\n<tr>\n<td><b>Speed<\/b><\/td>\n<td align=\"left\">30 - 60 - 120 rpm<\/td>\n<\/tr>\n<tr>\n<td><b>Dimensions<\/b><\/td>\n<td align=\"left\">700 x 500 x 1200h mm<\/td>\n<\/tr>\n<tr>\n<td><b>Net weight<\/b><\/td>\n<td align=\"left\">110 kg<\/td>\n<\/tr>\n<tr>\n<td><b>Gross weight<\/b><\/td>\n<td align=\"left\">136 kg<\/td>\n<\/tr>\n<\/tbody>\n<\/table>\n<p>&nbsp;<\/p>","protected":false},"excerpt":{"rendered":"<p>Impastatrice planetaria da pavimento 3 velocit\u00e0 e comandi meccanici 20 Lt PLN20M Impastatrice planetaria con variatore a 3 velocit\u00e0 e comandi meccanici. Macchina per diversi tipi di impasto quali pizza, pane, biscotti, croissant, brioches, bign\u00e8, pan di spagna, pasta frolla, meringhe, puree, salse varie, panna montata, ecc. Struttura rivestita con vernice antigraffio. Carter superiore in [&#8230;]","protected":false},"featured_media":121428,"comment_status":"closed","ping_status":"closed","template":"","meta":{"_monsterinsights_skip_tracking":false,"_monsterinsights_sitenote_active":false,"_monsterinsights_sitenote_note":"","_monsterinsights_sitenote_category":0},"product_brand":[628],"product_cat":[300,17,169,692,710,691],"product_tag":[],"class_list":{"0":"post-31974","1":"product","2":"type-product","3":"status-publish","4":"has-post-thumbnail","6":"product_brand-fimar","7":"product_cat-planetarie","8":"product_cat-impastatrici","9":"product_cat-impastatrici-ristorazione","10":"product_cat-impastatrici-panifici","11":"product_cat-impastatrici-pasticcerie","12":"product_cat-panifici","13":"product_shipping_class-m","14":"pa_marca-fimar","16":"first","17":"instock","18":"taxable","19":"shipping-taxable","20":"purchasable","21":"product-type-simple"},"_links":{"self":[{"href":"https:\/\/www.creaearredanegozi.it\/en\/wp-json\/wp\/v2\/product\/31974","targetHints":{"allow":["GET"]}}],"collection":[{"href":"https:\/\/www.creaearredanegozi.it\/en\/wp-json\/wp\/v2\/product"}],"about":[{"href":"https:\/\/www.creaearredanegozi.it\/en\/wp-json\/wp\/v2\/types\/product"}],"replies":[{"embeddable":true,"href":"https:\/\/www.creaearredanegozi.it\/en\/wp-json\/wp\/v2\/comments?post=31974"}],"wp:featuredmedia":[{"embeddable":true,"href":"https:\/\/www.creaearredanegozi.it\/en\/wp-json\/wp\/v2\/media\/121428"}],"wp:attachment":[{"href":"https:\/\/www.creaearredanegozi.it\/en\/wp-json\/wp\/v2\/media?parent=31974"}],"wp:term":[{"taxonomy":"product_brand","embeddable":true,"href":"https:\/\/www.creaearredanegozi.it\/en\/wp-json\/wp\/v2\/product_brand?post=31974"},{"taxonomy":"product_cat","embeddable":true,"href":"https:\/\/www.creaearredanegozi.it\/en\/wp-json\/wp\/v2\/product_cat?post=31974"},{"taxonomy":"product_tag","embeddable":true,"href":"https:\/\/www.creaearredanegozi.it\/en\/wp-json\/wp\/v2\/product_tag?post=31974"}],"curies":[{"name":"wp","href":"https:\/\/api.w.org\/{rel}","templated":true}]}}