{"id":31979,"date":"2019-11-21T20:06:39","date_gmt":"2019-11-21T19:06:39","guid":{"rendered":"https:\/\/www.creaearredanegozi.it\/?post_type=product&#038;p=31979"},"modified":"2023-11-30T17:29:50","modified_gmt":"2023-11-30T16:29:50","slug":"impastatrice-planetaria-da-pavimento-professionale-60lt-3-velocita-e-comandi-meccanici-pln60m-fimar","status":"publish","type":"product","link":"https:\/\/www.creaearredanegozi.it\/en\/impastatrice-planetaria-da-pavimento-professionale-60lt-3-velocita-e-comandi-meccanici-pln60m-fimar\/","title":{"rendered":"Professional Floor Standing Planetary Mixer 60Lt 3 Speeds and Mechanical Controls PLN60M Fimar"},"content":{"rendered":"<h3>Impastatrice planetaria da pavimento 3 velocit\u00e0 e comandi meccanici 60 Lt PLN60M<\/h3>\n<p>Planetary mixer with 3-speed variable speed drive and mechanical controls. Machine for different types of dough such as pizza, bread, cookies, croissants, brioches, cream puffs, sponge cake, shortcrust pastry, meringues, purees, various sauces, whipped cream, etc.<\/p>\n<ul>\n<li>Structure coated with scratch-resistant paint.<\/li>\n<li>ABS upper casing.<\/li>\n<li>Vasca, frusta e protezione vasca in <strong>stainless steel AISI 304<\/strong>.<\/li>\n<li>Aluminum hook and spatula.<\/li>\n<li>Microswitch on tank and tub protection.<\/li>\n<li>Removable tub.<\/li>\n<li>Quick tool coupling.<\/li>\n<li><strong>CE professional.<\/strong><\/li>\n<\/ul>\n<p>Optional:<\/p>\n<ul>\n<li>Trolley Tub<\/li>\n<\/ul>\n<p><strong>Technical data:<\/strong><\/p>\n<table class=\"table table-striped\">\n<tbody>\n<tr>\n<td>\n<p class=\"dati_tecnici_label_1\"><strong>Model<\/strong><\/p>\n<\/td>\n<td><b>PLN60M<\/b><\/td>\n<\/tr>\n<tr>\n<td><strong>Power<\/strong><\/td>\n<td align=\"left\">1,1\/1,5\/1,7 kW (1,5\/2\/2,2 HP)<\/td>\n<\/tr>\n<tr>\n<td><strong>Three phase power supply<\/strong><\/td>\n<td align=\"left\">400V\/3N\/50-60Hz<\/td>\n<\/tr>\n<tr>\n<td><strong>Timer<\/strong><\/td>\n<td align=\"left\">Mechanic<\/td>\n<\/tr>\n<tr>\n<td><b>Container capacity<\/b><\/td>\n<td align=\"left\">60 L<\/td>\n<\/tr>\n<tr>\n<td><b>Speed<\/b><\/td>\n<td align=\"left\">30 - 60 - 120 rpm<\/td>\n<\/tr>\n<tr>\n<td><b>Dimensions<\/b><\/td>\n<td align=\"left\">1000 x 680 x 1600h mm<\/td>\n<\/tr>\n<tr>\n<td><b>Net weight<\/b><\/td>\n<td align=\"left\">280 kg<\/td>\n<\/tr>\n<tr>\n<td><b>Gross weight<\/b><\/td>\n<td align=\"left\">295 kg<\/td>\n<\/tr>\n<\/tbody>\n<\/table>\n<p>&nbsp;<\/p>","protected":false},"excerpt":{"rendered":"<p>Impastatrice planetaria da pavimento 3 velocit\u00e0 e comandi meccanici 60 Lt PLN60M Impastatrice planetaria con variatore a 3 velocit\u00e0 e comandi meccanici. Macchina per diversi tipi di impasto quali pizza, pane, biscotti, croissant, brioches, bign\u00e8, pan di spagna, pasta frolla, meringhe, puree, salse varie, panna montata, ecc. Struttura rivestita con vernice antigraffio. Carter superiore in [&#8230;]","protected":false},"featured_media":121428,"comment_status":"closed","ping_status":"closed","template":"","meta":{"_monsterinsights_skip_tracking":false,"_monsterinsights_sitenote_active":false,"_monsterinsights_sitenote_note":"","_monsterinsights_sitenote_category":0},"product_brand":[628],"product_cat":[300,17,169,692,710,691],"product_tag":[],"class_list":{"0":"post-31979","1":"product","2":"type-product","3":"status-publish","4":"has-post-thumbnail","6":"product_brand-fimar","7":"product_cat-planetarie","8":"product_cat-impastatrici","9":"product_cat-impastatrici-ristorazione","10":"product_cat-impastatrici-panifici","11":"product_cat-impastatrici-pasticcerie","12":"product_cat-panifici","13":"product_shipping_class-h","14":"pa_marca-fimar","16":"first","17":"instock","18":"taxable","19":"shipping-taxable","20":"purchasable","21":"product-type-simple"},"_links":{"self":[{"href":"https:\/\/www.creaearredanegozi.it\/en\/wp-json\/wp\/v2\/product\/31979","targetHints":{"allow":["GET"]}}],"collection":[{"href":"https:\/\/www.creaearredanegozi.it\/en\/wp-json\/wp\/v2\/product"}],"about":[{"href":"https:\/\/www.creaearredanegozi.it\/en\/wp-json\/wp\/v2\/types\/product"}],"replies":[{"embeddable":true,"href":"https:\/\/www.creaearredanegozi.it\/en\/wp-json\/wp\/v2\/comments?post=31979"}],"wp:featuredmedia":[{"embeddable":true,"href":"https:\/\/www.creaearredanegozi.it\/en\/wp-json\/wp\/v2\/media\/121428"}],"wp:attachment":[{"href":"https:\/\/www.creaearredanegozi.it\/en\/wp-json\/wp\/v2\/media?parent=31979"}],"wp:term":[{"taxonomy":"product_brand","embeddable":true,"href":"https:\/\/www.creaearredanegozi.it\/en\/wp-json\/wp\/v2\/product_brand?post=31979"},{"taxonomy":"product_cat","embeddable":true,"href":"https:\/\/www.creaearredanegozi.it\/en\/wp-json\/wp\/v2\/product_cat?post=31979"},{"taxonomy":"product_tag","embeddable":true,"href":"https:\/\/www.creaearredanegozi.it\/en\/wp-json\/wp\/v2\/product_tag?post=31979"}],"curies":[{"name":"wp","href":"https:\/\/api.w.org\/{rel}","templated":true}]}}