{"id":32100,"date":"2019-11-26T16:47:33","date_gmt":"2019-11-26T15:47:33","guid":{"rendered":"https:\/\/www.creaearredanegozi.it\/?post_type=product&#038;p=32100"},"modified":"2023-11-24T10:10:25","modified_gmt":"2023-11-24T09:10:25","slug":"professional-salumi-slicer-blade-o-30cm-thickness-cut-up-to-14%c3%b716-mm-eco300-fimar","status":"publish","type":"product","link":"https:\/\/www.creaearredanegozi.it\/en\/professional-salumi-slicer-blade-o-30cm-thickness-cut-up-to-14%c3%b716-mm-eco300-fimar\/","title":{"rendered":"Professional Salumi Slicer Blade \u00f8 30cm Cutting Thickness Up to 14\u00f716 mm ECO300 Fimar"},"content":{"rendered":"<h3>Professional Salumi Slicer blade \u00f8 30 cm ECO series Fimar ECO300<\/h3>\n<p>Machine for slicing cold cuts, cheese, meat, etc. for professional use<\/p>\n<ul>\n<li>Painted light aluminum alloy structure.<\/li>\n<li>Sail plate block with \"Easy Clean\" system for easy cleaning.<\/li>\n<li>Fixed blade protection ring.<\/li>\n<li>Cut thickness up to 14\u00f716 mm.<\/li>\n<li>Fixed sharpener with pair of grinders for blade sharpening.<\/li>\n<li>A standards <strong>EC.<\/strong><\/li>\n<\/ul>\n<p><strong>Technical data:<\/strong><\/p>\n<table class=\"table table-striped\">\n<tbody>\n<tr>\n<td>\n<p class=\"dati_tecnici_label_1\"><strong>Model<\/strong><\/p>\n<\/td>\n<td><b>ECO300<\/b><\/td>\n<\/tr>\n<tr>\n<td><b>Power<\/b><\/td>\n<td align=\"left\">0.18 kW (0.25 HP)<\/td>\n<\/tr>\n<tr>\n<td><b>Single phase power supply<\/b><\/td>\n<td align=\"left\">230V\/1N\/50HZ<\/td>\n<\/tr>\n<tr>\n<td><b>Blade size<\/b><\/td>\n<td align=\"left\">\u00f8 300 mm<\/td>\n<\/tr>\n<tr>\n<td><strong>Useful cut<\/strong><\/td>\n<td align=\"left\">200 x 205h mm<\/td>\n<\/tr>\n<tr>\n<td><b>Work surface dimensions<\/b><\/td>\n<td align=\"left\">400 x 250 mm<\/td>\n<\/tr>\n<tr>\n<td><strong>Dimensions<\/strong><\/td>\n<td align=\"left\">550x480x430h (mm)<\/td>\n<\/tr>\n<tr>\n<td><b>Net Weight<\/b><\/td>\n<td align=\"left\">17 kg<\/td>\n<\/tr>\n<tr>\n<td><strong>Gross Weight<\/strong><\/td>\n<td align=\"left\">19 kg<\/td>\n<\/tr>\n<\/tbody>\n<\/table>\n<p style=\"text-align: center;\">","protected":false},"excerpt":{"rendered":"<p>Affettatrice Professionale per salumi lama \u00f8 30 cm serie ECO Fimar ECO300 Macchina per affettare salumi, formaggi, carni, ecc. ad uso professionale Struttura in lega leggera di alluminio verniciato. Blocco piatto vela con sistema &#8220;Easy Clean&#8221; per una facile pulizia. Anello fisso protezione lama. Spessore taglio fino a 14\u00f716 mm. Affilatoio fisso con coppia di [&#8230;]","protected":false},"featured_media":121634,"comment_status":"closed","ping_status":"closed","template":"","meta":{"_monsterinsights_skip_tracking":false,"_monsterinsights_sitenote_active":false,"_monsterinsights_sitenote_note":"","_monsterinsights_sitenote_category":0},"product_brand":[628],"product_cat":[678,51,677,26],"product_tag":[],"class_list":{"0":"post-32100","1":"product","2":"type-product","3":"status-publish","4":"has-post-thumbnail","6":"product_brand-fimar","7":"product_cat-affettatrici-salumi","8":"product_cat-affettatrici","9":"product_cat-affettatrici-professionali","10":"product_cat-macelleria-e-gastronomia","11":"product_shipping_class-206","12":"pa_diametro-lama-300-mm","13":"pa_marca-fimar","14":"pa_tipo-piatto-salumi","15":"pa_versione-elettrica","17":"first","18":"instock","19":"taxable","20":"shipping-taxable","21":"purchasable","22":"product-type-simple"},"_links":{"self":[{"href":"https:\/\/www.creaearredanegozi.it\/en\/wp-json\/wp\/v2\/product\/32100","targetHints":{"allow":["GET"]}}],"collection":[{"href":"https:\/\/www.creaearredanegozi.it\/en\/wp-json\/wp\/v2\/product"}],"about":[{"href":"https:\/\/www.creaearredanegozi.it\/en\/wp-json\/wp\/v2\/types\/product"}],"replies":[{"embeddable":true,"href":"https:\/\/www.creaearredanegozi.it\/en\/wp-json\/wp\/v2\/comments?post=32100"}],"wp:featuredmedia":[{"embeddable":true,"href":"https:\/\/www.creaearredanegozi.it\/en\/wp-json\/wp\/v2\/media\/121634"}],"wp:attachment":[{"href":"https:\/\/www.creaearredanegozi.it\/en\/wp-json\/wp\/v2\/media?parent=32100"}],"wp:term":[{"taxonomy":"product_brand","embeddable":true,"href":"https:\/\/www.creaearredanegozi.it\/en\/wp-json\/wp\/v2\/product_brand?post=32100"},{"taxonomy":"product_cat","embeddable":true,"href":"https:\/\/www.creaearredanegozi.it\/en\/wp-json\/wp\/v2\/product_cat?post=32100"},{"taxonomy":"product_tag","embeddable":true,"href":"https:\/\/www.creaearredanegozi.it\/en\/wp-json\/wp\/v2\/product_tag?post=32100"}],"curies":[{"name":"wp","href":"https:\/\/api.w.org\/{rel}","templated":true}]}}