{"id":3259,"date":"2023-07-07T19:19:27","date_gmt":"2023-07-07T17:19:27","guid":{"rendered":"https:\/\/www.creaearredanegozi.it\/?post_type=product&#038;p=3259"},"modified":"2026-01-26T16:36:53","modified_gmt":"2026-01-26T15:36:53","slug":"gas-fryer-17-lt-depth-70-cm-on-cabinet-deep-drawn-tub","status":"publish","type":"product","link":"https:\/\/www.creaearredanegozi.it\/en\/gas-fryer-17-lt-depth-70-cm-on-cabinet-deep-drawn-tub\/","title":{"rendered":"Gas fryer 17 lt depth 70 cm on cabinet deep-drawn tub Elframo"},"content":{"rendered":"<h2 style=\"text-align: center;\">Friggitrice professionale a gas GT 17 Elframo<\/h2>\n<ul>\n<li class=\"hc-checkmark-circle\">Solid self-supporting structure made entirely of AISI 304 stainless steel<\/li>\n<li class=\"hc-checkmark-circle\">Seamless deep-drawn tank\n<ul>\n<li>The tank is devoid of the classic tubes containing the burners, resulting unobstructed for easier cleaning<\/li>\n<\/ul>\n<\/li>\n<li>Burners outside the tank<\/li>\n<li class=\"hc-checkmark-circle\">Ignition by piezoelectric, no power supply required<\/li>\n<li class=\"hc-checkmark-circle\">Temperature thermostat and safety thermostat<\/li>\n<li class=\"hc-checkmark-circle\">Electromechanical controls with thermometer for temperature display<\/li>\n<li class=\"hc-checkmark-circle\">Large capacity oil drain cock with opening and closing operation on the front of the machine<\/li>\n<li class=\"hc-checkmark-circle\">Oil collection container<\/li>\n<li class=\"hc-checkmark-circle\">Adjustable stainless steel feet<\/li>\n<li class=\"mb-2\">Oil level: 17 l.<\/li>\n<li class=\"mb-2\">Burner ignition: pilot flame with ignition by piezoelectric located at the bottom inside the machine.<\/li>\n<li class=\"mb-2\">Fryers supplied with provision for natural gas, nozzles for LPG supplied.<\/li>\n<li class=\"mb-2\">Included: Thermometer for temperature display.<\/li>\n<li class=\"mb-2\">Stainless steel oil collection container.<\/li>\n<li class=\"mb-2\">Optional: \u00bd basket (WxDxH) No. 2 - 105 x 375 x 120 h mm.<\/li>\n<li class=\"mb-2\">Oil container filter.<\/li>\n<li class=\"mb-2\">Tank grid.<\/li>\n<li class=\"mb-2\">Fryer handling wheel kit.<\/li>\n<li class=\"mb-2\">Watertight lid.<\/li>\n<\/ul>\n<hr \/>\n<p><strong>Technical Data<\/strong><\/p>\n<table class=\"table table-striped\">\n<tbody>\n<tr>\n<th>Type - Fryers<\/th>\n<td width=\"50%\">Fryers on mobile<\/td>\n<\/tr>\n<tr>\n<th>Power Supply - Fryers<\/th>\n<td width=\"50%\">A gas<\/td>\n<\/tr>\n<tr>\n<th>Commands<\/th>\n<td>Electromechanical<\/td>\n<\/tr>\n<tr>\n<th>Oil capacity<\/th>\n<td>17 l<\/td>\n<\/tr>\n<tr>\n<th>Potato production<\/th>\n<td>18 kg\/h<\/td>\n<\/tr>\n<tr class=\"woocommerce-product-attributes-item woocommerce-product-attributes-item--attribute_pa_potenza-assorbita\">\n<th class=\"woocommerce-product-attributes-item__label\">Power consumption<\/th>\n<td class=\"woocommerce-product-attributes-item__value\">12 kW<\/td>\n<\/tr>\n<tr class=\"woocommerce-product-attributes-item woocommerce-product-attributes-item--attribute_pa_dimensioni-bxhxp\">\n<th class=\"woocommerce-product-attributes-item__label\">Dimensions (WxDxH)<\/th>\n<td class=\"woocommerce-product-attributes-item__value\">400\u00d7700\u00d71100 mm<\/td>\n<\/tr>\n<tr class=\"woocommerce-product-attributes-item woocommerce-product-attributes-item--attribute_pa_peso-netto-peso-lordo\">\n<th class=\"woocommerce-product-attributes-item__label\">Net Weight\/Gross Weight<\/th>\n<td class=\"woocommerce-product-attributes-item__value\">55 kg - 75 kg<\/td>\n<\/tr>\n<tr class=\"woocommerce-product-attributes-item woocommerce-product-attributes-item--attribute_pa_dimensioni-cestello\">\n<th class=\"woocommerce-product-attributes-item__label\">Full basket dimensions (WxDxH)<\/th>\n<td class=\"woocommerce-product-attributes-item__value\">No. 1215x375x120 mm<\/td>\n<\/tr>\n<tr class=\"woocommerce-product-attributes-item woocommerce-product-attributes-item--attribute_pa_dimensioni-cestello-mezzo\">\n<th class=\"woocommerce-product-attributes-item__label\">Half basket dimensions (WxDxH)<\/th>\n<td class=\"woocommerce-product-attributes-item__value\">No. 2105x375x120 mm<\/td>\n<\/tr>\n<\/tbody>\n<\/table>\n<p><img decoding=\"async\" class=\"alignnone size-full wp-image-125113\" src=\"https:\/\/www.creaearredanegozi.it\/wp-content\/uploads\/2015\/07\/Friggitrici_comandielettromeccanici.jpg\" alt=\"\" width=\"100%\" height=\"auto\" title=\"\" srcset=\"https:\/\/www.creaearredanegozi.it\/wp-content\/uploads\/2015\/07\/Friggitrici_comandielettromeccanici.jpg 1448w, https:\/\/www.creaearredanegozi.it\/wp-content\/uploads\/2015\/07\/Friggitrici_comandielettromeccanici-516x730.jpg 516w, https:\/\/www.creaearredanegozi.it\/wp-content\/uploads\/2015\/07\/Friggitrici_comandielettromeccanici-64x91.jpg 64w, https:\/\/www.creaearredanegozi.it\/wp-content\/uploads\/2015\/07\/Friggitrici_comandielettromeccanici-283x400.jpg 283w, https:\/\/www.creaearredanegozi.it\/wp-content\/uploads\/2015\/07\/Friggitrici_comandielettromeccanici-566x800.jpg 566w, https:\/\/www.creaearredanegozi.it\/wp-content\/uploads\/2015\/07\/Friggitrici_comandielettromeccanici-768x1086.jpg 768w, https:\/\/www.creaearredanegozi.it\/wp-content\/uploads\/2015\/07\/Friggitrici_comandielettromeccanici-1086x1536.jpg 1086w\" sizes=\"(max-width: 1448px) 100vw, 1448px\" \/><\/p>","protected":false},"excerpt":{"rendered":"<p>Friggitrice professionale a gas GT 17 Elframo Solida struttura autoportante interamente in acciaio inox AISI 304 Vasca imbutita priva di saldature La vasca \u00e8 priva dei classici tubi contenenti i bruciatori, risultante priva di ostacoli per una pulizia pi\u00f9 agevole Bruciatori esterni alla vasca Accensione tramite piezoelettrico, non \u00e8 necessaria l\u2019alimentazione elettrica Termostato di temperatura [&#8230;]","protected":false},"featured_media":125112,"comment_status":"closed","ping_status":"closed","template":"","meta":{"_monsterinsights_skip_tracking":false,"_monsterinsights_sitenote_active":false,"_monsterinsights_sitenote_note":"","_monsterinsights_sitenote_category":0},"product_brand":[],"product_cat":[82,162,9,80,160,25],"product_tag":[240],"class_list":{"0":"post-3259","1":"product","2":"type-product","3":"status-publish","4":"has-post-thumbnail","6":"product_cat-a-gas","7":"product_cat-a-gas-friggitrici-ristorazione","8":"product_cat-attrezzature-pub","9":"product_cat-friggitrici","10":"product_cat-friggitrici-ristorazione","11":"product_cat-attrezzature-ristoranti-pub-cucine","12":"product_tag-friggitrici","13":"product_shipping_class-33","14":"pa_marca-karel","16":"first","17":"instock","18":"featured","19":"taxable","20":"shipping-taxable","21":"purchasable","22":"product-type-simple"},"_links":{"self":[{"href":"https:\/\/www.creaearredanegozi.it\/en\/wp-json\/wp\/v2\/product\/3259","targetHints":{"allow":["GET"]}}],"collection":[{"href":"https:\/\/www.creaearredanegozi.it\/en\/wp-json\/wp\/v2\/product"}],"about":[{"href":"https:\/\/www.creaearredanegozi.it\/en\/wp-json\/wp\/v2\/types\/product"}],"replies":[{"embeddable":true,"href":"https:\/\/www.creaearredanegozi.it\/en\/wp-json\/wp\/v2\/comments?post=3259"}],"wp:featuredmedia":[{"embeddable":true,"href":"https:\/\/www.creaearredanegozi.it\/en\/wp-json\/wp\/v2\/media\/125112"}],"wp:attachment":[{"href":"https:\/\/www.creaearredanegozi.it\/en\/wp-json\/wp\/v2\/media?parent=3259"}],"wp:term":[{"taxonomy":"product_brand","embeddable":true,"href":"https:\/\/www.creaearredanegozi.it\/en\/wp-json\/wp\/v2\/product_brand?post=3259"},{"taxonomy":"product_cat","embeddable":true,"href":"https:\/\/www.creaearredanegozi.it\/en\/wp-json\/wp\/v2\/product_cat?post=3259"},{"taxonomy":"product_tag","embeddable":true,"href":"https:\/\/www.creaearredanegozi.it\/en\/wp-json\/wp\/v2\/product_tag?post=3259"}],"curies":[{"name":"wp","href":"https:\/\/api.w.org\/{rel}","templated":true}]}}