{"id":3469,"date":"2015-07-10T09:34:56","date_gmt":"2015-07-10T07:34:56","guid":{"rendered":"https:\/\/www.creaearredanegozi.it\/?post_type=product&#038;p=3469"},"modified":"2023-10-12T20:23:01","modified_gmt":"2023-10-12T18:23:01","slug":"bancarella-brixen-filomarket","status":"publish","type":"product","link":"https:\/\/www.creaearredanegozi.it\/en\/bancarella-brixen-filomarket\/","title":{"rendered":"Brixen 120\u00d780 Filomarket Stall"},"content":{"rendered":"<p><strong>START THE EXPERIENCE: COMBINES WINNING EXHIBITION + SPACE DESIGN<\/strong><\/p>\n<p>Knowing how to display merchandise is essential to stimulate purchases. Creating a harmonious space is essential to improve the customer experience. This is the indispensable combination to succeed in sales, build customer loyalty and increase profitability.<\/p>\n<p><strong>Brixen:<\/strong> GDO stall, with feet or wheels<br \/>\n<em>Top of the line: elegant and sturdy <\/em><\/p>\n<hr \/>\n<p><strong>Technical Data<\/strong><\/p>\n<p>Bancarella su piedi<br \/>\nDimensioni: 1200 x 800 x 800 mm<br \/>\nCesto: 350 H<br \/>\nportata: 100 kg<br \/>\nCesto zincato, gambe zincate<\/p>\n<p style=\"text-align: right;\"><em>*Spedito Smontato<\/em><\/p>\n<hr \/>\n<p><img decoding=\"async\" class=\"alignnone size-full wp-image-125837 aligncenter\" src=\"https:\/\/www.creaearredanegozi.it\/wp-content\/uploads\/2015\/07\/CESTO-ESPOSITORE-SOVRALZI-PER-BANCARELLE.jpg\" alt=\"\" width=\"100%\" height=\"auto\" title=\"\" srcset=\"https:\/\/www.creaearredanegozi.it\/wp-content\/uploads\/2015\/07\/CESTO-ESPOSITORE-SOVRALZI-PER-BANCARELLE.jpg 800w, https:\/\/www.creaearredanegozi.it\/wp-content\/uploads\/2015\/07\/CESTO-ESPOSITORE-SOVRALZI-PER-BANCARELLE-516x310.jpg 516w, https:\/\/www.creaearredanegozi.it\/wp-content\/uploads\/2015\/07\/CESTO-ESPOSITORE-SOVRALZI-PER-BANCARELLE-64x38.jpg 64w, https:\/\/www.creaearredanegozi.it\/wp-content\/uploads\/2015\/07\/CESTO-ESPOSITORE-SOVRALZI-PER-BANCARELLE-667x400.jpg 667w, https:\/\/www.creaearredanegozi.it\/wp-content\/uploads\/2015\/07\/CESTO-ESPOSITORE-SOVRALZI-PER-BANCARELLE-768x461.jpg 768w\" sizes=\"(max-width: 800px) 100vw, 800px\" \/><\/p>","protected":false},"excerpt":{"rendered":"<p>START THE EXPERIENCE: COMBINA ESPOSIZIONE VINCENTE + SPACE DESIGN Saper esporre la merce \u00e8 essenziale per stimolare gli acquisti. Creare uno spazio armonioso \u00e8 essenziale per migliorare la customer experience. Questo \u00e8 il binomio indispensabile per avere successo nella vendita, fidelizzare la clientela ed incrementare la redditivit\u00e0. Brixen: Bancarella GDO, con piedi o ruote Top [&#8230;]","protected":false},"featured_media":3470,"comment_status":"closed","ping_status":"closed","template":"","meta":{"_monsterinsights_skip_tracking":false,"_monsterinsights_sitenote_active":false,"_monsterinsights_sitenote_note":"","_monsterinsights_sitenote_category":0},"product_brand":[772],"product_cat":[104],"product_tag":[],"class_list":{"0":"post-3469","1":"product","2":"type-product","3":"status-publish","4":"has-post-thumbnail","6":"product_brand-crea-e-arreda-negozi","7":"product_cat-cesteespositori","8":"product_shipping_class-32","9":"pa_marca-imola-filo","11":"first","12":"instock","13":"taxable","14":"shipping-taxable","15":"purchasable","16":"product-type-simple"},"_links":{"self":[{"href":"https:\/\/www.creaearredanegozi.it\/en\/wp-json\/wp\/v2\/product\/3469","targetHints":{"allow":["GET"]}}],"collection":[{"href":"https:\/\/www.creaearredanegozi.it\/en\/wp-json\/wp\/v2\/product"}],"about":[{"href":"https:\/\/www.creaearredanegozi.it\/en\/wp-json\/wp\/v2\/types\/product"}],"replies":[{"embeddable":true,"href":"https:\/\/www.creaearredanegozi.it\/en\/wp-json\/wp\/v2\/comments?post=3469"}],"wp:featuredmedia":[{"embeddable":true,"href":"https:\/\/www.creaearredanegozi.it\/en\/wp-json\/wp\/v2\/media\/3470"}],"wp:attachment":[{"href":"https:\/\/www.creaearredanegozi.it\/en\/wp-json\/wp\/v2\/media?parent=3469"}],"wp:term":[{"taxonomy":"product_brand","embeddable":true,"href":"https:\/\/www.creaearredanegozi.it\/en\/wp-json\/wp\/v2\/product_brand?post=3469"},{"taxonomy":"product_cat","embeddable":true,"href":"https:\/\/www.creaearredanegozi.it\/en\/wp-json\/wp\/v2\/product_cat?post=3469"},{"taxonomy":"product_tag","embeddable":true,"href":"https:\/\/www.creaearredanegozi.it\/en\/wp-json\/wp\/v2\/product_tag?post=3469"}],"curies":[{"name":"wp","href":"https:\/\/api.w.org\/{rel}","templated":true}]}}