{"id":7395,"date":"2016-08-11T11:59:53","date_gmt":"2016-08-11T09:59:53","guid":{"rendered":"https:\/\/www.creaearredanegozi.it\/shop\/attrezzature-ristoranti-pub-cucine\/macinacaffe\/macinadosatore-caffe-automatico-340w-1400-rpm\/"},"modified":"2023-07-03T19:50:19","modified_gmt":"2023-07-03T17:50:19","slug":"automatic-coffee-grinder-340w-1400-rpm","status":"publish","type":"product","link":"https:\/\/www.creaearredanegozi.it\/en\/automatic-coffee-grinder-340w-1400-rpm\/","title":{"rendered":"Automatic coffee grinder 340W 1400 RPM"},"content":{"rendered":"<p>The Coffee Grinder is a device used to turn coffee beans into powder to be then dispensed, in single-servings, into the group of the espresso machine. The amount dispensed can be adjusted. The grinds for cutting are made of tempered steel and are conical. We recommend grinding little coffee at a time as the bean, once broken, tends to lose some of its aroma and fragrance when in contact with air. Easy to use, it allows adjustment of the cut through the numbered ring nut located under the coffee feeding bell. An indispensable tool for making real \"Italian\" or \"espresso\" coffee in any bar, pub, piano bar, restaurant, hotel and community.<\/p>\n<ul>\n<li>Appliance for professional use<\/li>\n<li>Ideal for stores, bars, hotels<\/li>\n<li>Polished or painted aluminum frame<\/li>\n<li>Unbreakable plastic bells<\/li>\n<li>Manual adjustment at the bell<\/li>\n<li>Ground steel grinders<\/li>\n<li>Cutting thickness adjustment knob<\/li>\n<li>Bag stop<\/li>\n<li>Digital start button<\/li>\n<li><strong>Automatic<\/strong><\/li>\n<li>24 vol electronic board<\/li>\n<li>Coffee Dispenser (FMX)<\/li>\n<li>EC Standards<\/li>\n<li>Manufactured in Italy<\/li>\n<\/ul>\n<hr \/>\n<p><strong>Technical Data<\/strong><\/p>\n<hr \/>\n<p><strong>Power supply:<\/strong> 230\/50 Volts\/Hz<br \/>\n<strong>Power: <\/strong>340 watts<br \/>\n<strong>Grinding wheel size: <\/strong>\u00f8 65 mm<strong> <\/strong><br \/>\n<strong>Speed: <\/strong>1400 rpm<br \/>\n<strong>Hourly coffee\/pea production: <\/strong>3\/4 Kg<br \/>\n<strong>Net weight:<\/strong> 11.5 kg<br \/>\n<strong>Machine size: <\/strong>220x360x600 mm<br \/>\n<strong>Packaging dimensions:<\/strong> 440x300x700 mm<\/p>","protected":false},"excerpt":{"rendered":"<p>Il Macinacaff\u00e9 \u00e8 un apparecchio che serve a trasformare i chicchi di caff\u00e8 in polvere per essere poi erogati, in monodose, nel gruppo della macchina da caff\u00e8 per espresso. Si pu\u00f2 regolare il quantitativo erogato. Le macine per il taglio sono in acciaio temperato e coniche. Consigliamo di macinare poco caff\u00e8 alla volta in quanto [&#8230;]","protected":false},"featured_media":7391,"comment_status":"open","ping_status":"closed","template":"","meta":{"_monsterinsights_skip_tracking":false,"_monsterinsights_sitenote_active":false,"_monsterinsights_sitenote_note":"","_monsterinsights_sitenote_category":0},"product_brand":[],"product_cat":[170],"product_tag":[],"class_list":{"0":"post-7395","1":"product","2":"type-product","3":"status-publish","4":"has-post-thumbnail","6":"product_cat-macinacaffe","7":"product_shipping_class-f","9":"first","10":"instock","11":"taxable","12":"shipping-taxable","13":"purchasable","14":"product-type-simple"},"_links":{"self":[{"href":"https:\/\/www.creaearredanegozi.it\/en\/wp-json\/wp\/v2\/product\/7395","targetHints":{"allow":["GET"]}}],"collection":[{"href":"https:\/\/www.creaearredanegozi.it\/en\/wp-json\/wp\/v2\/product"}],"about":[{"href":"https:\/\/www.creaearredanegozi.it\/en\/wp-json\/wp\/v2\/types\/product"}],"replies":[{"embeddable":true,"href":"https:\/\/www.creaearredanegozi.it\/en\/wp-json\/wp\/v2\/comments?post=7395"}],"wp:featuredmedia":[{"embeddable":true,"href":"https:\/\/www.creaearredanegozi.it\/en\/wp-json\/wp\/v2\/media\/7391"}],"wp:attachment":[{"href":"https:\/\/www.creaearredanegozi.it\/en\/wp-json\/wp\/v2\/media?parent=7395"}],"wp:term":[{"taxonomy":"product_brand","embeddable":true,"href":"https:\/\/www.creaearredanegozi.it\/en\/wp-json\/wp\/v2\/product_brand?post=7395"},{"taxonomy":"product_cat","embeddable":true,"href":"https:\/\/www.creaearredanegozi.it\/en\/wp-json\/wp\/v2\/product_cat?post=7395"},{"taxonomy":"product_tag","embeddable":true,"href":"https:\/\/www.creaearredanegozi.it\/en\/wp-json\/wp\/v2\/product_tag?post=7395"}],"curies":[{"name":"wp","href":"https:\/\/api.w.org\/{rel}","templated":true}]}}