{"id":7906,"date":"2016-12-20T14:34:21","date_gmt":"2016-12-20T13:34:21","guid":{"rendered":"https:\/\/www.creaearredanegozi.it\/?post_type=product&#038;p=7906"},"modified":"2024-05-16T13:30:54","modified_gmt":"2024-05-16T11:30:54","slug":"professional-meat-grinder-grater-60mm-mouth-380-watt-tg8-fame","status":"publish","type":"product","link":"https:\/\/www.creaearredanegozi.it\/en\/professional-meat-grinder-grater-60mm-mouth-380-watt-tg8-fame\/","title":{"rendered":"Professional Meat Mincer Grater Mouth 60mm 380 Watt TG8 Fama"},"content":{"rendered":"<h3>Professional Meat Grinder + Grater Machine with Hourly Production 30 Kg Single Phase<\/h3>\n<p><strong>MEAT GRINDER GRATER TG 8 FAME<\/strong><\/p>\n<p><strong>Product Description:<\/strong><\/p>\n<p>Outstanding appliance professional use suitable for domestic and small community use. Beautiful and functional in spite of its small size, it is capable of mincing meat in the recommended quantities to make meat sauce, meatballs, Swiss, sausages. The grinding block is easily removable for thorough and easy cleaning. The stainless steel version can be washed in the dishwasher. The grater part is capable of processing grain, hard cheese, cookies, bread, dried fruits. The grater presser mounts a block that stops the operation of the appliance when it is opened beyond the safety threshold.<\/p>\n<ul>\n<li>Machinery for professional use<\/li>\n<li>Constructed of die-cast aluminum alloy<\/li>\n<li>AISI 304 stainless steel sheet on the motor body<\/li>\n<li>Helical gear reduction system in oil bath<\/li>\n<li>Asynchronous motor domestic production<\/li>\n<li>Thermal protection<\/li>\n<li>Meat Grinding Unit: Aluminum \/ Stainless Steel<\/li>\n<li>Stainless steel self-sharpening dies as standard<\/li>\n<li>Stainless steel hopper and product collection plate<\/li>\n<li>Steel roller with electroless nikel plating treatment<\/li>\n<li>Optional AISI 304 stainless steel roller<\/li>\n<li>Stainless steel cheese bowl<\/li>\n<li>Protective grating at the outlet grating mouth stainless steel<\/li>\n<li>Micro protection at the grater<\/li>\n<li>ABS Pestle<\/li>\n<li>24-volt controls<\/li>\n<li>EC Standards<\/li>\n<li>Manufactured in Italy<\/li>\n<\/ul>\n<p>Features<\/p>\n<ul>\n<li>Aluminum grinding unit.<\/li>\n<li>Outlet port \u00d8 60 mm.<\/li>\n<li>Meat insertion mouth \u00d8 52 mm.<\/li>\n<li>Punched roller grater 110\u00d760 mm.<\/li>\n<li>Equipped with thermal protection (CE version only).<\/li>\n<li>Plate supplied as standard 6 mm hole.<\/li>\n<\/ul>\n<p>Optional:<\/p>\n<ul>\n<li>Stainless steel grinding unit<\/li>\n<li>Supplement for stainless steel roller.<\/li>\n<\/ul>\n<table style=\"border-collapse: collapse; width: 100%; height: 315px;\">\n<tbody>\n<tr style=\"height: 21px;\">\n<td style=\"width: 50%; height: 21px;\"><strong>Technical Characteristics<\/strong><\/td>\n<td style=\"width: 50%; height: 21px;\"><strong>Meat Mincer Grater TG8<\/strong><\/td>\n<\/tr>\n<tr style=\"height: 21px;\">\n<td style=\"width: 50%; height: 21px;\">Power supply Volt\/Hz<\/td>\n<td style=\"width: 50%; height: 21px;\">230\/50<\/td>\n<\/tr>\n<tr style=\"height: 21px;\">\n<td style=\"width: 50%; height: 21px;\">Power Kwatt\/(Hp)<\/td>\n<td style=\"width: 50%; height: 21px;\">0,38 (0,50)<\/td>\n<\/tr>\n<tr style=\"height: 21px;\">\n<td style=\"width: 50%; height: 21px;\">Rotations\/m grater (RPM)<\/td>\n<td style=\"width: 50%; height: 21px;\">1400<\/td>\n<\/tr>\n<tr style=\"height: 21px;\">\n<td style=\"width: 50%; height: 21px;\">Revolutions\/m mincer (RPM)<\/td>\n<td style=\"width: 50%; height: 21px;\">80<\/td>\n<\/tr>\n<tr style=\"height: 21px;\">\n<td style=\"width: 50%; height: 21px;\">Grinding groups<\/td>\n<td style=\"width: 50%; height: 21px;\">stainless steel \/ aluminum<\/td>\n<\/tr>\n<tr style=\"height: 21px;\">\n<td style=\"width: 50%; height: 21px;\">Plate supplied (mm)<\/td>\n<td style=\"width: 50%; height: 21px;\">\u00f86<\/td>\n<\/tr>\n<tr style=\"height: 21px;\">\n<td style=\"width: 50%; height: 21px;\">Grater mouth (mm)<\/td>\n<td style=\"width: 50%; height: 21px;\">110&#215;65<\/td>\n<\/tr>\n<tr style=\"height: 21px;\">\n<td style=\"width: 50%; height: 21px;\">Mincer outlet (mm)<\/td>\n<td style=\"width: 50%; height: 21px;\">\u00f860<\/td>\n<\/tr>\n<tr style=\"height: 21px;\">\n<td style=\"width: 50%; height: 21px;\">Hourly grater production (kg)<\/td>\n<td style=\"width: 50%; height: 21px;\">30<\/td>\n<\/tr>\n<tr style=\"height: 21px;\">\n<td style=\"width: 50%; height: 21px;\">Hourly production mincer (kg)<\/td>\n<td style=\"width: 50%; height: 21px;\">15<\/td>\n<\/tr>\n<tr style=\"height: 21px;\">\n<td style=\"width: 50%; height: 21px;\">Single phase net weight (kg)<\/td>\n<td style=\"width: 50%; height: 21px;\">10<\/td>\n<\/tr>\n<tr style=\"height: 21px;\">\n<td style=\"width: 50%; height: 21px;\">Single phase gross weight (Kg)<\/td>\n<td style=\"width: 50%; height: 21px;\">11<\/td>\n<\/tr>\n<tr style=\"height: 21px;\">\n<td style=\"width: 50%; height: 21px;\">Dimensions (mm)<\/td>\n<td style=\"width: 50%; height: 21px;\">B. 260 D. 380 H. 360<\/td>\n<\/tr>\n<tr style=\"height: 21px;\">\n<td style=\"width: 50%; height: 21px;\">Packing size (mm)<\/td>\n<td style=\"width: 50%; height: 21px;\">B. 300 D. 390 H. 370<\/td>\n<\/tr>\n<\/tbody>\n<\/table>\n<p>&nbsp;<\/p>\n<p>&nbsp;<\/p>","protected":false},"excerpt":{"rendered":"<p>Macchina Professionale Tritacarne + Grattugia con Produzione Oraria 30 Kg Monofase TRITACARNE GRATTUGIA TG 8 FAMA Descrizione prodotto: Eccezionale apparecchio uso professionale indicato per usi domestici e piccole comunit\u00e0. Bello e funzionale nonostante le ridotte dimensioni, \u00e8 in grado di tritare carne nelle quantit\u00e0 consigliate, per ottenere rag\u00f9, polpette, svizzere, insaccati. Il blocco macinazione \u00e8 [&#8230;]","protected":false},"featured_media":127886,"comment_status":"closed","ping_status":"closed","template":"","meta":{"_monsterinsights_skip_tracking":false,"_monsterinsights_sitenote_active":false,"_monsterinsights_sitenote_note":"","_monsterinsights_sitenote_category":0},"product_brand":[704],"product_cat":[49,56,183],"product_tag":[],"class_list":{"0":"post-7906","1":"product","2":"type-product","3":"status-publish","4":"has-post-thumbnail","6":"product_brand-fama","7":"product_cat-tritacarne","8":"product_cat-grattugie","9":"product_cat-tritacarne-ristorazione","10":"product_shipping_class-215","11":"pa_marca-fama","13":"first","14":"instock","15":"taxable","16":"shipping-taxable","17":"purchasable","18":"product-type-variable"},"_links":{"self":[{"href":"https:\/\/www.creaearredanegozi.it\/en\/wp-json\/wp\/v2\/product\/7906","targetHints":{"allow":["GET"]}}],"collection":[{"href":"https:\/\/www.creaearredanegozi.it\/en\/wp-json\/wp\/v2\/product"}],"about":[{"href":"https:\/\/www.creaearredanegozi.it\/en\/wp-json\/wp\/v2\/types\/product"}],"replies":[{"embeddable":true,"href":"https:\/\/www.creaearredanegozi.it\/en\/wp-json\/wp\/v2\/comments?post=7906"}],"wp:featuredmedia":[{"embeddable":true,"href":"https:\/\/www.creaearredanegozi.it\/en\/wp-json\/wp\/v2\/media\/127886"}],"wp:attachment":[{"href":"https:\/\/www.creaearredanegozi.it\/en\/wp-json\/wp\/v2\/media?parent=7906"}],"wp:term":[{"taxonomy":"product_brand","embeddable":true,"href":"https:\/\/www.creaearredanegozi.it\/en\/wp-json\/wp\/v2\/product_brand?post=7906"},{"taxonomy":"product_cat","embeddable":true,"href":"https:\/\/www.creaearredanegozi.it\/en\/wp-json\/wp\/v2\/product_cat?post=7906"},{"taxonomy":"product_tag","embeddable":true,"href":"https:\/\/www.creaearredanegozi.it\/en\/wp-json\/wp\/v2\/product_tag?post=7906"}],"curies":[{"name":"wp","href":"https:\/\/api.w.org\/{rel}","templated":true}]}}