{"id":958,"date":"2015-03-19T19:41:22","date_gmt":"2015-03-19T18:41:22","guid":{"rendered":"http:\/\/52.11.64.91\/?post_type=product&#038;p=958"},"modified":"2025-05-27T13:35:15","modified_gmt":"2025-05-27T11:35:15","slug":"brixen-120x60-stall-with-wheels-filomarket","status":"publish","type":"product","link":"https:\/\/www.creaearredanegozi.it\/en\/brixen-120x60-stall-with-wheels-filomarket\/","title":{"rendered":"Brixen 120\u00d760 wire stall with wheels Filomarket"},"content":{"rendered":"<h2>Wire stall with wheels<\/h2>\n<p><strong>START THE EXPERIENCE: COMBINES WINNING EXHIBITION + SPACE DESIGN<\/strong><\/p>\n<p>Knowing how to display merchandise is essential to stimulate purchases. Creating a harmonious space is essential to improve the customer experience. This is the indispensable combination to succeed in sales, build customer loyalty and increase profitability.<\/p>\n<p><strong>Brixen:<\/strong> GDO stall, with feet or wheels<br \/>\n<em>Top of the line: elegant and sturdy <\/em><\/p>\n<hr \/>\n<p><strong>Technical Data<\/strong><\/p>\n<p>Dimensions: 1200 x 600 x 800 mm<br \/>\nWheels: \u00d8 100 mm pivoting (2 with brake)<br \/>\nBasket: H 350 mm<br \/>\nCapacity: 100 kg<br \/>\nFinish: Galvanized basket, galvanized legs<\/p>\n<p>Kit 4 wheels (2 with brake) diameter 80 mm included<\/p>","protected":false},"excerpt":{"rendered":"<p>Bancarella in filo metallico con ruote START THE EXPERIENCE: COMBINA ESPOSIZIONE VINCENTE + SPACE DESIGN Saper esporre la merce \u00e8 essenziale per stimolare gli acquisti. Creare uno spazio armonioso \u00e8 essenziale per migliorare la customer experience. Questo \u00e8 il binomio indispensabile per avere successo nella vendita, fidelizzare la clientela ed incrementare la redditivit\u00e0. Brixen: Bancarella [&#8230;]","protected":false},"featured_media":3470,"comment_status":"closed","ping_status":"closed","template":"","meta":{"_monsterinsights_skip_tracking":false,"_monsterinsights_sitenote_active":false,"_monsterinsights_sitenote_note":"","_monsterinsights_sitenote_category":0},"product_brand":[],"product_cat":[104,29],"product_tag":[],"class_list":{"0":"post-958","1":"product","2":"type-product","3":"status-publish","4":"has-post-thumbnail","6":"product_cat-cesteespositori","7":"product_cat-cesteria-e-carrelli","8":"product_shipping_class-32","10":"first","11":"instock","12":"taxable","13":"shipping-taxable","14":"purchasable","15":"product-type-simple"},"_links":{"self":[{"href":"https:\/\/www.creaearredanegozi.it\/en\/wp-json\/wp\/v2\/product\/958","targetHints":{"allow":["GET"]}}],"collection":[{"href":"https:\/\/www.creaearredanegozi.it\/en\/wp-json\/wp\/v2\/product"}],"about":[{"href":"https:\/\/www.creaearredanegozi.it\/en\/wp-json\/wp\/v2\/types\/product"}],"replies":[{"embeddable":true,"href":"https:\/\/www.creaearredanegozi.it\/en\/wp-json\/wp\/v2\/comments?post=958"}],"wp:featuredmedia":[{"embeddable":true,"href":"https:\/\/www.creaearredanegozi.it\/en\/wp-json\/wp\/v2\/media\/3470"}],"wp:attachment":[{"href":"https:\/\/www.creaearredanegozi.it\/en\/wp-json\/wp\/v2\/media?parent=958"}],"wp:term":[{"taxonomy":"product_brand","embeddable":true,"href":"https:\/\/www.creaearredanegozi.it\/en\/wp-json\/wp\/v2\/product_brand?post=958"},{"taxonomy":"product_cat","embeddable":true,"href":"https:\/\/www.creaearredanegozi.it\/en\/wp-json\/wp\/v2\/product_cat?post=958"},{"taxonomy":"product_tag","embeddable":true,"href":"https:\/\/www.creaearredanegozi.it\/en\/wp-json\/wp\/v2\/product_tag?post=958"}],"curies":[{"name":"wp","href":"https:\/\/api.w.org\/{rel}","templated":true}]}}